{"id":2,"date":"2011-11-17T15:48:00","date_gmt":"2011-11-17T15:48:00","guid":{"rendered":"https:\/\/kylat.ekarjala.fi\/janky\/?page_id=2"},"modified":"2015-02-20T11:19:23","modified_gmt":"2015-02-20T11:19:23","slug":"esimerkkisivu","status":"publish","type":"page","link":"https:\/\/kylat.ekarjala.fi\/janky\/esimerkkisivu\/","title":{"rendered":"Historiaa"},"content":{"rendered":"<p><strong>J\u00c4NGYNJ\u00c4RVI JA -RANTA<\/strong><\/p>\n<p>J\u00e4rvi on muodostunut aikanaan osaksi Saimaan lasku-uomaa. Muinais-Saimaan vedet puhkaisivat lasku-uoman nykyisen J\u00e4ngynj\u00e4rven vesist\u00f6n kautta Kivij\u00e4rveen vuosituhansia sitten. Nykyisten tutkimusten valossa n\u00e4ytt\u00e4\u00e4 silt\u00e4, ett\u00e4 vedet virtasivat K\u00e4renlammen kautta kauan viel\u00e4 senkin j\u00e4lkeen, kun Vuoksen puhkeaminen uudeksi lasku-uomaksi tapahtui.<\/p>\n<p>J\u00e4ngynranta on muodostanut otollisen ymp\u00e4rist\u00f6n jo muinaiselle asutukselle, josta alueella onkin useita merkkej\u00e4. K\u00e4renlammen <em>Saksanniemell\u00e4<\/em>\u00a0ollut kivikautinen asuinpaikka lienee ollut k\u00e4yt\u00f6ss\u00e4 silloin, kun vesi virtasi K\u00e4renl\u00e4mmen-J\u00e4ngynj\u00e4rven reitti\u00e4 Kivij\u00e4rveen.\u00a0J\u00e4nky nimi on historiantutkijoiden mukaan lappalaista perua ja osoitus siit\u00e4, ett\u00e4 alueella on ollut lappalaisasutusta. Vuodelta 1558 per\u00e4sin olevassa kyl\u00e4luettelossa on Lappeen pit\u00e4j\u00e4ss\u00e4 kyl\u00e4 nimelt\u00e4 Jengi. Se tarkoittaa J\u00e4nky\u00e4. Paikannimist\u00f6\u00e4 ja sukunimi\u00e4 vertailtaessa n\u00e4ytt\u00e4isi silt\u00e4, ett\u00e4 p\u00e4\u00e4osa J\u00e4ngynj\u00e4rven kylien ensimm\u00e4isist\u00e4 pysyvist\u00e4 asukkaista on saapunut etel\u00e4st\u00e4 Suomenlahden rannikon seuduilta. L\u00e4hinn\u00e4 S\u00e4kkij\u00e4rvi ja Karjalan kannas n\u00e4ytt\u00e4isiv\u00e4t olevan asuttajien edellisi\u00e4 asuinpaikkoja.<\/p>\n<p>Nykyisin J\u00e4ngyn kyl\u00e4toimikunnan alueen kyliss\u00e4 on noin 100 taloutta. Perinteinen maatilatalous on saanut v\u00e4isty\u00e4 palkkaty\u00f6n tielt\u00e4, tai j\u00e4\u00e4d\u00e4 sivuelinkeinoksi. Aleen kyliss\u00e4 on vain kaksi lypsykarjatilaa.<\/p>\n<p>Alue kokonaisuutena, vesist\u00f6ineen ja ulkoilumahdollisuuksineen muodostaa loistavan asuinymp\u00e4rist\u00f6n. Kuutostien korjaus tuo kaupungin palvelut viel\u00e4 &#8221;l\u00e4hemm\u00e4ksi&#8221; asukkaita.<\/p>\n<p>L\u00e4hdeaineisto: J\u00e4ljet J\u00e4ngynrannalla kyl\u00e4kirja. Toimittanut Tapio T\u00f6rm\u00e4<\/p>\n<p>Kirjaa voi ostaa Jaakko Meroselta puh. 040-564 9380<\/p>\n<p>&nbsp;<\/p>\n<table cellspacing=\"0\">\n<tbody>\n<tr>\n<td colspan=\"2\"><\/td>\n<\/tr>\n<\/tbody>\n<\/table>\n","protected":false},"excerpt":{"rendered":"<p>J\u00c4NGYNJ\u00c4RVI JA -RANTA J\u00e4rvi on muodostunut aikanaan osaksi Saimaan lasku-uomaa. Muinais-Saimaan vedet puhkaisivat lasku-uoman nykyisen J\u00e4ngynj\u00e4rven vesist\u00f6n kautta Kivij\u00e4rveen vuosituhansia sitten. Nykyisten tutkimusten valossa n\u00e4ytt\u00e4\u00e4 silt\u00e4, ett\u00e4 vedet virtasivat K\u00e4renlammen kautta kauan viel\u00e4 senkin j\u00e4lkeen, kun Vuoksen puhkeaminen uudeksi lasku-uomaksi &hellip; <a href=\"https:\/\/kylat.ekarjala.fi\/janky\/esimerkkisivu\/\">Lue loppuun <span class=\"meta-nav\">&rarr;<\/span><\/a><\/p>\n","protected":false},"author":83,"featured_media":0,"parent":0,"menu_order":0,"comment_status":"closed","ping_status":"closed","template":"","meta":{"footnotes":""},"class_list":["post-2","page","type-page","status-publish","hentry"],"_links":{"self":[{"href":"https:\/\/kylat.ekarjala.fi\/janky\/wp-json\/wp\/v2\/pages\/2","targetHints":{"allow":["GET"]}}],"collection":[{"href":"https:\/\/kylat.ekarjala.fi\/janky\/wp-json\/wp\/v2\/pages"}],"about":[{"href":"https:\/\/kylat.ekarjala.fi\/janky\/wp-json\/wp\/v2\/types\/page"}],"author":[{"embeddable":true,"href":"https:\/\/kylat.ekarjala.fi\/janky\/wp-json\/wp\/v2\/users\/83"}],"replies":[{"embeddable":true,"href":"https:\/\/kylat.ekarjala.fi\/janky\/wp-json\/wp\/v2\/comments?post=2"}],"version-history":[{"count":8,"href":"https:\/\/kylat.ekarjala.fi\/janky\/wp-json\/wp\/v2\/pages\/2\/revisions"}],"predecessor-version":[{"id":627,"href":"https:\/\/kylat.ekarjala.fi\/janky\/wp-json\/wp\/v2\/pages\/2\/revisions\/627"}],"wp:attachment":[{"href":"https:\/\/kylat.ekarjala.fi\/janky\/wp-json\/wp\/v2\/media?parent=2"}],"curies":[{"name":"wp","href":"https:\/\/api.w.org\/{rel}","templated":true}]}}