{"id":31,"date":"2011-11-29T16:54:20","date_gmt":"2011-11-29T16:54:20","guid":{"rendered":"https:\/\/kylat.ekarjala.fi\/janky\/?page_id=31"},"modified":"2015-02-20T11:19:39","modified_gmt":"2015-02-20T11:19:39","slug":"varis-lavolan-lossi","status":"publish","type":"page","link":"https:\/\/kylat.ekarjala.fi\/janky\/esimerkkisivu\/varis-lavolan-lossi\/","title":{"rendered":"Varis-Lavolan lossi"},"content":{"rendered":"<div id=\"attachment_77\" style=\"width: 481px\" class=\"wp-caption aligncenter\"><a href=\"https:\/\/kylat.ekarjala.fi\/janky\/wp-content\/uploads\/sites\/37\/2011\/11\/varis-lavolan-lossi.jpg\"><img loading=\"lazy\" decoding=\"async\" aria-describedby=\"caption-attachment-77\" class=\"size-full wp-image-77\" src=\"https:\/\/kylat.ekarjala.fi\/janky\/wp-content\/uploads\/sites\/37\/2011\/11\/varis-lavolan-lossi.jpg\" alt=\"\" width=\"471\" height=\"600\" \/><\/a><p id=\"caption-attachment-77\" class=\"wp-caption-text\">J\u00e4ngyn kulkuyhteyksi\u00e4 on parannettu jo vuosikymmeni\u00e4 sitten<\/p><\/div>\n","protected":false},"excerpt":{"rendered":"","protected":false},"author":83,"featured_media":0,"parent":2,"menu_order":0,"comment_status":"closed","ping_status":"closed","template":"","meta":{"footnotes":""},"class_list":["post-31","page","type-page","status-publish","hentry"],"_links":{"self":[{"href":"https:\/\/kylat.ekarjala.fi\/janky\/wp-json\/wp\/v2\/pages\/31","targetHints":{"allow":["GET"]}}],"collection":[{"href":"https:\/\/kylat.ekarjala.fi\/janky\/wp-json\/wp\/v2\/pages"}],"about":[{"href":"https:\/\/kylat.ekarjala.fi\/janky\/wp-json\/wp\/v2\/types\/page"}],"author":[{"embeddable":true,"href":"https:\/\/kylat.ekarjala.fi\/janky\/wp-json\/wp\/v2\/users\/83"}],"replies":[{"embeddable":true,"href":"https:\/\/kylat.ekarjala.fi\/janky\/wp-json\/wp\/v2\/comments?post=31"}],"version-history":[{"count":6,"href":"https:\/\/kylat.ekarjala.fi\/janky\/wp-json\/wp\/v2\/pages\/31\/revisions"}],"predecessor-version":[{"id":74,"href":"https:\/\/kylat.ekarjala.fi\/janky\/wp-json\/wp\/v2\/pages\/31\/revisions\/74"}],"up":[{"embeddable":true,"href":"https:\/\/kylat.ekarjala.fi\/janky\/wp-json\/wp\/v2\/pages\/2"}],"wp:attachment":[{"href":"https:\/\/kylat.ekarjala.fi\/janky\/wp-json\/wp\/v2\/media?parent=31"}],"curies":[{"name":"wp","href":"https:\/\/api.w.org\/{rel}","templated":true}]}}