{"id":338,"date":"2012-04-01T14:09:29","date_gmt":"2012-04-01T14:09:29","guid":{"rendered":"https:\/\/kylat.ekarjala.fi\/janky\/?page_id=338"},"modified":"2017-05-08T10:49:48","modified_gmt":"2017-05-08T10:49:48","slug":"kylakirja","status":"publish","type":"page","link":"https:\/\/kylat.ekarjala.fi\/janky\/kylakirja\/","title":{"rendered":"Kyl\u00e4kirja"},"content":{"rendered":"<p><strong>J\u00e4ljet J\u00e4ngyn rannalla<\/strong> -kyl\u00e4kirjaa on saatavana hintaan 35 \u20ac + mahdolliset toimituskulut. Kirjan myynti\u00e4 hoitaa Jaakko Meronen, Reijuksentie 3,\u00a0 53850 Lpr<br \/>\npuh. 040 564 9380.<\/p>\n<p>Otteita sis\u00e4llysluettelosta: J\u00e4ngynranta ja -j\u00e4rvi, Kyl\u00e4\u00e4, Asutushistoriaa, Esihistoriaa, Kulkureitit, Kyl\u00e4t ja asukkaat 1500-luvulla, El\u00e4m\u00e4\u00e4 ja tapahtumia, Muistelmia kylien el\u00e4m\u00e4st\u00e4, Sotien j\u00e4ljet ja Uitto.<br \/>\nKirjan on toimittanut Tapio T\u00f6rm\u00e4. 211 s.<\/p>\n<p>&nbsp;<\/p>\n","protected":false},"excerpt":{"rendered":"<p>J\u00e4ljet J\u00e4ngyn rannalla -kyl\u00e4kirjaa on saatavana hintaan 35 \u20ac + mahdolliset toimituskulut. Kirjan myynti\u00e4 hoitaa Jaakko Meronen, Reijuksentie 3,\u00a0 53850 Lpr puh. 040 564 9380. Otteita sis\u00e4llysluettelosta: J\u00e4ngynranta ja -j\u00e4rvi, Kyl\u00e4\u00e4, Asutushistoriaa, Esihistoriaa, Kulkureitit, Kyl\u00e4t ja asukkaat 1500-luvulla, El\u00e4m\u00e4\u00e4 ja &hellip; <a href=\"https:\/\/kylat.ekarjala.fi\/janky\/kylakirja\/\">Lue loppuun <span class=\"meta-nav\">&rarr;<\/span><\/a><\/p>\n","protected":false},"author":83,"featured_media":0,"parent":0,"menu_order":1,"comment_status":"closed","ping_status":"closed","template":"","meta":{"footnotes":""},"class_list":["post-338","page","type-page","status-publish","hentry"],"_links":{"self":[{"href":"https:\/\/kylat.ekarjala.fi\/janky\/wp-json\/wp\/v2\/pages\/338","targetHints":{"allow":["GET"]}}],"collection":[{"href":"https:\/\/kylat.ekarjala.fi\/janky\/wp-json\/wp\/v2\/pages"}],"about":[{"href":"https:\/\/kylat.ekarjala.fi\/janky\/wp-json\/wp\/v2\/types\/page"}],"author":[{"embeddable":true,"href":"https:\/\/kylat.ekarjala.fi\/janky\/wp-json\/wp\/v2\/users\/83"}],"replies":[{"embeddable":true,"href":"https:\/\/kylat.ekarjala.fi\/janky\/wp-json\/wp\/v2\/comments?post=338"}],"version-history":[{"count":12,"href":"https:\/\/kylat.ekarjala.fi\/janky\/wp-json\/wp\/v2\/pages\/338\/revisions"}],"predecessor-version":[{"id":667,"href":"https:\/\/kylat.ekarjala.fi\/janky\/wp-json\/wp\/v2\/pages\/338\/revisions\/667"}],"wp:attachment":[{"href":"https:\/\/kylat.ekarjala.fi\/janky\/wp-json\/wp\/v2\/media?parent=338"}],"curies":[{"name":"wp","href":"https:\/\/api.w.org\/{rel}","templated":true}]}}