{"id":34,"date":"2012-01-05T11:01:31","date_gmt":"2012-01-05T11:01:31","guid":{"rendered":"https:\/\/kylat.ekarjala.fi\/janky\/?page_id=34"},"modified":"2017-05-08T12:21:25","modified_gmt":"2017-05-08T12:21:25","slug":"uitto","status":"publish","type":"page","link":"https:\/\/kylat.ekarjala.fi\/janky\/esimerkkisivu\/uitto\/","title":{"rendered":"Uittoty\u00f6t J\u00e4ngyll\u00e4"},"content":{"rendered":"<p>Uittoty\u00f6t J\u00e4ngyll\u00e4 alkoivat jo vuonna 1890. Tukki ui Saimaalta Kivij\u00e4rvelle, ja siit\u00e4 eteenp\u00e4in noin 110 km matkan Valkealan reitti\u00e4 Kymijokeen. Esimm\u00e4isen\u00e4 vuonna uitettiin 33 792 ja jo seuraavana vuonna 1891 yli 100 000 tukkia. Uitot loppuivat vuonna 1963. Uitto on on ollut suuri ty\u00f6llist\u00e4j\u00e4 alueella, Suomen Kuvalehden mukaan vuonna 1952 uittot\u00f6iss\u00e4 oli 333 ty\u00f6l\u00e4ist\u00e4. Tukkeja kulki\u00a0 koko aikana noin puolitoista miljoonaa.<\/p>\n<p>Uittojen historiasta J\u00e4ngyll\u00e4 lis\u00e4tietoja mm. Mattila, Hilkka (2010) H\u00f6yryjen matkassa. Kuvitar.<\/p>\n<div id=\"attachment_171\" style=\"width: 510px\" class=\"wp-caption aligncenter\"><a href=\"https:\/\/kylat.ekarjala.fi\/janky\/wp-content\/uploads\/sites\/37\/2011\/11\/Kuva61.jpg\"><img loading=\"lazy\" decoding=\"async\" aria-describedby=\"caption-attachment-171\" class=\"wp-image-171\" src=\"https:\/\/kylat.ekarjala.fi\/janky\/wp-content\/uploads\/sites\/37\/2011\/11\/Kuva61.jpg\" alt=\"\" width=\"500\" height=\"340\" \/><\/a><p id=\"caption-attachment-171\" class=\"wp-caption-text\">Myllylammen ylivientilaitos 1900-luvulla<\/p><\/div>\n<div id=\"attachment_188\" style=\"width: 510px\" class=\"wp-caption alignnone\"><a href=\"https:\/\/kylat.ekarjala.fi\/janky\/wp-content\/uploads\/sites\/37\/2011\/11\/Kuva10.jpg\"><img loading=\"lazy\" decoding=\"async\" aria-describedby=\"caption-attachment-188\" class=\"wp-image-188\" src=\"https:\/\/kylat.ekarjala.fi\/janky\/wp-content\/uploads\/sites\/37\/2011\/11\/Kuva10.jpg\" alt=\"\" width=\"500\" height=\"346\" \/><\/a><p id=\"caption-attachment-188\" class=\"wp-caption-text\">Uusi ylivientilaitos (valm. 1935) Myllylammelta p\u00e4in<\/p><\/div>\n<div id=\"attachment_149\" style=\"width: 510px\" class=\"wp-caption aligncenter\"><a href=\"https:\/\/kylat.ekarjala.fi\/janky\/wp-content\/uploads\/sites\/37\/2011\/11\/Kuva13.jpg\"><img loading=\"lazy\" decoding=\"async\" aria-describedby=\"caption-attachment-149\" class=\"wp-image-149\" src=\"https:\/\/kylat.ekarjala.fi\/janky\/wp-content\/uploads\/sites\/37\/2011\/11\/Kuva13.jpg\" alt=\"\" width=\"500\" height=\"319\" \/><\/a><p id=\"caption-attachment-149\" class=\"wp-caption-text\">Tukkeja pitk\u00e4n r\u00e4nnin yl\u00e4suussa. Kuva ilmeisesti 1950-luvulta.<\/p><\/div>\n<div id=\"attachment_155\" style=\"width: 510px\" class=\"wp-caption alignnone\"><a href=\"https:\/\/kylat.ekarjala.fi\/janky\/wp-content\/uploads\/sites\/37\/2011\/11\/Kuva4.png\"><img loading=\"lazy\" decoding=\"async\" aria-describedby=\"caption-attachment-155\" class=\"wp-image-155\" src=\"https:\/\/kylat.ekarjala.fi\/janky\/wp-content\/uploads\/sites\/37\/2011\/11\/Kuva4.png\" alt=\"\" width=\"500\" height=\"504\" \/><\/a><p id=\"caption-attachment-155\" class=\"wp-caption-text\">Kippari Ilmari Laurikainen saksan koneen \u00e4\u00e4rell\u00e4, vierell\u00e4 pomo Ferdinant Hytti.<\/p><\/div>\n<div id=\"attachment_191\" style=\"width: 510px\" class=\"wp-caption alignnone\"><a href=\"https:\/\/kylat.ekarjala.fi\/janky\/wp-content\/uploads\/sites\/37\/2011\/11\/Kuva111.jpg\"><img loading=\"lazy\" decoding=\"async\" aria-describedby=\"caption-attachment-191\" class=\"wp-image-191\" src=\"https:\/\/kylat.ekarjala.fi\/janky\/wp-content\/uploads\/sites\/37\/2011\/11\/Kuva111.jpg\" alt=\"\" width=\"500\" height=\"324\" \/><\/a><p id=\"caption-attachment-191\" class=\"wp-caption-text\">Ty\u00f6v\u00e4ke\u00e4 Myllylammella 1930-1940-luvuilla<\/p><\/div>\n<div id=\"attachment_164\" style=\"width: 510px\" class=\"wp-caption alignnone\"><a href=\"https:\/\/kylat.ekarjala.fi\/janky\/wp-content\/uploads\/sites\/37\/2011\/11\/Kuva8.jpg\"><img loading=\"lazy\" decoding=\"async\" aria-describedby=\"caption-attachment-164\" class=\"wp-image-164\" src=\"https:\/\/kylat.ekarjala.fi\/janky\/wp-content\/uploads\/sites\/37\/2011\/11\/Kuva8.jpg\" alt=\"\" width=\"500\" height=\"317\" \/><\/a><p id=\"caption-attachment-164\" class=\"wp-caption-text\">Pitk\u00e4nr\u00e4nnin yl\u00e4suussa 1950-luvulla<\/p><\/div>\n<p>&nbsp;<\/p>\n<p>&nbsp;<\/p>\n","protected":false},"excerpt":{"rendered":"<p>Uittoty\u00f6t J\u00e4ngyll\u00e4 alkoivat jo vuonna 1890. Tukki ui Saimaalta Kivij\u00e4rvelle, ja siit\u00e4 eteenp\u00e4in noin 110 km matkan Valkealan reitti\u00e4 Kymijokeen. Esimm\u00e4isen\u00e4 vuonna uitettiin 33 792 ja jo seuraavana vuonna 1891 yli 100 000 tukkia. Uitot loppuivat vuonna 1963. Uitto on &hellip; <a href=\"https:\/\/kylat.ekarjala.fi\/janky\/esimerkkisivu\/uitto\/\">Lue loppuun <span class=\"meta-nav\">&rarr;<\/span><\/a><\/p>\n","protected":false},"author":83,"featured_media":0,"parent":2,"menu_order":0,"comment_status":"closed","ping_status":"closed","template":"","meta":{"footnotes":""},"class_list":["post-34","page","type-page","status-publish","hentry"],"_links":{"self":[{"href":"https:\/\/kylat.ekarjala.fi\/janky\/wp-json\/wp\/v2\/pages\/34","targetHints":{"allow":["GET"]}}],"collection":[{"href":"https:\/\/kylat.ekarjala.fi\/janky\/wp-json\/wp\/v2\/pages"}],"about":[{"href":"https:\/\/kylat.ekarjala.fi\/janky\/wp-json\/wp\/v2\/types\/page"}],"author":[{"embeddable":true,"href":"https:\/\/kylat.ekarjala.fi\/janky\/wp-json\/wp\/v2\/users\/83"}],"replies":[{"embeddable":true,"href":"https:\/\/kylat.ekarjala.fi\/janky\/wp-json\/wp\/v2\/comments?post=34"}],"version-history":[{"count":43,"href":"https:\/\/kylat.ekarjala.fi\/janky\/wp-json\/wp\/v2\/pages\/34\/revisions"}],"predecessor-version":[{"id":673,"href":"https:\/\/kylat.ekarjala.fi\/janky\/wp-json\/wp\/v2\/pages\/34\/revisions\/673"}],"up":[{"embeddable":true,"href":"https:\/\/kylat.ekarjala.fi\/janky\/wp-json\/wp\/v2\/pages\/2"}],"wp:attachment":[{"href":"https:\/\/kylat.ekarjala.fi\/janky\/wp-json\/wp\/v2\/media?parent=34"}],"curies":[{"name":"wp","href":"https:\/\/api.w.org\/{rel}","templated":true}]}}