{"id":36,"date":"2011-11-29T16:58:43","date_gmt":"2011-11-29T16:58:43","guid":{"rendered":"https:\/\/kylat.ekarjala.fi\/janky\/?page_id=36"},"modified":"2015-02-20T11:19:28","modified_gmt":"2015-02-20T11:19:28","slug":"salpa-aseman-tyomaa","status":"publish","type":"page","link":"https:\/\/kylat.ekarjala.fi\/janky\/esimerkkisivu\/salpa-aseman-tyomaa\/","title":{"rendered":"Salpa-aseman ty\u00f6maa"},"content":{"rendered":"<div id=\"attachment_82\" style=\"width: 443px\" class=\"wp-caption aligncenter\"><a href=\"https:\/\/kylat.ekarjala.fi\/janky\/wp-content\/uploads\/sites\/37\/2011\/11\/punkkeri1.jpg\"><img loading=\"lazy\" decoding=\"async\" aria-describedby=\"caption-attachment-82\" class=\"size-full wp-image-82\" src=\"https:\/\/kylat.ekarjala.fi\/janky\/wp-content\/uploads\/sites\/37\/2011\/11\/punkkeri1.jpg\" alt=\"\" width=\"433\" height=\"600\" \/><\/a><p id=\"caption-attachment-82\" class=\"wp-caption-text\">Hurtanmaan peitt\u00e4m\u00e4t\u00f6n konekiv\u00e4\u00e4ribunkkeri on jykev\u00e4\u00e4 tekoa.<\/p><\/div>\n<p>Linnoitust\u00f6iden alettua kev\u00e4\u00e4ll\u00e4 1940 linjalla Klamila-Luum\u00e4ki, ty\u00f6t alkoivat my\u00f6s Hurtanmaalla. Hurtanmaalle oli suunniteltu rakennettavaksi 9 bunkkeria. N\u00e4ist\u00e4 7 mantereelle, 2 bunkkeria J\u00e4ngynj\u00e4rven Vuossaareen.Lis\u00e4ksi J\u00e4ngynj\u00e4rven Varislavolan puolelle, Vuossaarenkohdalle mantereelle oli suunniteltu bunkkeri. Sen pohja on louhittu kallioon ja betonimassan valmistuksessa tarvittava kiviaines, hiekka ja seulottu karkeampi kiviaines on ajettu valmiiksi l\u00e4hist\u00f6lle. Tama kiviaines ajettiin talvella -40\/41 Lpr:n ja Luum\u00e4en rajalla, 6-tien vierell\u00e4 olevasta soramontusta suoraan t\u00e4t\u00e4 tarkoitusta varten tehty\u00e4 talvitiet\u00e4 yli Virolaissuon ja J\u00e4ngynj\u00e4rven. &#8221;Linnuntiet\u00e4&#8221; matkaa on n. 2,6 km.<\/p>\n<p>Vuossaaren kaksi bunkkeria saatiin valmiiksi. Betonivalu tehtiin maaliskuussa 1941. Bunkkerit ehdittiin maastouttaa, verhoilla kivilouheella ja maamassoilla.<\/p>\n<p>Hurtanmaalla mantereella saatiin valmiiksi viisi betonibunkkeria. N\u00e4ist\u00e4 kahta bunkkeria ei ehditty maastouttaa. N\u00e4m\u00e4 ovat ainoat peitt\u00e4m\u00e4tt\u00f6m\u00e4t bunkkerit koko salpa-aseman alueella,ja antavat hyv\u00e4n kuvan aseman massiivisuudesta. N\u00e4iden kahden &#8221;paljaan bunkkerin l\u00e4hell\u00e4 on yhden bunkkerin kesken j\u00e4\u00e4nyt peruskaivanto. Vaikuttava kaivanto silloisella kalustolla.<\/p>\n<p>&nbsp;<\/p>\n","protected":false},"excerpt":{"rendered":"<p>Linnoitust\u00f6iden alettua kev\u00e4\u00e4ll\u00e4 1940 linjalla Klamila-Luum\u00e4ki, ty\u00f6t alkoivat my\u00f6s Hurtanmaalla. Hurtanmaalle oli suunniteltu rakennettavaksi 9 bunkkeria. N\u00e4ist\u00e4 7 mantereelle, 2 bunkkeria J\u00e4ngynj\u00e4rven Vuossaareen.Lis\u00e4ksi J\u00e4ngynj\u00e4rven Varislavolan puolelle, Vuossaarenkohdalle mantereelle oli suunniteltu bunkkeri. Sen pohja on louhittu kallioon ja betonimassan valmistuksessa tarvittava &hellip; <a href=\"https:\/\/kylat.ekarjala.fi\/janky\/esimerkkisivu\/salpa-aseman-tyomaa\/\">Lue loppuun <span class=\"meta-nav\">&rarr;<\/span><\/a><\/p>\n","protected":false},"author":83,"featured_media":0,"parent":2,"menu_order":0,"comment_status":"closed","ping_status":"closed","template":"","meta":{"footnotes":""},"class_list":["post-36","page","type-page","status-publish","hentry"],"_links":{"self":[{"href":"https:\/\/kylat.ekarjala.fi\/janky\/wp-json\/wp\/v2\/pages\/36","targetHints":{"allow":["GET"]}}],"collection":[{"href":"https:\/\/kylat.ekarjala.fi\/janky\/wp-json\/wp\/v2\/pages"}],"about":[{"href":"https:\/\/kylat.ekarjala.fi\/janky\/wp-json\/wp\/v2\/types\/page"}],"author":[{"embeddable":true,"href":"https:\/\/kylat.ekarjala.fi\/janky\/wp-json\/wp\/v2\/users\/83"}],"replies":[{"embeddable":true,"href":"https:\/\/kylat.ekarjala.fi\/janky\/wp-json\/wp\/v2\/comments?post=36"}],"version-history":[{"count":5,"href":"https:\/\/kylat.ekarjala.fi\/janky\/wp-json\/wp\/v2\/pages\/36\/revisions"}],"predecessor-version":[{"id":84,"href":"https:\/\/kylat.ekarjala.fi\/janky\/wp-json\/wp\/v2\/pages\/36\/revisions\/84"}],"up":[{"embeddable":true,"href":"https:\/\/kylat.ekarjala.fi\/janky\/wp-json\/wp\/v2\/pages\/2"}],"wp:attachment":[{"href":"https:\/\/kylat.ekarjala.fi\/janky\/wp-json\/wp\/v2\/media?parent=36"}],"curies":[{"name":"wp","href":"https:\/\/api.w.org\/{rel}","templated":true}]}}