{"id":39,"date":"2011-12-06T12:47:36","date_gmt":"2011-12-06T12:47:36","guid":{"rendered":"https:\/\/kylat.ekarjala.fi\/janky\/?page_id=39"},"modified":"2015-02-20T11:19:54","modified_gmt":"2015-02-20T11:19:54","slug":"jangyn-kylatoimikunta","status":"publish","type":"page","link":"https:\/\/kylat.ekarjala.fi\/janky\/jangyn-kylatoimikunta\/","title":{"rendered":"J\u00e4ngyn kyl\u00e4toimikunta"},"content":{"rendered":"<h1>J\u00e4ngyn kylien logo<\/h1>\n<div><a href=\"http:\/\/194.251.35.222\/KuvaNaytaIkkunassa.asp?KuvaID=23670\" target=\"Kuva23670\"><img loading=\"lazy\" decoding=\"async\" src=\"http:\/\/194.251.35.222\/LataaKuva.asb?KuvaID=23670&amp;Versio=T\" alt=\"\" width=\"131\" height=\"120\" \/><\/a><\/div>\n<p style=\"text-align: left\">Kyl\u00e4toimikunta sai vuonna 2001 oman logon nuorille suunnatulla yleis\u00f6kilpailulla. Tuomaristo valitsi parhaaksi Hanna Anosen suunnitteleman logon, jossa korostuu j\u00e4rvitunnelma.<\/p>\n","protected":false},"excerpt":{"rendered":"<p>J\u00e4ngyn kylien logo Kyl\u00e4toimikunta sai vuonna 2001 oman logon nuorille suunnatulla yleis\u00f6kilpailulla. Tuomaristo valitsi parhaaksi Hanna Anosen suunnitteleman logon, jossa korostuu j\u00e4rvitunnelma.<\/p>\n","protected":false},"author":83,"featured_media":0,"parent":0,"menu_order":0,"comment_status":"closed","ping_status":"closed","template":"","meta":{"footnotes":""},"class_list":["post-39","page","type-page","status-publish","hentry"],"_links":{"self":[{"href":"https:\/\/kylat.ekarjala.fi\/janky\/wp-json\/wp\/v2\/pages\/39","targetHints":{"allow":["GET"]}}],"collection":[{"href":"https:\/\/kylat.ekarjala.fi\/janky\/wp-json\/wp\/v2\/pages"}],"about":[{"href":"https:\/\/kylat.ekarjala.fi\/janky\/wp-json\/wp\/v2\/types\/page"}],"author":[{"embeddable":true,"href":"https:\/\/kylat.ekarjala.fi\/janky\/wp-json\/wp\/v2\/users\/83"}],"replies":[{"embeddable":true,"href":"https:\/\/kylat.ekarjala.fi\/janky\/wp-json\/wp\/v2\/comments?post=39"}],"version-history":[{"count":6,"href":"https:\/\/kylat.ekarjala.fi\/janky\/wp-json\/wp\/v2\/pages\/39\/revisions"}],"predecessor-version":[{"id":642,"href":"https:\/\/kylat.ekarjala.fi\/janky\/wp-json\/wp\/v2\/pages\/39\/revisions\/642"}],"wp:attachment":[{"href":"https:\/\/kylat.ekarjala.fi\/janky\/wp-json\/wp\/v2\/media?parent=39"}],"curies":[{"name":"wp","href":"https:\/\/api.w.org\/{rel}","templated":true}]}}