{"id":51,"date":"2011-12-06T13:06:20","date_gmt":"2011-12-06T13:06:20","guid":{"rendered":"https:\/\/kylat.ekarjala.fi\/janky\/?page_id=51"},"modified":"2015-02-20T11:19:45","modified_gmt":"2015-02-20T11:19:45","slug":"jangyn-kylat-2","status":"publish","type":"page","link":"https:\/\/kylat.ekarjala.fi\/janky\/","title":{"rendered":"J\u00e4ngyn kyl\u00e4t"},"content":{"rendered":"<p><strong>J\u00e4ngyn kyl\u00e4toimikunta toimii l\u00e4ntisess\u00e4 Lappeenrannassa Lemin ja Luum\u00e4en kainalossa. Hurtanmaan, K\u00e4ren, Laakkolan, Myllyl\u00e4n, Nyrhil\u00e4n, T\u00f6r\u00f6l\u00e4n ja Varis-Lavolan kyl\u00e4t sijaitsevat J\u00e4ngynj\u00e4rven ja Kuutostien tuntumassa. N\u00e4iss\u00e4 seitsem\u00e4ss\u00e4 kyl\u00e4ss\u00e4 on noin sata kotitaloutta.<\/strong><br \/>\n<span style=\"color: #0000ff\"><br \/>\n<\/span><\/p>\n","protected":false},"excerpt":{"rendered":"<p>J\u00e4ngyn kyl\u00e4toimikunta toimii l\u00e4ntisess\u00e4 Lappeenrannassa Lemin ja Luum\u00e4en kainalossa. Hurtanmaan, K\u00e4ren, Laakkolan, Myllyl\u00e4n, Nyrhil\u00e4n, T\u00f6r\u00f6l\u00e4n ja Varis-Lavolan kyl\u00e4t sijaitsevat J\u00e4ngynj\u00e4rven ja Kuutostien tuntumassa. N\u00e4iss\u00e4 seitsem\u00e4ss\u00e4 kyl\u00e4ss\u00e4 on noin sata kotitaloutta.<\/p>\n","protected":false},"author":83,"featured_media":0,"parent":0,"menu_order":0,"comment_status":"closed","ping_status":"closed","template":"","meta":{"footnotes":""},"class_list":["post-51","page","type-page","status-publish","hentry"],"_links":{"self":[{"href":"https:\/\/kylat.ekarjala.fi\/janky\/wp-json\/wp\/v2\/pages\/51","targetHints":{"allow":["GET"]}}],"collection":[{"href":"https:\/\/kylat.ekarjala.fi\/janky\/wp-json\/wp\/v2\/pages"}],"about":[{"href":"https:\/\/kylat.ekarjala.fi\/janky\/wp-json\/wp\/v2\/types\/page"}],"author":[{"embeddable":true,"href":"https:\/\/kylat.ekarjala.fi\/janky\/wp-json\/wp\/v2\/users\/83"}],"replies":[{"embeddable":true,"href":"https:\/\/kylat.ekarjala.fi\/janky\/wp-json\/wp\/v2\/comments?post=51"}],"version-history":[{"count":16,"href":"https:\/\/kylat.ekarjala.fi\/janky\/wp-json\/wp\/v2\/pages\/51\/revisions"}],"predecessor-version":[{"id":624,"href":"https:\/\/kylat.ekarjala.fi\/janky\/wp-json\/wp\/v2\/pages\/51\/revisions\/624"}],"wp:attachment":[{"href":"https:\/\/kylat.ekarjala.fi\/janky\/wp-json\/wp\/v2\/media?parent=51"}],"curies":[{"name":"wp","href":"https:\/\/api.w.org\/{rel}","templated":true}]}}