{"id":529,"date":"2013-11-24T16:30:49","date_gmt":"2013-11-24T16:30:49","guid":{"rendered":"https:\/\/kylat.ekarjala.fi\/janky\/?page_id=529"},"modified":"2013-11-24T16:30:49","modified_gmt":"2013-11-24T16:30:49","slug":"jangyn-kylatoimikunnan-toimintasaannot","status":"publish","type":"page","link":"https:\/\/kylat.ekarjala.fi\/janky\/jangyn-kylatoimikunta\/jangyn-kylatoimikunnan-toimintasaannot\/","title":{"rendered":"J\u00e4ngyn kyl\u00e4toimikunnan toimintas\u00e4\u00e4nn\u00f6t"},"content":{"rendered":"<p><a href=\"https:\/\/kylat.ekarjala.fi\/janky\/wp-content\/uploads\/sites\/37\/2013\/11\/Jangyn-kylatoimikunnan-toimintasaannot_2012.pdf\">Jangyn kylatoimikunnan toimintasaannot_2012<\/a><\/p>\n","protected":false},"excerpt":{"rendered":"<p>Jangyn kylatoimikunnan toimintasaannot_2012<\/p>\n","protected":false},"author":83,"featured_media":0,"parent":39,"menu_order":0,"comment_status":"closed","ping_status":"closed","template":"","meta":{"footnotes":""},"class_list":["post-529","page","type-page","status-publish","hentry"],"_links":{"self":[{"href":"https:\/\/kylat.ekarjala.fi\/janky\/wp-json\/wp\/v2\/pages\/529","targetHints":{"allow":["GET"]}}],"collection":[{"href":"https:\/\/kylat.ekarjala.fi\/janky\/wp-json\/wp\/v2\/pages"}],"about":[{"href":"https:\/\/kylat.ekarjala.fi\/janky\/wp-json\/wp\/v2\/types\/page"}],"author":[{"embeddable":true,"href":"https:\/\/kylat.ekarjala.fi\/janky\/wp-json\/wp\/v2\/users\/83"}],"replies":[{"embeddable":true,"href":"https:\/\/kylat.ekarjala.fi\/janky\/wp-json\/wp\/v2\/comments?post=529"}],"version-history":[{"count":2,"href":"https:\/\/kylat.ekarjala.fi\/janky\/wp-json\/wp\/v2\/pages\/529\/revisions"}],"predecessor-version":[{"id":532,"href":"https:\/\/kylat.ekarjala.fi\/janky\/wp-json\/wp\/v2\/pages\/529\/revisions\/532"}],"up":[{"embeddable":true,"href":"https:\/\/kylat.ekarjala.fi\/janky\/wp-json\/wp\/v2\/pages\/39"}],"wp:attachment":[{"href":"https:\/\/kylat.ekarjala.fi\/janky\/wp-json\/wp\/v2\/media?parent=529"}],"curies":[{"name":"wp","href":"https:\/\/api.w.org\/{rel}","templated":true}]}}