{"id":544,"date":"2014-03-10T15:22:37","date_gmt":"2014-03-10T15:22:37","guid":{"rendered":"https:\/\/kylat.ekarjala.fi\/janky\/?page_id=544"},"modified":"2017-05-08T11:57:31","modified_gmt":"2017-05-08T11:57:31","slug":"lappeen-marttayhdistys-ry","status":"publish","type":"page","link":"https:\/\/kylat.ekarjala.fi\/janky\/lappeen-marttayhdistys-ry\/","title":{"rendered":"K\u00e4ren Martat"},"content":{"rendered":"<p><strong>Lappeen Marttayhdistys ry<\/strong><\/p>\n<h2>K\u00e4ren Mart<span style=\"color: #444444;font-family: 'Helvetica Neue', Arial, Helvetica, 'Nimbus Sans L', sans-serif\">at toimintaryhm\u00e4<\/span><\/h2>\n<p><a href=\"https:\/\/kylat.ekarjala.fi\/janky\/wp-content\/uploads\/sites\/37\/2012\/01\/Saloranta-ankkurijuhla-037.jpg\"><img loading=\"lazy\" decoding=\"async\" class=\"alignleft wp-image-542 size-medium\" src=\"https:\/\/kylat.ekarjala.fi\/janky\/wp-content\/uploads\/sites\/37\/2012\/01\/Saloranta-ankkurijuhla-037-300x197.jpg\" alt=\"Saloranta ankkurijuhla 037\" width=\"300\" height=\"197\" srcset=\"https:\/\/kylat.ekarjala.fi\/janky\/wp-content\/uploads\/sites\/37\/2012\/01\/Saloranta-ankkurijuhla-037-300x197.jpg 300w, https:\/\/kylat.ekarjala.fi\/janky\/wp-content\/uploads\/sites\/37\/2012\/01\/Saloranta-ankkurijuhla-037.jpg 1024w\" sizes=\"auto, (max-width: 300px) 100vw, 300px\" \/><\/a><strong>Meit\u00e4 on yhteens\u00e4 30 ja mukaan mahtuu viel\u00e4!<\/strong><\/p>\n<p><strong>Toimintaryhm\u00e4n vet\u00e4j\u00e4\u00a0Kaarina Teitto 050-326 4850, kaarina.teitto(at)gmail.com<br \/>\n<\/strong><span style=\"color: #444444;line-height: 23.799999237060547px\">Tiedustelut\u00a0<\/span>K<span style=\"color: #444444\">\u00e4ren Marttojen astioiden vuokraamisesta \u00a0em. numerosta\u00a0<\/span><span style=\"color: #444444\"><br \/>\n<\/span><\/p>\n","protected":false},"excerpt":{"rendered":"<p>Lappeen Marttayhdistys ry K\u00e4ren Martat toimintaryhm\u00e4 Meit\u00e4 on yhteens\u00e4 30 ja mukaan mahtuu viel\u00e4! Toimintaryhm\u00e4n vet\u00e4j\u00e4\u00a0Kaarina Teitto 050-326 4850, kaarina.teitto(at)gmail.com Tiedustelut\u00a0K\u00e4ren Marttojen astioiden vuokraamisesta \u00a0em. numerosta\u00a0<\/p>\n","protected":false},"author":83,"featured_media":0,"parent":0,"menu_order":2,"comment_status":"closed","ping_status":"closed","template":"","meta":{"footnotes":""},"class_list":["post-544","page","type-page","status-publish","hentry"],"_links":{"self":[{"href":"https:\/\/kylat.ekarjala.fi\/janky\/wp-json\/wp\/v2\/pages\/544","targetHints":{"allow":["GET"]}}],"collection":[{"href":"https:\/\/kylat.ekarjala.fi\/janky\/wp-json\/wp\/v2\/pages"}],"about":[{"href":"https:\/\/kylat.ekarjala.fi\/janky\/wp-json\/wp\/v2\/types\/page"}],"author":[{"embeddable":true,"href":"https:\/\/kylat.ekarjala.fi\/janky\/wp-json\/wp\/v2\/users\/83"}],"replies":[{"embeddable":true,"href":"https:\/\/kylat.ekarjala.fi\/janky\/wp-json\/wp\/v2\/comments?post=544"}],"version-history":[{"count":11,"href":"https:\/\/kylat.ekarjala.fi\/janky\/wp-json\/wp\/v2\/pages\/544\/revisions"}],"predecessor-version":[{"id":670,"href":"https:\/\/kylat.ekarjala.fi\/janky\/wp-json\/wp\/v2\/pages\/544\/revisions\/670"}],"wp:attachment":[{"href":"https:\/\/kylat.ekarjala.fi\/janky\/wp-json\/wp\/v2\/media?parent=544"}],"curies":[{"name":"wp","href":"https:\/\/api.w.org\/{rel}","templated":true}]}}