{"id":563,"date":"2014-03-13T18:18:54","date_gmt":"2014-03-13T18:18:54","guid":{"rendered":"https:\/\/kylat.ekarjala.fi\/janky\/?page_id=563"},"modified":"2014-03-13T18:20:13","modified_gmt":"2014-03-13T18:20:13","slug":"lappeelaiset-juhlapiirakat","status":"publish","type":"page","link":"https:\/\/kylat.ekarjala.fi\/janky\/lappeen-marttayhdistys-ry\/lappeelaiset-juhlapiirakat\/","title":{"rendered":"Lappeelaiset juhlapiirakat"},"content":{"rendered":"<p>Rakkaalla lapsella on monta nime\u00e4. Pyh\u00e4piirakat, juhlapiirakat, perinnepiirakat, umpipiirakat tai vaan piirakat.<\/p>\n<p>OHJE:\u00a0\u00a0\u00a0\u00a0\u00a0\u00a0\u00a0 n. 20 kpl, halkaisija 15 cm<br \/>\n<span style=\"text-decoration: underline\">Puuro:<\/span><br \/>\n2 kkp riisi\u00e4<br \/>\nvajaa 1 l maitoa\/maitojuomaa<br \/>\n2-2\u00bd tl suolaa<br \/>\nkeitt\u00e4misen alussa nokare rasvaa<br \/>\nHaudutus n. 1 t<br \/>\nAnna puuron j\u00e4\u00e4hty\u00e4 hiukan ennen kuin alat tehd\u00e4 piirakoita<\/p>\n<p><span style=\"text-decoration: underline\">Kuoritaikina:<\/span><br \/>\n2\/3 pkt hiivaa<br \/>\n\u00bd l vett\u00e4 (osa voi olla omenamehua)<br \/>\n50 gr margariinia<br \/>\n2 \u2013 2\u00bd tl suolaa<br \/>\n2 rkl sokeria (taittaa jauhon makua)<br \/>\nvehn\u00e4jauhoja (pehme\u00e4, mutta kaulittava taikina)<br \/>\nNostatus n. \u00bd t<\/p>\n<p><span style=\"text-decoration: underline\">Valmistus:<\/span><br \/>\nKauli yksi kerrallaan, puuroa reilusti muttei liikaa<br \/>\nPaina lautasella puolikuun muotoinen piirakka<br \/>\nja koristele halutessasi\u00a0 piirakalle piparkakkureunus lusikan varrella<br \/>\nEi nostatusta, vaan pellin t\u00e4ytytty\u00e4 pistele haarukalla ja voitele munalla<br \/>\nja paista 225\u00baC\u00a0 n.12 min.<\/p>\n<p>Uunista oton j\u00e4lkeen:<br \/>\nVoitele sulatetulla rasvalla ja pinoa\u00a0 p\u00e4\u00e4llekk\u00e4in hetkeksi<\/p>\n","protected":false},"excerpt":{"rendered":"<p>Rakkaalla lapsella on monta nime\u00e4. Pyh\u00e4piirakat, juhlapiirakat, perinnepiirakat, umpipiirakat tai vaan piirakat. OHJE:\u00a0\u00a0\u00a0\u00a0\u00a0\u00a0\u00a0 n. 20 kpl, halkaisija 15 cm Puuro: 2 kkp riisi\u00e4 vajaa 1 l maitoa\/maitojuomaa 2-2\u00bd tl suolaa keitt\u00e4misen alussa nokare rasvaa Haudutus n. 1 t Anna puuron &hellip; <a href=\"https:\/\/kylat.ekarjala.fi\/janky\/lappeen-marttayhdistys-ry\/lappeelaiset-juhlapiirakat\/\">Lue loppuun <span class=\"meta-nav\">&rarr;<\/span><\/a><\/p>\n","protected":false},"author":83,"featured_media":0,"parent":544,"menu_order":1,"comment_status":"closed","ping_status":"closed","template":"","meta":{"footnotes":""},"class_list":["post-563","page","type-page","status-publish","hentry"],"_links":{"self":[{"href":"https:\/\/kylat.ekarjala.fi\/janky\/wp-json\/wp\/v2\/pages\/563","targetHints":{"allow":["GET"]}}],"collection":[{"href":"https:\/\/kylat.ekarjala.fi\/janky\/wp-json\/wp\/v2\/pages"}],"about":[{"href":"https:\/\/kylat.ekarjala.fi\/janky\/wp-json\/wp\/v2\/types\/page"}],"author":[{"embeddable":true,"href":"https:\/\/kylat.ekarjala.fi\/janky\/wp-json\/wp\/v2\/users\/83"}],"replies":[{"embeddable":true,"href":"https:\/\/kylat.ekarjala.fi\/janky\/wp-json\/wp\/v2\/comments?post=563"}],"version-history":[{"count":2,"href":"https:\/\/kylat.ekarjala.fi\/janky\/wp-json\/wp\/v2\/pages\/563\/revisions"}],"predecessor-version":[{"id":572,"href":"https:\/\/kylat.ekarjala.fi\/janky\/wp-json\/wp\/v2\/pages\/563\/revisions\/572"}],"up":[{"embeddable":true,"href":"https:\/\/kylat.ekarjala.fi\/janky\/wp-json\/wp\/v2\/pages\/544"}],"wp:attachment":[{"href":"https:\/\/kylat.ekarjala.fi\/janky\/wp-json\/wp\/v2\/media?parent=563"}],"curies":[{"name":"wp","href":"https:\/\/api.w.org\/{rel}","templated":true}]}}