{"id":584,"date":"2014-03-13T19:15:46","date_gmt":"2014-03-13T19:15:46","guid":{"rendered":"https:\/\/kylat.ekarjala.fi\/janky\/?page_id=584"},"modified":"2017-05-08T10:23:21","modified_gmt":"2017-05-08T10:23:21","slug":"jangyn-kylatoimikunnan-johtokunta-2017","status":"publish","type":"page","link":"https:\/\/kylat.ekarjala.fi\/janky\/jangyn-kylatoimikunta\/jangyn-kylatoimikunnan-johtokunta-2017\/","title":{"rendered":"J\u00e4ngyn Kyl\u00e4toimikunnan johtokunta 2017"},"content":{"rendered":"<p>J\u00e4ngyn Kyl\u00e4toimikunnan johtokunta 2017<\/p>\n<p>Palautetta ja kysymyksi\u00e4 voi kyl\u00e4toimikunnalle l\u00e4hett\u00e4\u00e4 s\u00e4hk\u00f6postilla\u00a0 jangyn.kylat@gmail.com<\/p>\n<p><strong>Puheenjohtaja<\/strong><br \/>\nToivanen Sami<br \/>\nNyrhil\u00e4ntie 129, 53850 Lpr<br \/>\nsami.toivanen (a) lvi-toivanen.fi<br \/>\npuh. 050\u00a0300 2922<\/p>\n<p><strong>Rahastonhoitaja<\/strong><br \/>\nJokimies Rauno<br \/>\nM\u00f6k\u00f6m\u00e4entie 53,\u00a0 53850 Lpr<br \/>\nrauno.jokimies (a) outlook.com<br \/>\npuh. 040 705 1493<\/p>\n<p>H\u00e4s\u00e4 Rauno<br \/>\nSt\u00e5hle Tarja<br \/>\nInkil\u00e4 Ahti<br \/>\nSuoreijus Tero<br \/>\nSuoanttila Ida<br \/>\nTeitto Paavo<br \/>\nT\u00f6tterman Krista<\/p>\n<p>&nbsp;<\/p>\n<p><strong>Tiedotus<\/strong><br \/>\njangyn.kylat (a) gmail.com<br \/>\nhttps:\/\/www.facebook.com\/jangynkylat<\/p>\n<p>&nbsp;<\/p>\n","protected":false},"excerpt":{"rendered":"<p>J\u00e4ngyn Kyl\u00e4toimikunnan johtokunta 2017 Palautetta ja kysymyksi\u00e4 voi kyl\u00e4toimikunnalle l\u00e4hett\u00e4\u00e4 s\u00e4hk\u00f6postilla\u00a0 jangyn.kylat@gmail.com Puheenjohtaja Toivanen Sami Nyrhil\u00e4ntie 129, 53850 Lpr sami.toivanen (a) lvi-toivanen.fi puh. 050\u00a0300 2922 Rahastonhoitaja Jokimies Rauno M\u00f6k\u00f6m\u00e4entie 53,\u00a0 53850 Lpr rauno.jokimies (a) outlook.com puh. 040 705 1493 H\u00e4s\u00e4 &hellip; <a href=\"https:\/\/kylat.ekarjala.fi\/janky\/jangyn-kylatoimikunta\/jangyn-kylatoimikunnan-johtokunta-2017\/\">Lue loppuun <span class=\"meta-nav\">&rarr;<\/span><\/a><\/p>\n","protected":false},"author":83,"featured_media":0,"parent":39,"menu_order":0,"comment_status":"closed","ping_status":"closed","template":"","meta":{"footnotes":""},"class_list":["post-584","page","type-page","status-publish","hentry"],"_links":{"self":[{"href":"https:\/\/kylat.ekarjala.fi\/janky\/wp-json\/wp\/v2\/pages\/584","targetHints":{"allow":["GET"]}}],"collection":[{"href":"https:\/\/kylat.ekarjala.fi\/janky\/wp-json\/wp\/v2\/pages"}],"about":[{"href":"https:\/\/kylat.ekarjala.fi\/janky\/wp-json\/wp\/v2\/types\/page"}],"author":[{"embeddable":true,"href":"https:\/\/kylat.ekarjala.fi\/janky\/wp-json\/wp\/v2\/users\/83"}],"replies":[{"embeddable":true,"href":"https:\/\/kylat.ekarjala.fi\/janky\/wp-json\/wp\/v2\/comments?post=584"}],"version-history":[{"count":9,"href":"https:\/\/kylat.ekarjala.fi\/janky\/wp-json\/wp\/v2\/pages\/584\/revisions"}],"predecessor-version":[{"id":665,"href":"https:\/\/kylat.ekarjala.fi\/janky\/wp-json\/wp\/v2\/pages\/584\/revisions\/665"}],"up":[{"embeddable":true,"href":"https:\/\/kylat.ekarjala.fi\/janky\/wp-json\/wp\/v2\/pages\/39"}],"wp:attachment":[{"href":"https:\/\/kylat.ekarjala.fi\/janky\/wp-json\/wp\/v2\/media?parent=584"}],"curies":[{"name":"wp","href":"https:\/\/api.w.org\/{rel}","templated":true}]}}