{"id":606,"date":"2014-04-29T18:53:28","date_gmt":"2014-04-29T18:53:28","guid":{"rendered":"https:\/\/kylat.ekarjala.fi\/janky\/?page_id=606"},"modified":"2017-05-08T10:56:59","modified_gmt":"2017-05-08T10:56:59","slug":"jangyn-kylatoimikunnan-alueen-jarjestojen-kesatiedote-2017","status":"publish","type":"page","link":"https:\/\/kylat.ekarjala.fi\/janky\/jangyn-kylatoimikunta\/jangyn-kylatoimikunnan-alueen-jarjestojen-kesatiedote-2017\/","title":{"rendered":"Kes\u00e4tiedote 2017"},"content":{"rendered":"<p><strong>TERVETULOA KYL\u00c4TOIMIKUNNAN KES\u00c4N TAPAHTUMIIN!<\/strong><\/p>\n<p>Tulemalla mukaan kyl\u00e4toimikunnan toimintaan p\u00e4\u00e4set sis\u00e4lle kylien el\u00e4m\u00e4\u00e4n, tapaat tuttuja ja tutustut uusiin j\u00e4nkyl\u00e4isiin.<\/p>\n<p><strong>KES\u00c4RETKI PUNKAHARJULLE METS\u00c4 MUSEO LUSTOON LA 20.5.2017<\/strong><\/p>\n<p>Retki toteutetaan yksityisautoilla kimppakyydein l\u00e4pi viheri\u00e4n<br \/>\nkev\u00e4tkes\u00e4isen Kaakkois-Suomen. Pys\u00e4hdymme Simpeleen Hiitolanjoen<br \/>\nhistoriallisella Kangaskosken toimivalla vesivoimalaitoksella. T\u00e4m\u00e4 on hyv\u00e4 paikka mahdollisten, omien retkiev\u00e4iden sy\u00f6miseen. Tosin nautimme kahvit kohta ~ 5 km- Koitsanlahdella Iloisen P\u00e4ssin Maalaispuodissa. Patsaspuistossakin voimme piipahtaa, jos kiinnostaa.<\/p>\n<p>Matka jatkuu Punkaharjun Putikkoon Savisepp\u00e4 Hannu Sairasen<br \/>\ntuotteisiin tutustumaan. Savisepp\u00e4 on luvannut kertoa Putikon historiasta ja toiminnastaan.T\u00e4\u00e4ll\u00e4kin voi purkaa mahdollisia patoutuneita ostopaineita.<br \/>\nJatkamme harjutiet\u00e4 Mets\u00e4museo Lustoon. Lustossa on vuosittain vaihtuvia n\u00e4yttelyit\u00e4 perusn\u00e4yttelyiden lis\u00e4ksi ihmetelt\u00e4v\u00e4ksi.<br \/>\nLiput aikuiset 10 \u20ac, seniorit 8 \u20ac, lapset 4-15v. 5 \u20ac.<br \/>\nP\u00e4\u00e4tet\u00e4\u00e4n paikalla mik\u00e4 aika viivyt\u00e4\u00e4n n\u00e4yttelyiss\u00e4.<\/p>\n<p>Lustosta siirrymme l\u00e4hiseudulle J\u00e4ngyn Kyl\u00e4toimikunnan kustantamaan<br \/>\nruokailuun, nauttimaan -toivottavasti- my\u00f6s paikallisista l\u00e4hiruuista.<br \/>\nEhk\u00e4 ajelemme kotikonnuille Puumalansalmen komean sillan kautta, tai kukin valintansa mukaan. Tosin Sulkavan Partalansaaren Sarsuinm\u00e4en tuliasemassa on museoitu Canet 152\/45\u2026..<\/p>\n<p>Kokoonnumme Nyrhil\u00e4n pururadan l\u00e4ht\u00f6paikalla la 20.5 .2017 klo 7 &#8211; 7.30.<br \/>\nL\u00e4ht\u00f6 tapahtuu klo 7.45 em. kokoontumispaikalta.<br \/>\nPakkaamme retkel\u00e4iset tarpeelliseen m\u00e4\u00e4r\u00e4\u00e4n autoja &#8211; vajaita kuormia v\u00e4ltt\u00e4en &#8211; ja matkaan!<br \/>\nIlmoittautumiset kes\u00e4retkelle 12.5.2017 menness\u00e4 (ruokailuvaraus )<br \/>\nRauno H\u00e4s\u00e4 044 724 1049 rauno.hasa@gmail.com<br \/>\nRetkest\u00e4 muuta : Paavo Teitto 045 893 4200 paavo.teitto@gmail.com<\/p>\n<p><strong>ROMUMETALLINKER\u00c4YS<br \/>\n<\/strong>j\u00e4rjestet\u00e4\u00e4n alustavasti 12.-19.6.<br \/>\nKer\u00e4yslavat sijaitsevat Nyrhil\u00e4ss\u00e4 valaistunladun l\u00e4ht\u00f6paikalla ja Hurtanmaalla M\u00f6k\u00f6m\u00e4entiell\u00e4. Ker\u00e4yslavalle voi tuoda vain erilaisia metalleja, ei ongelmaj\u00e4tteit\u00e4.<\/p>\n<p>Keskiviikkona 9.8. klo 19 j\u00e4rjestet\u00e4\u00e4n perinteinen <strong>YHTEISLAULUILTA<\/strong> J\u00e4ngyn majan kodalla. Yhteyshenkil\u00f6: Ahti Inkil\u00e4, puh. 040 763 3168<\/p>\n<p>19.8. <strong>SUOMI 100<\/strong> -hengess\u00e4 J\u00e4ngyn Er\u00e4miehet ja kyl\u00e4toimikunta j\u00e4rjest\u00e4v\u00e4t soittoa aamusta iltaan.<\/p>\n<p><strong>MUUTA TOIMINTAAMME:<br \/>\n<\/strong><br \/>\nKansalaisopiston KUNTOLIIKUNTA jatkuu tulevanakin talvena J\u00e4ngyn majalla. Syksyll\u00e4 j\u00e4rjest\u00e4mme majalla KYL\u00c4ILLAN ja marras-joulukussa kyl\u00e4toimikunnan PUUROJUHLAN.<\/p>\n<p>J\u00e4ljet J\u00e4ngyn rannalla -kyl\u00e4kirjaa on saatavana hintaan 35 \u20ac + mahdolliset toimituskulut. Kirjan myynti\u00e4 hoitaa Jaakko Meronen, puh. 040 564 9380.<\/p>\n<p>J\u00e4ngyn kylien Facebook-sivut: www.facebook.com\/jangynkylat<br \/>\nTiedotus: jangyn.kylat@gmail.com.<br \/>\nIlmoittaudu kyl\u00e4yhdistyksen s\u00e4hk\u00f6postilistalle J\u00e4ngyn kylien s\u00e4hk\u00f6postiosoitteeseen.<br \/>\nTYKK\u00c4\u00c4 MEIST\u00c4 FACEBOOKISSA!<\/p>\n<p><strong>J\u00c4NGYN ER\u00c4MIEHET<\/strong><br \/>\nMAJAN VUOKRAUS:<br \/>\nEsa T\u00f6tterman, puh. 050 531 9595, tottees@gmail.com<br \/>\nMets\u00e4miesten Facebooksivut osoitteessa: https:\/\/www.facebook.com\/jangyneramiehet\/<\/p>\n<p><strong>K\u00c4REN MARTAT<\/strong><br \/>\nK\u00e4ren Martat 95v toivottaa kaikille hyv\u00e4\u00e4 kes\u00e4\u00e4!<br \/>\nN\u00e4ill\u00e4 kylill\u00e4 on marttailtu jo vuodesta 1922 alkaen!<br \/>\nAstiavuokrausta kaarina.teitto@gmail.com 050-3264 850<\/p>\n<p><strong>K\u00c4RJEN OSAKASKUNTA<br \/>\n<\/strong><br \/>\nKALASTUSLUVAT:<br \/>\nKari Oikkonen, puh. 044 5381 396, kari.oikkonen@pp2.inet.fi,<br \/>\nMarko Korhonen, puh. 040 7158 759, marko.tapio.korhonen@gmail.com ja<br \/>\nJuha Korpela, puh. 044 3267 007<\/p>\n<p>NIITTOKONE J\u00c4RVIRUOKOJEN NIITTOON on vapaasti kaikkien halukkaiden k\u00e4ytett\u00e4viss\u00e4. Yhteydenotot ja lis\u00e4tiedot: Kari Oikkonen, K\u00e4rentie 342, puh. 044 5381 396, kari.oikkonen@pp2.inet.fi ja Juha Korpela, puh. 044 3267 007 (veneen avain Juha Korpelalla, Kari Oikkosella ja Kari Turkkilalla).<\/p>\n<p>HOITOKALASTUKSESTA (osakaskunnan katiskalla) kiinnostuneet voivat ilmoittautua Kari Oikkoselle.<\/p>\n<p>VENEENLASKUPAIKAT ovat Koukunsalmessa Hurtanmaantien p\u00e4\u00e4ss\u00e4 ja Pitk\u00e4nr\u00e4nnin laavun vieress\u00e4.<\/p>\n<p>VESIJ\u00c4TT\u00d6MAIDEN LUNASTUKSET: Vesij\u00e4t\u00f6n synty perustuu J\u00e4ngynj\u00e4rven 60 cm:n laskuun v. 1963. Vesij\u00e4tt\u00f6maan k\u00e4ytt\u00f6 edellytt\u00e4\u00e4 lunastusta. Lunastusasiassa k\u00e4\u00e4ntyk\u00e4\u00e4 hoitokunnan j\u00e4senten puoleen.<\/p>\n<p>&nbsp;<\/p>\n<p><b>\u00a0<\/b><\/p>\n","protected":false},"excerpt":{"rendered":"<p>TERVETULOA KYL\u00c4TOIMIKUNNAN KES\u00c4N TAPAHTUMIIN! Tulemalla mukaan kyl\u00e4toimikunnan toimintaan p\u00e4\u00e4set sis\u00e4lle kylien el\u00e4m\u00e4\u00e4n, tapaat tuttuja ja tutustut uusiin j\u00e4nkyl\u00e4isiin. KES\u00c4RETKI PUNKAHARJULLE METS\u00c4 MUSEO LUSTOON LA 20.5.2017 Retki toteutetaan yksityisautoilla kimppakyydein l\u00e4pi viheri\u00e4n kev\u00e4tkes\u00e4isen Kaakkois-Suomen. Pys\u00e4hdymme Simpeleen Hiitolanjoen historiallisella Kangaskosken toimivalla vesivoimalaitoksella. &hellip; <a href=\"https:\/\/kylat.ekarjala.fi\/janky\/jangyn-kylatoimikunta\/jangyn-kylatoimikunnan-alueen-jarjestojen-kesatiedote-2017\/\">Lue loppuun <span class=\"meta-nav\">&rarr;<\/span><\/a><\/p>\n","protected":false},"author":83,"featured_media":0,"parent":39,"menu_order":0,"comment_status":"closed","ping_status":"closed","template":"","meta":{"footnotes":""},"class_list":["post-606","page","type-page","status-publish","hentry"],"_links":{"self":[{"href":"https:\/\/kylat.ekarjala.fi\/janky\/wp-json\/wp\/v2\/pages\/606","targetHints":{"allow":["GET"]}}],"collection":[{"href":"https:\/\/kylat.ekarjala.fi\/janky\/wp-json\/wp\/v2\/pages"}],"about":[{"href":"https:\/\/kylat.ekarjala.fi\/janky\/wp-json\/wp\/v2\/types\/page"}],"author":[{"embeddable":true,"href":"https:\/\/kylat.ekarjala.fi\/janky\/wp-json\/wp\/v2\/users\/83"}],"replies":[{"embeddable":true,"href":"https:\/\/kylat.ekarjala.fi\/janky\/wp-json\/wp\/v2\/comments?post=606"}],"version-history":[{"count":8,"href":"https:\/\/kylat.ekarjala.fi\/janky\/wp-json\/wp\/v2\/pages\/606\/revisions"}],"predecessor-version":[{"id":669,"href":"https:\/\/kylat.ekarjala.fi\/janky\/wp-json\/wp\/v2\/pages\/606\/revisions\/669"}],"up":[{"embeddable":true,"href":"https:\/\/kylat.ekarjala.fi\/janky\/wp-json\/wp\/v2\/pages\/39"}],"wp:attachment":[{"href":"https:\/\/kylat.ekarjala.fi\/janky\/wp-json\/wp\/v2\/media?parent=606"}],"curies":[{"name":"wp","href":"https:\/\/api.w.org\/{rel}","templated":true}]}}