{"id":100,"date":"2012-01-03T11:03:10","date_gmt":"2012-01-03T11:03:10","guid":{"rendered":"https:\/\/kylat.ekarjala.fi\/jappilanniemi\/?page_id=100"},"modified":"2012-01-03T11:03:10","modified_gmt":"2012-01-03T11:03:10","slug":"taidetie-2009","status":"publish","type":"page","link":"https:\/\/kylat.ekarjala.fi\/jappilanniemi\/taidetie\/taidetie-2009\/","title":{"rendered":"Taidetie 2009"},"content":{"rendered":"<p>J\u00e4ppil\u00e4nniemen Taidetie toteutetaan kes\u00e4ll\u00e4 2009 kyl\u00e4l\u00e4isten ja kes\u00e4asukkaiden voimin jo kuudennen kerran ja esill\u00e4 on ainakin 17 kohdetta.<\/p>\n<p>Salo-Peltolan Seurojentalon (J\u00e4ppil\u00e4nniementie 728) taiden\u00e4yttely on auki kes\u00e4sunnuntaisin 12.7. \u2013 16.8.2009 klo 12.00 &#8211; 18.00 sek\u00e4 lis\u00e4ksi hein\u00e4kuussa tiistaisin klo 18.00 &#8211; 20.00. Kahvila on my\u00f6s auki.<\/p>\n<p>Kristiina Pellisen el\u00e4insarja on saanut jatkoa. Kettu, Susi ja Ilves ovat jo tuttuja. Nyt karhunpennun seuraksi on tullut uusi leikkikaveri.<\/p>\n<p>Runolaiturilla on Emilia Lampisen ja Eveliina Helmisen runoja ja piirustuksia.<\/p>\n<p>Kes\u00e4n 2009 Taidetiehen kuuluva taiden\u00e4yttely on avoinna Salo-Peltolan Seurojentalolla kes\u00e4sunnuntaisin 12.7. \u2013 16.8.2009 klo 12.00 &#8211; 18.00 sek\u00e4 lis\u00e4ksi hein\u00e4kuussa tiistaisin klo 18.00 &#8211; 20.00. My\u00f6s kahvila on auki.<\/p>\n<p>Taidemyyntin\u00e4yttelyss\u00e4 on Jaana Antolan, Marjut Kalinin, Maiju Heikkil\u00e4n, Kristiina Pellisen, Mari Leinosen ja Paula Karjalaisen taidetta sek\u00e4 Jouni Suikkasen valo\u00adkuvia. Seurojentalolta voi ostaa mm. Taidetie-postimerkkej\u00e4, ja -kortteja sek\u00e4 pieni\u00e4 lahjatavaroita.<\/p>\n<p>Salo-Peltolan Seurojentalon pihapiiri\u00e4 on uudistettu. Pihalla on taideteok\u00adsia ja kyl\u00e4n yhteinen kaivo on saanut katoksen.<\/p>\n<p>Maitolaituria koristaa taiteilija Mari Keski-Korsun installaa\u00adtio Maitosade.<\/p>\n<p>Sepp\u00e4 Seppo Hongan linnut lent\u00e4v\u00e4t Latogallerian sein\u00e4ll\u00e4 ja Taidetien varrelta l\u00f6ytyy my\u00f6s uusia lintuja, \u00c4iti ja tyt\u00e4r.<\/p>\n<p>Vanhoja valokuvia kyl\u00e4n el\u00e4m\u00e4st\u00e4 on n\u00e4ytteill\u00e4 Lato\u00adgalle\u00adrias\u00adsa.<\/p>\n","protected":false},"excerpt":{"rendered":"<p>J\u00e4ppil\u00e4nniemen Taidetie toteutetaan kes\u00e4ll\u00e4 2009 kyl\u00e4l\u00e4isten ja kes\u00e4asukkaiden voimin jo kuudennen kerran ja esill\u00e4 on ainakin 17 kohdetta. Salo-Peltolan Seurojentalon (J\u00e4ppil\u00e4nniementie 728) taiden\u00e4yttely on auki kes\u00e4sunnuntaisin 12.7. \u2013 16.8.2009 klo 12.00 &#8211; 18.00 sek\u00e4 lis\u00e4ksi hein\u00e4kuussa tiistaisin klo 18.00 &#8211; &hellip; <a href=\"https:\/\/kylat.ekarjala.fi\/jappilanniemi\/taidetie\/taidetie-2009\/\">Continue reading <span class=\"meta-nav\">&rarr;<\/span><\/a><\/p>\n","protected":false},"author":92,"featured_media":0,"parent":92,"menu_order":0,"comment_status":"open","ping_status":"open","template":"","meta":{"footnotes":""},"class_list":["post-100","page","type-page","status-publish","hentry"],"_links":{"self":[{"href":"https:\/\/kylat.ekarjala.fi\/jappilanniemi\/wp-json\/wp\/v2\/pages\/100","targetHints":{"allow":["GET"]}}],"collection":[{"href":"https:\/\/kylat.ekarjala.fi\/jappilanniemi\/wp-json\/wp\/v2\/pages"}],"about":[{"href":"https:\/\/kylat.ekarjala.fi\/jappilanniemi\/wp-json\/wp\/v2\/types\/page"}],"author":[{"embeddable":true,"href":"https:\/\/kylat.ekarjala.fi\/jappilanniemi\/wp-json\/wp\/v2\/users\/92"}],"replies":[{"embeddable":true,"href":"https:\/\/kylat.ekarjala.fi\/jappilanniemi\/wp-json\/wp\/v2\/comments?post=100"}],"version-history":[{"count":1,"href":"https:\/\/kylat.ekarjala.fi\/jappilanniemi\/wp-json\/wp\/v2\/pages\/100\/revisions"}],"predecessor-version":[{"id":101,"href":"https:\/\/kylat.ekarjala.fi\/jappilanniemi\/wp-json\/wp\/v2\/pages\/100\/revisions\/101"}],"up":[{"embeddable":true,"href":"https:\/\/kylat.ekarjala.fi\/jappilanniemi\/wp-json\/wp\/v2\/pages\/92"}],"wp:attachment":[{"href":"https:\/\/kylat.ekarjala.fi\/jappilanniemi\/wp-json\/wp\/v2\/media?parent=100"}],"curies":[{"name":"wp","href":"https:\/\/api.w.org\/{rel}","templated":true}]}}