{"id":102,"date":"2012-01-03T11:05:23","date_gmt":"2012-01-03T11:05:23","guid":{"rendered":"https:\/\/kylat.ekarjala.fi\/jappilanniemi\/?page_id=102"},"modified":"2012-01-03T11:07:10","modified_gmt":"2012-01-03T11:07:10","slug":"taidetie-2008","status":"publish","type":"page","link":"https:\/\/kylat.ekarjala.fi\/jappilanniemi\/taidetie\/taidetie-2008\/","title":{"rendered":"Taidetie 2008"},"content":{"rendered":"<p>J\u00e4ppil\u00e4nniemen Taidetie toteutetaan kes\u00e4ll\u00e4 2008 viidett\u00e4 kertaa ja esill\u00e4 on yli 15 kohdetta.<\/p>\n<div id=\"attachment_105\" style=\"width: 410px\" class=\"wp-caption alignnone\"><a href=\"https:\/\/kylat.ekarjala.fi\/jappilanniemi\/wp-content\/uploads\/sites\/39\/2012\/01\/taidetie2008.jpg\"><img loading=\"lazy\" decoding=\"async\" aria-describedby=\"caption-attachment-105\" class=\"size-full wp-image-105\" src=\"https:\/\/kylat.ekarjala.fi\/jappilanniemi\/wp-content\/uploads\/sites\/39\/2012\/01\/taidetie2008.jpg\" alt=\"\" width=\"400\" height=\"533\" \/><\/a><p id=\"caption-attachment-105\" class=\"wp-caption-text\">Tiilikaiset tutustumassa Taidetiehen<\/p><\/div>\n<p><strong>Sijainti<\/strong><br \/>\nVuoksenniskalta ajetaan J\u00e4ppil\u00e4nniementiet\u00e4. Noin viiden kilometrin p\u00e4\u00e4st\u00e4 alkaa 10 kilometri\u00e4 pitk\u00e4 J\u00e4ppil\u00e4nniemen Taidetie.<\/p>\n<p>Taidetien idea Taidetie tarjoaa kes\u00e4isi\u00e4 taide-el\u00e4myksi\u00e4 kauniissa suomalaisessa maalaismaisemassa kyl\u00e4l\u00e4isille, kes\u00e4asukkaille ja satunnaisille kulkijoille.<\/p>\n<p><strong>Taidetien taiteilijat<\/strong><br \/>\nTaidetien kohteiden tekij\u00f6in\u00e4 ovat olleet kyl\u00e4n omat asukkaat, kyl\u00e4n lapset, sek\u00e4 eri alojen taiteilijat.<\/p>\n<p><strong>Runolaituri<\/strong><br \/>\nRunolaiturilla on Emilia Lampisen, Eveliina Helmisen ja Heidi Suikkasen runoja ja piirustuksia.<\/p>\n<p><strong>Vierailevat taiteilijat<\/strong><br \/>\nVierailevia taiteilijoita ovat Kristiina Pellinen, Mari Leinonen ja Paula Karjalainen sek\u00e4 Seppo Honka.<\/p>\n<p><strong>Luontopolut<\/strong><br \/>\nBiologian- ja maantieteen opettajat ja tietokirjailijat Leena ja Hannu Aarnio ovat suunnitelleet kyl\u00e4lle kaksi luontopolkua. Pienemmille tarkoitettu polku kulkee Seurojentalon ymp\u00e4rill\u00e4 ja sen varrelta saa tietoa pihapiirin tutuista kasveista ja el\u00e4imist\u00e4.<\/p>\n<p>Pitk\u00e4, noin 2,5 km:n pituinen polku alkaa Seurojentalolta tien toiselta puolelta ja kulkee hakkuiden kautta Laitilanlahden rantaan. Matkalla on tietoa kasveista, el\u00e4imist\u00e4 ja luonnonilmi\u00f6ist\u00e4.<\/p>\n<p><strong>Taidetien avajaiset<\/strong><br \/>\nTaidetien avajaiset ovat Eino Leinon p\u00e4iv\u00e4n\u00e4 sunnuntaina 6.7.2008 klo 19.00 Salo-Peltolan Seurojentalolla.<\/p>\n<p><strong>Mit\u00e4 uutta Taidetiell\u00e4 kes\u00e4ll\u00e4 2008<\/strong><br \/>\nMets\u00e4n el\u00e4imet Kristiina Pellisen el\u00e4insarja saa jatkoa. Ketun, Suden ja Ilveksen seuraksi tulee Leikkiv\u00e4t karhunpennut.<\/p>\n<p><strong>Taidemyyntin\u00e4yttely<\/strong><br \/>\nSalo-Peltolan Seurojentalo on avoinna 6.7. &#8211; 17.8.2008 kes\u00e4sunnuntaisin klo 12.00 &#8211; 18.00 sek\u00e4 tiistaisin klo 18.00 \u2013 20.00. Pieni\u00e4 kertomuksia on Kristiina Pellisen, Mari Leinosen ja P\u00e4ivi Karjalaisen taiden\u00e4yttely. Esill\u00e4 on piirroksia, veistoksia sek\u00e4 kollaasi- ja sekatekniikkat\u00f6it\u00e4. N\u00e4yttely on samalla myyntin\u00e4yttely.<\/p>\n<p>Kahvilan puolella on Jouni Suikkasen luontovalokuvia.<br \/>\nKahvila on my\u00f6s auki.<\/p>\n<p><strong>Kyl\u00e4n vanhat valokuvat<\/strong><br \/>\nVanhoja valokuvia kyl\u00e4n el\u00e4m\u00e4st\u00e4 on n\u00e4ytteill\u00e4 vieh\u00e4tt\u00e4v\u00e4ss\u00e4 ladossa.<\/p>\n<p><strong>Salo- Peltolan Seurojentalon pihapiiri<\/strong><br \/>\nSeurojentalon pihapiiri\u00e4 on uudistettu. Pihalla on taideteoksia.<\/p>\n<div id=\"attachment_104\" style=\"width: 370px\" class=\"wp-caption alignnone\"><a href=\"https:\/\/kylat.ekarjala.fi\/jappilanniemi\/wp-content\/uploads\/sites\/39\/2012\/01\/taidetie2008_2.jpg\"><img loading=\"lazy\" decoding=\"async\" aria-describedby=\"caption-attachment-104\" class=\"size-full wp-image-104\" src=\"https:\/\/kylat.ekarjala.fi\/jappilanniemi\/wp-content\/uploads\/sites\/39\/2012\/01\/taidetie2008_2.jpg\" alt=\"\" width=\"360\" height=\"480\" \/><\/a><p id=\"caption-attachment-104\" class=\"wp-caption-text\">Kuppari Elli J\u00e4ppinen<\/p><\/div>\n<p><strong>Satukirja<\/strong><br \/>\nMaitolaituria koristaa satukirjan kuvitukset ja maitolaiturilla majaa pit\u00e4\u00e4 my\u00f6s satukirjan pupu. Satukirjan on tehnyt Veera Manninen.<\/p>\n<p><strong>Sep\u00e4n takomat linnut<\/strong><br \/>\nSepp\u00e4 Seppo Honka on takonut lent\u00e4v\u00e4t linnut ladon sein\u00e4lle.<\/p>\n<p>Myyt\u00e4v\u00e4\u00e4 Salo-Peltolan Seurojentalolta voi ostaa aukioloaikoina koruja ja Taidetie-postimerkkej\u00e4, -tulitikkuja sek\u00e4 -postikortteja.<\/p>\n","protected":false},"excerpt":{"rendered":"<p>J\u00e4ppil\u00e4nniemen Taidetie toteutetaan kes\u00e4ll\u00e4 2008 viidett\u00e4 kertaa ja esill\u00e4 on yli 15 kohdetta. Sijainti Vuoksenniskalta ajetaan J\u00e4ppil\u00e4nniementiet\u00e4. Noin viiden kilometrin p\u00e4\u00e4st\u00e4 alkaa 10 kilometri\u00e4 pitk\u00e4 J\u00e4ppil\u00e4nniemen Taidetie. Taidetien idea Taidetie tarjoaa kes\u00e4isi\u00e4 taide-el\u00e4myksi\u00e4 kauniissa suomalaisessa maalaismaisemassa kyl\u00e4l\u00e4isille, kes\u00e4asukkaille ja satunnaisille &hellip; <a href=\"https:\/\/kylat.ekarjala.fi\/jappilanniemi\/taidetie\/taidetie-2008\/\">Continue reading <span class=\"meta-nav\">&rarr;<\/span><\/a><\/p>\n","protected":false},"author":92,"featured_media":0,"parent":92,"menu_order":0,"comment_status":"open","ping_status":"open","template":"","meta":{"footnotes":""},"class_list":["post-102","page","type-page","status-publish","hentry"],"_links":{"self":[{"href":"https:\/\/kylat.ekarjala.fi\/jappilanniemi\/wp-json\/wp\/v2\/pages\/102","targetHints":{"allow":["GET"]}}],"collection":[{"href":"https:\/\/kylat.ekarjala.fi\/jappilanniemi\/wp-json\/wp\/v2\/pages"}],"about":[{"href":"https:\/\/kylat.ekarjala.fi\/jappilanniemi\/wp-json\/wp\/v2\/types\/page"}],"author":[{"embeddable":true,"href":"https:\/\/kylat.ekarjala.fi\/jappilanniemi\/wp-json\/wp\/v2\/users\/92"}],"replies":[{"embeddable":true,"href":"https:\/\/kylat.ekarjala.fi\/jappilanniemi\/wp-json\/wp\/v2\/comments?post=102"}],"version-history":[{"count":2,"href":"https:\/\/kylat.ekarjala.fi\/jappilanniemi\/wp-json\/wp\/v2\/pages\/102\/revisions"}],"predecessor-version":[{"id":106,"href":"https:\/\/kylat.ekarjala.fi\/jappilanniemi\/wp-json\/wp\/v2\/pages\/102\/revisions\/106"}],"up":[{"embeddable":true,"href":"https:\/\/kylat.ekarjala.fi\/jappilanniemi\/wp-json\/wp\/v2\/pages\/92"}],"wp:attachment":[{"href":"https:\/\/kylat.ekarjala.fi\/jappilanniemi\/wp-json\/wp\/v2\/media?parent=102"}],"curies":[{"name":"wp","href":"https:\/\/api.w.org\/{rel}","templated":true}]}}