{"id":107,"date":"2012-01-03T11:08:00","date_gmt":"2012-01-03T11:08:00","guid":{"rendered":"https:\/\/kylat.ekarjala.fi\/jappilanniemi\/?page_id=107"},"modified":"2012-01-06T20:46:26","modified_gmt":"2012-01-06T20:46:26","slug":"taidetie-2007","status":"publish","type":"page","link":"https:\/\/kylat.ekarjala.fi\/jappilanniemi\/taidetie\/taidetie-2007\/","title":{"rendered":"Taidetie 2007"},"content":{"rendered":"<p><a href=\"https:\/\/kylat.ekarjala.fi\/jappilanniemi\/wp-content\/uploads\/sites\/39\/2012\/01\/Talvinen-ilves-taidetiell\u00e4.jpg.jpg\"><img loading=\"lazy\" decoding=\"async\" class=\"alignright size-full wp-image-185\" src=\"https:\/\/kylat.ekarjala.fi\/jappilanniemi\/wp-content\/uploads\/sites\/39\/2012\/01\/Talvinen-ilves-taidetiell\u00e4.jpg.jpg\" alt=\"\" width=\"800\" height=\"600\" \/><\/a>LUONTOPOLUT<\/p>\n<p>Biologian- ja maantieteen opettajat ja tietokirjailijat Leena ja Hannu Aarnio ovat suunnitelleet kyl\u00e4lle kaksi luontopol\u00adkua. Pienemmille tarkoitettu polku kulkee Seurojentalon ymp\u00e4\u00adrill\u00e4 ja sen varrelta saa tietoa pihapiirin tutuista kas\u00adveis\u00adta ja el\u00e4imist\u00e4.<\/p>\n<p>Pitk\u00e4, noin 2,5 km:n pituinen polku alkaa Seurojentalolta tien toiselta puolelta ja kulkee hakkuiden kautta Laitilan\u00adlahden rantaan. Matkalla on tietoa kasveista, el\u00e4imist\u00e4 ja luonnonilmi\u00f6ist\u00e4.<\/p>\n","protected":false},"excerpt":{"rendered":"<p>LUONTOPOLUT Biologian- ja maantieteen opettajat ja tietokirjailijat Leena ja Hannu Aarnio ovat suunnitelleet kyl\u00e4lle kaksi luontopol\u00adkua. Pienemmille tarkoitettu polku kulkee Seurojentalon ymp\u00e4\u00adrill\u00e4 ja sen varrelta saa tietoa pihapiirin tutuista kas\u00adveis\u00adta ja el\u00e4imist\u00e4. Pitk\u00e4, noin 2,5 km:n pituinen polku alkaa Seurojentalolta &hellip; <a href=\"https:\/\/kylat.ekarjala.fi\/jappilanniemi\/taidetie\/taidetie-2007\/\">Continue reading <span class=\"meta-nav\">&rarr;<\/span><\/a><\/p>\n","protected":false},"author":92,"featured_media":185,"parent":92,"menu_order":0,"comment_status":"open","ping_status":"open","template":"","meta":{"footnotes":""},"class_list":["post-107","page","type-page","status-publish","has-post-thumbnail","hentry"],"_links":{"self":[{"href":"https:\/\/kylat.ekarjala.fi\/jappilanniemi\/wp-json\/wp\/v2\/pages\/107","targetHints":{"allow":["GET"]}}],"collection":[{"href":"https:\/\/kylat.ekarjala.fi\/jappilanniemi\/wp-json\/wp\/v2\/pages"}],"about":[{"href":"https:\/\/kylat.ekarjala.fi\/jappilanniemi\/wp-json\/wp\/v2\/types\/page"}],"author":[{"embeddable":true,"href":"https:\/\/kylat.ekarjala.fi\/jappilanniemi\/wp-json\/wp\/v2\/users\/92"}],"replies":[{"embeddable":true,"href":"https:\/\/kylat.ekarjala.fi\/jappilanniemi\/wp-json\/wp\/v2\/comments?post=107"}],"version-history":[{"count":3,"href":"https:\/\/kylat.ekarjala.fi\/jappilanniemi\/wp-json\/wp\/v2\/pages\/107\/revisions"}],"predecessor-version":[{"id":186,"href":"https:\/\/kylat.ekarjala.fi\/jappilanniemi\/wp-json\/wp\/v2\/pages\/107\/revisions\/186"}],"up":[{"embeddable":true,"href":"https:\/\/kylat.ekarjala.fi\/jappilanniemi\/wp-json\/wp\/v2\/pages\/92"}],"wp:featuredmedia":[{"embeddable":true,"href":"https:\/\/kylat.ekarjala.fi\/jappilanniemi\/wp-json\/wp\/v2\/media\/185"}],"wp:attachment":[{"href":"https:\/\/kylat.ekarjala.fi\/jappilanniemi\/wp-json\/wp\/v2\/media?parent=107"}],"curies":[{"name":"wp","href":"https:\/\/api.w.org\/{rel}","templated":true}]}}