{"id":129,"date":"2012-01-03T15:15:40","date_gmt":"2012-01-03T15:15:40","guid":{"rendered":"https:\/\/kylat.ekarjala.fi\/jappilanniemi\/?page_id=129"},"modified":"2012-04-17T09:18:15","modified_gmt":"2012-04-17T09:18:15","slug":"seurojentalo","status":"publish","type":"page","link":"https:\/\/kylat.ekarjala.fi\/jappilanniemi\/seurojentalo\/","title":{"rendered":"Seurojentalo"},"content":{"rendered":"<p><a href=\"https:\/\/kylat.ekarjala.fi\/jappilanniemi\/wp-content\/uploads\/sites\/39\/2012\/01\/Avantouinti-upea-talvi-01-10-02311.jpg\"><img loading=\"lazy\" decoding=\"async\" class=\"alignright size-full wp-image-183\" src=\"https:\/\/kylat.ekarjala.fi\/jappilanniemi\/wp-content\/uploads\/sites\/39\/2012\/01\/Avantouinti-upea-talvi-01-10-02311.jpg\" alt=\"\" width=\"800\" height=\"600\" \/><\/a>SALO-PELTOLAN SEUROJENTALOYHTI\u00d6<\/p>\n<p>J\u00e4ppil\u00e4nniementie 728 55800 Imatra<\/p>\n<p>Pj. Mirja Peltonen p. \u00a0050 5285453\u00a0 <a href=\"mailto:mirja.peltonen690@gmail.com\">mirja.peltonen690@gmail.com<\/a><\/p>\n<p>Sihteeri Paula Muhli p. 0504636707\u00a0\u00a0 <a href=\"mailto:paula.muhli@luukku.com\">paula.muhli@luukku.com<\/a><\/p>\n","protected":false},"excerpt":{"rendered":"<p>SALO-PELTOLAN SEUROJENTALOYHTI\u00d6 J\u00e4ppil\u00e4nniementie 728 55800 Imatra Pj. Mirja Peltonen p. \u00a0050 5285453\u00a0 mirja.peltonen690@gmail.com Sihteeri Paula Muhli p. 0504636707\u00a0\u00a0 paula.muhli@luukku.com<\/p>\n","protected":false},"author":89,"featured_media":183,"parent":0,"menu_order":0,"comment_status":"open","ping_status":"open","template":"","meta":{"footnotes":""},"class_list":["post-129","page","type-page","status-publish","has-post-thumbnail","hentry"],"_links":{"self":[{"href":"https:\/\/kylat.ekarjala.fi\/jappilanniemi\/wp-json\/wp\/v2\/pages\/129","targetHints":{"allow":["GET"]}}],"collection":[{"href":"https:\/\/kylat.ekarjala.fi\/jappilanniemi\/wp-json\/wp\/v2\/pages"}],"about":[{"href":"https:\/\/kylat.ekarjala.fi\/jappilanniemi\/wp-json\/wp\/v2\/types\/page"}],"author":[{"embeddable":true,"href":"https:\/\/kylat.ekarjala.fi\/jappilanniemi\/wp-json\/wp\/v2\/users\/89"}],"replies":[{"embeddable":true,"href":"https:\/\/kylat.ekarjala.fi\/jappilanniemi\/wp-json\/wp\/v2\/comments?post=129"}],"version-history":[{"count":11,"href":"https:\/\/kylat.ekarjala.fi\/jappilanniemi\/wp-json\/wp\/v2\/pages\/129\/revisions"}],"predecessor-version":[{"id":408,"href":"https:\/\/kylat.ekarjala.fi\/jappilanniemi\/wp-json\/wp\/v2\/pages\/129\/revisions\/408"}],"wp:featuredmedia":[{"embeddable":true,"href":"https:\/\/kylat.ekarjala.fi\/jappilanniemi\/wp-json\/wp\/v2\/media\/183"}],"wp:attachment":[{"href":"https:\/\/kylat.ekarjala.fi\/jappilanniemi\/wp-json\/wp\/v2\/media?parent=129"}],"curies":[{"name":"wp","href":"https:\/\/api.w.org\/{rel}","templated":true}]}}