{"id":42,"date":"2012-01-03T10:34:08","date_gmt":"2012-01-03T10:34:08","guid":{"rendered":"https:\/\/kylat.ekarjala.fi\/jappilanniemi\/?page_id=42"},"modified":"2012-01-03T10:50:52","modified_gmt":"2012-01-03T10:50:52","slug":"kylaesittely","status":"publish","type":"page","link":"https:\/\/kylat.ekarjala.fi\/jappilanniemi\/kylaesittely\/","title":{"rendered":"Kyl\u00e4esittely"},"content":{"rendered":"<h1>Tervetuloa J\u00e4ppil\u00e4nniemeen<a href=\"https:\/\/kylat.ekarjala.fi\/jappilanniemi\/wp-content\/uploads\/sites\/39\/2012\/01\/LataaKuva.asb_.jpg\"><img loading=\"lazy\" decoding=\"async\" class=\"alignnone size-full wp-image-46\" src=\"https:\/\/kylat.ekarjala.fi\/jappilanniemi\/wp-content\/uploads\/sites\/39\/2012\/01\/LataaKuva.asb_.jpg\" alt=\"\" width=\"360\" height=\"270\" \/><\/a><\/h1>\n<p>J\u00e4ppil\u00e4nniemi muodostuu kolmesta kyl\u00e4st\u00e4 JAKKA, SALO-PELTOLA JA J\u00c4PPIL\u00c4NNIEMI.<\/p>\n<p>Vakituisia asukkaita J\u00e4ppil\u00e4nniemess\u00e4 on noin 140 , Immalanj\u00e4rven rannoilla on monen kes\u00e4nviettopaikka, niinp\u00e4 kes\u00e4isin asukasm\u00e4\u00e4r\u00e4 kaksinkertaistuu. Kyl\u00e4ll\u00e4 toimii useita seuroja joissa voi harrastaa kalastusta, kutomista, urheilua ja monia muita asioita.<a href=\"https:\/\/kylat.ekarjala.fi\/jappilanniemi\/wp-content\/uploads\/sites\/39\/2012\/01\/LataaKuva.asb2_.jpg\"><img loading=\"lazy\" decoding=\"async\" class=\"alignnone size-full wp-image-48\" src=\"https:\/\/kylat.ekarjala.fi\/jappilanniemi\/wp-content\/uploads\/sites\/39\/2012\/01\/LataaKuva.asb2_.jpg\" alt=\"\" width=\"512\" height=\"384\" \/><\/a><\/p>\n<p>Kyl\u00e4 on saanut viimeaikoina uutta puhtia eli talkooty\u00f6n\u00e4 ja Leader rahoituksen turvin on kunnostettu Seurojentaloa joka toimii kyl\u00e4l\u00e4isten yhteisen\u00e4 kokoontumispaikkana , talossa voi j\u00e4rjest\u00e4\u00e4 perhetapahtumia. Seurojentalolla toimii my\u00f6s kyl\u00e4n oma kirjasto jossa on noin 1600 nidett\u00e4.<\/p>\n<p><a title=\"\" href=\"http:\/\/maps.google.fi\/maps?f=q&amp;source=s_q&amp;hl=fi&amp;geocode=&amp;q=J%C3%A4ppil%C3%A4nniemi&amp;aq=&amp;sll=62.593341,27.575684&amp;sspn=7.80143,27.905273&amp;ie=UTF8&amp;hq=&amp;hnear=J%C3%A4ppil%C3%A4nniemi,+Imatra&amp;ll=61.190919,28.895416&amp;spn=0.127392,0.43602&amp;z=11\" target=\"_new\">J\u00e4ppil\u00e4nniemen sijainti kartalla<\/a><\/p>\n<p><a title=\"\" href=\"http:\/\/maps.google.fi\/maps?f=q&amp;source=s_q&amp;hl=fi&amp;geocode=&amp;q=J%C3%A4ppil%C3%A4nniementie+728,+Imatra&amp;aq=&amp;sll=61.199872,28.909051&amp;sspn=0.063678,0.21801&amp;g=J%C3%A4ppil%C3%A4nniementie,+Imatra&amp;ie=UTF8&amp;hq=&amp;hnear=J%C3%A4ppil%C3%A4nniementie+728,+55800+Imatra&amp;ll=61.182025,28.952022&amp;spn=0.007964,0.027251&amp;z=15\" target=\"_new\">Salo-Peltolan seurojentalo, J\u00e4ppil\u00e4nniementie 728, 55800 Imatra<\/a><\/p>\n","protected":false},"excerpt":{"rendered":"<p>Tervetuloa J\u00e4ppil\u00e4nniemeen J\u00e4ppil\u00e4nniemi muodostuu kolmesta kyl\u00e4st\u00e4 JAKKA, SALO-PELTOLA JA J\u00c4PPIL\u00c4NNIEMI. Vakituisia asukkaita J\u00e4ppil\u00e4nniemess\u00e4 on noin 140 , Immalanj\u00e4rven rannoilla on monen kes\u00e4nviettopaikka, niinp\u00e4 kes\u00e4isin asukasm\u00e4\u00e4r\u00e4 kaksinkertaistuu. Kyl\u00e4ll\u00e4 toimii useita seuroja joissa voi harrastaa kalastusta, kutomista, urheilua ja monia muita asioita. &hellip; <a href=\"https:\/\/kylat.ekarjala.fi\/jappilanniemi\/kylaesittely\/\">Continue reading <span class=\"meta-nav\">&rarr;<\/span><\/a><\/p>\n","protected":false},"author":92,"featured_media":0,"parent":0,"menu_order":1,"comment_status":"open","ping_status":"open","template":"","meta":{"footnotes":""},"class_list":["post-42","page","type-page","status-publish","hentry"],"_links":{"self":[{"href":"https:\/\/kylat.ekarjala.fi\/jappilanniemi\/wp-json\/wp\/v2\/pages\/42","targetHints":{"allow":["GET"]}}],"collection":[{"href":"https:\/\/kylat.ekarjala.fi\/jappilanniemi\/wp-json\/wp\/v2\/pages"}],"about":[{"href":"https:\/\/kylat.ekarjala.fi\/jappilanniemi\/wp-json\/wp\/v2\/types\/page"}],"author":[{"embeddable":true,"href":"https:\/\/kylat.ekarjala.fi\/jappilanniemi\/wp-json\/wp\/v2\/users\/92"}],"replies":[{"embeddable":true,"href":"https:\/\/kylat.ekarjala.fi\/jappilanniemi\/wp-json\/wp\/v2\/comments?post=42"}],"version-history":[{"count":6,"href":"https:\/\/kylat.ekarjala.fi\/jappilanniemi\/wp-json\/wp\/v2\/pages\/42\/revisions"}],"predecessor-version":[{"id":47,"href":"https:\/\/kylat.ekarjala.fi\/jappilanniemi\/wp-json\/wp\/v2\/pages\/42\/revisions\/47"}],"wp:attachment":[{"href":"https:\/\/kylat.ekarjala.fi\/jappilanniemi\/wp-json\/wp\/v2\/media?parent=42"}],"curies":[{"name":"wp","href":"https:\/\/api.w.org\/{rel}","templated":true}]}}