{"id":51,"date":"2012-01-03T10:37:21","date_gmt":"2012-01-03T10:37:21","guid":{"rendered":"https:\/\/kylat.ekarjala.fi\/jappilanniemi\/?page_id=51"},"modified":"2013-04-21T04:36:51","modified_gmt":"2013-04-21T04:36:51","slug":"palveluhakemisto","status":"publish","type":"page","link":"https:\/\/kylat.ekarjala.fi\/jappilanniemi\/palveluhakemisto\/","title":{"rendered":"Palveluhakemisto"},"content":{"rendered":"<p><strong>Arkkitehtuuritoimisto<\/strong> Manninen p. 040 5479897<\/p>\n<p><strong>Cornia Tenniskentt\u00e4<\/strong>, Pekka M\u00f6ls\u00e4 p. 050 589 3570<\/p>\n<p><strong>Imatran Invalidien kurssi- ja kes\u00e4koti Hakala<\/strong><br \/>\nHakalantie 10 p. 05 437 6260<br \/>\n040 752 4973<\/p>\n<p><strong>Kotipalvelu Ulla-Maija<\/strong> \u00a0 \u00a0p. 0503815674<\/p>\n<p><strong>Kutsutaksi<\/strong>, Imatran Taksi Oy p. 0200 164 64<\/p>\n<p><strong>Pienel\u00e4inl\u00e4\u00e4k\u00e4ri<\/strong> Eija Szepaniak,<br \/>\nPeltoniementie 13 p. 040 557 2005<\/p>\n<p><strong>Polttopuuta<\/strong><br \/>\nMaatalousyhtym\u00e4 Mauno ja Viljo Peltonen p. 050 325 2604<\/p>\n<p><strong>R\u00e4symatot<\/strong><br \/>\nUlla Eerik\u00e4inen, 0503815674<\/p>\n<p><strong>Ternimaitoa, likakaivojen tyhjennykset<\/strong><br \/>\nAntti Paavola p. 050 593 8378<\/p>\n<p><strong>Traktori, ty\u00f6konepalvelut, auraukset<\/strong><br \/>\nKalle Koivunen p. 05 437 6245<\/p>\n<p><strong>Traktori ja ty\u00f6konepalvelu, puutavaraa<\/strong><br \/>\n<strong> polttopuita<\/strong><br \/>\nMaatalousyhtym\u00e4 Tontti p. 0400 9 6835<\/p>\n<p><strong>Traktori, ty\u00f6koneet, maansiirtoty\u00f6t<\/strong><br \/>\nReino J\u00e4ppinen p. 0400 181 410<\/p>\n<p><strong>Vihannekset, kasvikset, mansikkaa<\/strong><br \/>\nKullervo Repo p. 040 581 5940<\/p>\n<p><strong><br \/>\n<\/strong><\/p>\n<p><strong><br \/>\n<\/strong><\/p>\n<p>&nbsp;<\/p>\n","protected":false},"excerpt":{"rendered":"<p>Arkkitehtuuritoimisto Manninen p. 040 5479897 Cornia Tenniskentt\u00e4, Pekka M\u00f6ls\u00e4 p. 050 589 3570 Imatran Invalidien kurssi- ja kes\u00e4koti Hakala Hakalantie 10 p. 05 437 6260 040 752 4973 Kotipalvelu Ulla-Maija \u00a0 \u00a0p. 0503815674 Kutsutaksi, Imatran Taksi Oy p. 0200 164 &hellip; <a href=\"https:\/\/kylat.ekarjala.fi\/jappilanniemi\/palveluhakemisto\/\">Continue reading <span class=\"meta-nav\">&rarr;<\/span><\/a><\/p>\n","protected":false},"author":92,"featured_media":0,"parent":0,"menu_order":3,"comment_status":"open","ping_status":"open","template":"","meta":{"footnotes":""},"class_list":["post-51","page","type-page","status-publish","hentry"],"_links":{"self":[{"href":"https:\/\/kylat.ekarjala.fi\/jappilanniemi\/wp-json\/wp\/v2\/pages\/51","targetHints":{"allow":["GET"]}}],"collection":[{"href":"https:\/\/kylat.ekarjala.fi\/jappilanniemi\/wp-json\/wp\/v2\/pages"}],"about":[{"href":"https:\/\/kylat.ekarjala.fi\/jappilanniemi\/wp-json\/wp\/v2\/types\/page"}],"author":[{"embeddable":true,"href":"https:\/\/kylat.ekarjala.fi\/jappilanniemi\/wp-json\/wp\/v2\/users\/92"}],"replies":[{"embeddable":true,"href":"https:\/\/kylat.ekarjala.fi\/jappilanniemi\/wp-json\/wp\/v2\/comments?post=51"}],"version-history":[{"count":11,"href":"https:\/\/kylat.ekarjala.fi\/jappilanniemi\/wp-json\/wp\/v2\/pages\/51\/revisions"}],"predecessor-version":[{"id":153,"href":"https:\/\/kylat.ekarjala.fi\/jappilanniemi\/wp-json\/wp\/v2\/pages\/51\/revisions\/153"}],"wp:attachment":[{"href":"https:\/\/kylat.ekarjala.fi\/jappilanniemi\/wp-json\/wp\/v2\/media?parent=51"}],"curies":[{"name":"wp","href":"https:\/\/api.w.org\/{rel}","templated":true}]}}