{"id":57,"date":"2012-01-03T10:38:03","date_gmt":"2012-01-03T10:38:03","guid":{"rendered":"https:\/\/kylat.ekarjala.fi\/jappilanniemi\/?page_id=57"},"modified":"2012-01-03T10:38:42","modified_gmt":"2012-01-03T10:38:42","slug":"kylatoimikunta","status":"publish","type":"page","link":"https:\/\/kylat.ekarjala.fi\/jappilanniemi\/yhdistykset\/kylatoimikunta\/","title":{"rendered":"Kyl\u00e4toimikunta"},"content":{"rendered":"<p>J\u00c4PPIL\u00c4NNIEMEN KYL\u00c4TOIMIKUNTA<br \/>\nToimihenkil\u00f6t   Kyl\u00e4  Puhelinnumero<\/p>\n<p>Puheenjohtaja Yrj\u00f6 Haverinen J\u00e4ppil\u00e4nniemi puh 040 5749 765, yrj\u00f6.haverinen@gmail.com<\/p>\n<p>Sihteeri, rahastonhoitaja Sinikka J\u00e4ppinen J\u00e4ppil\u00e4nniemi<br \/>\nJ\u00e4sen  Tuomo Tontti J\u00e4ppil\u00e4nniemi<br \/>\nJ\u00e4sen  Eeva Manninen J\u00e4ppil\u00e4nniemi<br \/>\nJ\u00e4sen  Ulla Eerik\u00e4inen Salo-Peltola<br \/>\nJ\u00e4sen   Tuomi Peltonen Salo-Peltola<br \/>\nJ\u00e4sen  Esa Vertanen  Salo-Peltola<\/p>\n","protected":false},"excerpt":{"rendered":"<p>J\u00c4PPIL\u00c4NNIEMEN KYL\u00c4TOIMIKUNTA Toimihenkil\u00f6t Kyl\u00e4 Puhelinnumero Puheenjohtaja Yrj\u00f6 Haverinen J\u00e4ppil\u00e4nniemi puh 040 5749 765, yrj\u00f6.haverinen@gmail.com Sihteeri, rahastonhoitaja Sinikka J\u00e4ppinen J\u00e4ppil\u00e4nniemi J\u00e4sen Tuomo Tontti J\u00e4ppil\u00e4nniemi J\u00e4sen Eeva Manninen J\u00e4ppil\u00e4nniemi J\u00e4sen Ulla Eerik\u00e4inen Salo-Peltola J\u00e4sen Tuomi Peltonen Salo-Peltola J\u00e4sen Esa Vertanen Salo-Peltola<\/p>\n","protected":false},"author":92,"featured_media":0,"parent":54,"menu_order":0,"comment_status":"open","ping_status":"open","template":"","meta":{"footnotes":""},"class_list":["post-57","page","type-page","status-publish","hentry"],"_links":{"self":[{"href":"https:\/\/kylat.ekarjala.fi\/jappilanniemi\/wp-json\/wp\/v2\/pages\/57","targetHints":{"allow":["GET"]}}],"collection":[{"href":"https:\/\/kylat.ekarjala.fi\/jappilanniemi\/wp-json\/wp\/v2\/pages"}],"about":[{"href":"https:\/\/kylat.ekarjala.fi\/jappilanniemi\/wp-json\/wp\/v2\/types\/page"}],"author":[{"embeddable":true,"href":"https:\/\/kylat.ekarjala.fi\/jappilanniemi\/wp-json\/wp\/v2\/users\/92"}],"replies":[{"embeddable":true,"href":"https:\/\/kylat.ekarjala.fi\/jappilanniemi\/wp-json\/wp\/v2\/comments?post=57"}],"version-history":[{"count":2,"href":"https:\/\/kylat.ekarjala.fi\/jappilanniemi\/wp-json\/wp\/v2\/pages\/57\/revisions"}],"predecessor-version":[{"id":59,"href":"https:\/\/kylat.ekarjala.fi\/jappilanniemi\/wp-json\/wp\/v2\/pages\/57\/revisions\/59"}],"up":[{"embeddable":true,"href":"https:\/\/kylat.ekarjala.fi\/jappilanniemi\/wp-json\/wp\/v2\/pages\/54"}],"wp:attachment":[{"href":"https:\/\/kylat.ekarjala.fi\/jappilanniemi\/wp-json\/wp\/v2\/media?parent=57"}],"curies":[{"name":"wp","href":"https:\/\/api.w.org\/{rel}","templated":true}]}}