{"id":60,"date":"2012-01-03T10:39:06","date_gmt":"2012-01-03T10:39:06","guid":{"rendered":"https:\/\/kylat.ekarjala.fi\/jappilanniemi\/?page_id=60"},"modified":"2012-01-23T17:13:27","modified_gmt":"2012-01-23T17:13:27","slug":"martat","status":"publish","type":"page","link":"https:\/\/kylat.ekarjala.fi\/jappilanniemi\/yhdistykset\/martat\/","title":{"rendered":"Martat"},"content":{"rendered":"<p>Per.10.2.2012 klo 17 l\u00e4hdemme lohelaan vi\u00e4tt\u00e4m\u00e4\u00e4n hemmottelu iltaa saunan ja lohi ateriasta nauttien<br \/>\n.Tervetuloa kaikki martat mukaan nauttimaan illasta .vietet\u00e4\u00e4n rentouttava ilta .<br \/>\nMartat<\/p>\n<p>H\u00e4rk\u00e4pavuista ruokaa<br \/>\nJulkaistu 23.1.2012<br \/>\nby Mirja Peltonen| Kommentoi<br \/>\nMa 30.1 2012 klo 13. Seurojentalolla valmistamme h\u00e4rk\u00e4pavuista salaattia ja keittoa. Tervetuloa maistelemaan<br \/>\nMartat<\/p>\n<p><a href=\"https:\/\/kylat.ekarjala.fi\/jappilanniemi\/wp-content\/uploads\/sites\/39\/2012\/01\/281.jpg\"><img loading=\"lazy\" decoding=\"async\" class=\"alignleft size-full wp-image-195\" src=\"https:\/\/kylat.ekarjala.fi\/jappilanniemi\/wp-content\/uploads\/sites\/39\/2012\/01\/281.jpg\" alt=\"\" width=\"640\" height=\"480\" \/><\/a>\u00a0Martta teatteri juhannus juhlilla 2011<\/p>\n<p>SALOPELTOLA &#8211; J\u00c4PPIL\u00c4NNIEMEN MARTAT RY<\/p>\n<p>Pj Mirja Peltonen puh. 050 5285 453<\/p>\n<p>Siht. P\u00e4ivi Sormunen puh. 0400 63 4678<\/p>\n<p>Ke 18.1.2012 Imatran urheilutalolla II ja III Taitoavaininfo kello 14-16.<\/p>\n<p>Tervetuloa mukaan marttojen toimintaan.<\/p>\n<p>\u00a0<a href=\"https:\/\/kylat.ekarjala.fi\/jappilanniemi\/wp-content\/uploads\/sites\/39\/2012\/01\/048.jpg\"><img loading=\"lazy\" decoding=\"async\" class=\"alignleft size-full wp-image-198\" src=\"https:\/\/kylat.ekarjala.fi\/jappilanniemi\/wp-content\/uploads\/sites\/39\/2012\/01\/048.jpg\" alt=\"\" width=\"3648\" height=\"2736\" \/><\/a><\/p>\n<p>Ma 30.1 2012 klo 13. Seurojentalolla valmistamme h\u00e4rk\u00e4pavuista salaattia ja keittoa. Tervetuloa maistelemaan<br \/>\nMartat<\/p>\n","protected":false},"excerpt":{"rendered":"<p>Per.10.2.2012 klo 17 l\u00e4hdemme lohelaan vi\u00e4tt\u00e4m\u00e4\u00e4n hemmottelu iltaa saunan ja lohi ateriasta nauttien .Tervetuloa kaikki martat mukaan nauttimaan illasta .vietet\u00e4\u00e4n rentouttava ilta . Martat H\u00e4rk\u00e4pavuista ruokaa Julkaistu 23.1.2012 by Mirja Peltonen| Kommentoi Ma 30.1 2012 klo 13. Seurojentalolla valmistamme h\u00e4rk\u00e4pavuista &hellip; <a href=\"https:\/\/kylat.ekarjala.fi\/jappilanniemi\/yhdistykset\/martat\/\">Continue reading <span class=\"meta-nav\">&rarr;<\/span><\/a><\/p>\n","protected":false},"author":92,"featured_media":0,"parent":54,"menu_order":0,"comment_status":"open","ping_status":"open","template":"","meta":{"footnotes":""},"class_list":["post-60","page","type-page","status-publish","hentry"],"_links":{"self":[{"href":"https:\/\/kylat.ekarjala.fi\/jappilanniemi\/wp-json\/wp\/v2\/pages\/60","targetHints":{"allow":["GET"]}}],"collection":[{"href":"https:\/\/kylat.ekarjala.fi\/jappilanniemi\/wp-json\/wp\/v2\/pages"}],"about":[{"href":"https:\/\/kylat.ekarjala.fi\/jappilanniemi\/wp-json\/wp\/v2\/types\/page"}],"author":[{"embeddable":true,"href":"https:\/\/kylat.ekarjala.fi\/jappilanniemi\/wp-json\/wp\/v2\/users\/92"}],"replies":[{"embeddable":true,"href":"https:\/\/kylat.ekarjala.fi\/jappilanniemi\/wp-json\/wp\/v2\/comments?post=60"}],"version-history":[{"count":28,"href":"https:\/\/kylat.ekarjala.fi\/jappilanniemi\/wp-json\/wp\/v2\/pages\/60\/revisions"}],"predecessor-version":[{"id":150,"href":"https:\/\/kylat.ekarjala.fi\/jappilanniemi\/wp-json\/wp\/v2\/pages\/60\/revisions\/150"}],"up":[{"embeddable":true,"href":"https:\/\/kylat.ekarjala.fi\/jappilanniemi\/wp-json\/wp\/v2\/pages\/54"}],"wp:attachment":[{"href":"https:\/\/kylat.ekarjala.fi\/jappilanniemi\/wp-json\/wp\/v2\/media?parent=60"}],"curies":[{"name":"wp","href":"https:\/\/api.w.org\/{rel}","templated":true}]}}