{"id":62,"date":"2012-01-03T10:41:45","date_gmt":"2012-01-03T10:41:45","guid":{"rendered":"https:\/\/kylat.ekarjala.fi\/jappilanniemi\/?page_id=62"},"modified":"2012-06-19T13:50:59","modified_gmt":"2012-06-19T13:50:59","slug":"enson-kisailijat","status":"publish","type":"page","link":"https:\/\/kylat.ekarjala.fi\/jappilanniemi\/yhdistykset\/enson-kisailijat\/","title":{"rendered":"Enson Kisailijat"},"content":{"rendered":"<p><a href=\"https:\/\/kylat.ekarjala.fi\/jappilanniemi\/wp-content\/uploads\/sites\/39\/2012\/06\/EnsKis1.doc\">Enson Kisailijat 90 v.- P\u00e4\u00e4toimittaja Antti O.Arposen tekem\u00e4 katsaus urheiluseuran alkuajoilta Ensossa<\/a><\/p>\n<p>&nbsp;<\/p>\n<p><a href=\"https:\/\/kylat.ekarjala.fi\/jappilanniemi\/wp-content\/uploads\/sites\/39\/2012\/06\/Parkkinen.doc\">Enson Kisailijat 90 v,- Lassi Parkkinen<\/a><\/p>\n<p>ENSON KISAILIJAT RY<\/p>\n<p>Pj. Reino J\u00e4ppinen puh. 0400 18 1410<br \/>\nSiht. Ulla Eerik\u00e4inen puh.050 381 5674<\/p>\n<div id=\"attachment_63\" style=\"width: 650px\" class=\"wp-caption alignnone\"><a href=\"https:\/\/kylat.ekarjala.fi\/jappilanniemi\/wp-content\/uploads\/sites\/39\/2012\/01\/Kisailijat.jpg\"><img loading=\"lazy\" decoding=\"async\" aria-describedby=\"caption-attachment-63\" class=\"size-full wp-image-63\" src=\"https:\/\/kylat.ekarjala.fi\/jappilanniemi\/wp-content\/uploads\/sites\/39\/2012\/01\/Kisailijat.jpg\" alt=\"\" width=\"640\" height=\"480\" \/><\/a><p id=\"caption-attachment-63\" class=\"wp-caption-text\">Kes\u00e4kisat 2010<\/p><\/div>\n<p>&nbsp;<\/p>\n<div id=\"attachment_64\" style=\"width: 650px\" class=\"wp-caption alignnone\"><a href=\"https:\/\/kylat.ekarjala.fi\/jappilanniemi\/wp-content\/uploads\/sites\/39\/2012\/01\/kisailijat2.jpg\"><img loading=\"lazy\" decoding=\"async\" aria-describedby=\"caption-attachment-64\" class=\"size-full wp-image-64\" src=\"https:\/\/kylat.ekarjala.fi\/jappilanniemi\/wp-content\/uploads\/sites\/39\/2012\/01\/kisailijat2.jpg\" alt=\"\" width=\"640\" height=\"480\" \/><\/a><p id=\"caption-attachment-64\" class=\"wp-caption-text\">Palkintojen jako<\/p><\/div>\n<p>&nbsp;<\/p>\n","protected":false},"excerpt":{"rendered":"<p>Enson Kisailijat 90 v.- P\u00e4\u00e4toimittaja Antti O.Arposen tekem\u00e4 katsaus urheiluseuran alkuajoilta Ensossa &nbsp; Enson Kisailijat 90 v,- Lassi Parkkinen ENSON KISAILIJAT RY Pj. Reino J\u00e4ppinen puh. 0400 18 1410 Siht. Ulla Eerik\u00e4inen puh.050 381 5674 &nbsp; &nbsp;<\/p>\n","protected":false},"author":92,"featured_media":0,"parent":54,"menu_order":0,"comment_status":"open","ping_status":"open","template":"","meta":{"footnotes":""},"class_list":["post-62","page","type-page","status-publish","hentry"],"_links":{"self":[{"href":"https:\/\/kylat.ekarjala.fi\/jappilanniemi\/wp-json\/wp\/v2\/pages\/62","targetHints":{"allow":["GET"]}}],"collection":[{"href":"https:\/\/kylat.ekarjala.fi\/jappilanniemi\/wp-json\/wp\/v2\/pages"}],"about":[{"href":"https:\/\/kylat.ekarjala.fi\/jappilanniemi\/wp-json\/wp\/v2\/types\/page"}],"author":[{"embeddable":true,"href":"https:\/\/kylat.ekarjala.fi\/jappilanniemi\/wp-json\/wp\/v2\/users\/92"}],"replies":[{"embeddable":true,"href":"https:\/\/kylat.ekarjala.fi\/jappilanniemi\/wp-json\/wp\/v2\/comments?post=62"}],"version-history":[{"count":8,"href":"https:\/\/kylat.ekarjala.fi\/jappilanniemi\/wp-json\/wp\/v2\/pages\/62\/revisions"}],"predecessor-version":[{"id":149,"href":"https:\/\/kylat.ekarjala.fi\/jappilanniemi\/wp-json\/wp\/v2\/pages\/62\/revisions\/149"}],"up":[{"embeddable":true,"href":"https:\/\/kylat.ekarjala.fi\/jappilanniemi\/wp-json\/wp\/v2\/pages\/54"}],"wp:attachment":[{"href":"https:\/\/kylat.ekarjala.fi\/jappilanniemi\/wp-json\/wp\/v2\/media?parent=62"}],"curies":[{"name":"wp","href":"https:\/\/api.w.org\/{rel}","templated":true}]}}