{"id":70,"date":"2012-01-03T10:43:59","date_gmt":"2012-01-03T10:43:59","guid":{"rendered":"https:\/\/kylat.ekarjala.fi\/jappilanniemi\/?page_id=70"},"modified":"2012-01-23T10:25:43","modified_gmt":"2012-01-23T10:25:43","slug":"salo-peltolan-seurojentalo","status":"publish","type":"page","link":"https:\/\/kylat.ekarjala.fi\/jappilanniemi\/yhdistykset\/salo-peltolan-seurojentalo\/","title":{"rendered":"Salo-Peltolan Seurojentalo"},"content":{"rendered":"<p>SALO-PELTOLAN SEUROJENTALOYHTI\u00d6<\/p>\n<p>J\u00e4ppil\u00e4nniementie 728 55800 Imatra<\/p>\n<p>Pj. Unto Peltonen puh. 050 3570 032<br \/>\nSiht. Reijo Sepp\u00e4l\u00e4 puh.0400 692 677<\/p>\n","protected":false},"excerpt":{"rendered":"<p>SALO-PELTOLAN SEUROJENTALOYHTI\u00d6 J\u00e4ppil\u00e4nniementie 728 55800 Imatra Pj. Unto Peltonen puh. 050 3570 032 Siht. Reijo Sepp\u00e4l\u00e4 puh.0400 692 677<\/p>\n","protected":false},"author":92,"featured_media":0,"parent":54,"menu_order":0,"comment_status":"open","ping_status":"open","template":"","meta":{"footnotes":""},"class_list":["post-70","page","type-page","status-publish","hentry"],"_links":{"self":[{"href":"https:\/\/kylat.ekarjala.fi\/jappilanniemi\/wp-json\/wp\/v2\/pages\/70","targetHints":{"allow":["GET"]}}],"collection":[{"href":"https:\/\/kylat.ekarjala.fi\/jappilanniemi\/wp-json\/wp\/v2\/pages"}],"about":[{"href":"https:\/\/kylat.ekarjala.fi\/jappilanniemi\/wp-json\/wp\/v2\/types\/page"}],"author":[{"embeddable":true,"href":"https:\/\/kylat.ekarjala.fi\/jappilanniemi\/wp-json\/wp\/v2\/users\/92"}],"replies":[{"embeddable":true,"href":"https:\/\/kylat.ekarjala.fi\/jappilanniemi\/wp-json\/wp\/v2\/comments?post=70"}],"version-history":[{"count":8,"href":"https:\/\/kylat.ekarjala.fi\/jappilanniemi\/wp-json\/wp\/v2\/pages\/70\/revisions"}],"predecessor-version":[{"id":166,"href":"https:\/\/kylat.ekarjala.fi\/jappilanniemi\/wp-json\/wp\/v2\/pages\/70\/revisions\/166"}],"up":[{"embeddable":true,"href":"https:\/\/kylat.ekarjala.fi\/jappilanniemi\/wp-json\/wp\/v2\/pages\/54"}],"wp:attachment":[{"href":"https:\/\/kylat.ekarjala.fi\/jappilanniemi\/wp-json\/wp\/v2\/media?parent=70"}],"curies":[{"name":"wp","href":"https:\/\/api.w.org\/{rel}","templated":true}]}}