{"id":95,"date":"2012-01-03T11:02:22","date_gmt":"2012-01-03T11:02:22","guid":{"rendered":"https:\/\/kylat.ekarjala.fi\/jappilanniemi\/?page_id=95"},"modified":"2012-01-03T11:02:22","modified_gmt":"2012-01-03T11:02:22","slug":"taidetie-2010","status":"publish","type":"page","link":"https:\/\/kylat.ekarjala.fi\/jappilanniemi\/taidetie\/taidetie-2010\/","title":{"rendered":"Taidetie 2010"},"content":{"rendered":"<div id=\"attachment_96\" style=\"width: 810px\" class=\"wp-caption alignnone\"><a href=\"https:\/\/kylat.ekarjala.fi\/jappilanniemi\/wp-content\/uploads\/sites\/39\/2012\/01\/taidetie-2010.jpg\"><img loading=\"lazy\" decoding=\"async\" aria-describedby=\"caption-attachment-96\" class=\"size-full wp-image-96\" src=\"https:\/\/kylat.ekarjala.fi\/jappilanniemi\/wp-content\/uploads\/sites\/39\/2012\/01\/taidetie-2010.jpg\" alt=\"\" width=\"800\" height=\"533\" \/><\/a><p id=\"caption-attachment-96\" class=\"wp-caption-text\">Valokuva Albert Edelfeltin taulusta Ruokolahden eukkoja kirkonm\u00e4ell\u00e4. Edelfelt asui Elli J\u00e4ppisen luona J\u00e4ppil\u00e4nniemess\u00e4 1880-l. Elli J\u00e4ppinen on yksi kuvan eukoista. Kuva. Ateneum,valt.taidemuseo,kuvatait. keskusark., valokuvaaja Hannu Aaltonen.<\/p><\/div>\n<p><strong>Kes\u00e4n 2010 taiteilijat taidetiell\u00e4<\/strong><br \/>\nJaana Antola , Seppo Honka, Eija Juuti, Marjut Kalin, Mari Leinonen, Mervi Kyt\u00f6salmi-Buhl, Veera Manninen, Kristiina Pellinen, Jouni Suikkanen,<\/p>\n<p>Runolaiturilla Raili Suikkasen ja Merja Vertasen runoja.<\/p>\n","protected":false},"excerpt":{"rendered":"<p>Kes\u00e4n 2010 taiteilijat taidetiell\u00e4 Jaana Antola , Seppo Honka, Eija Juuti, Marjut Kalin, Mari Leinonen, Mervi Kyt\u00f6salmi-Buhl, Veera Manninen, Kristiina Pellinen, Jouni Suikkanen, Runolaiturilla Raili Suikkasen ja Merja Vertasen runoja.<\/p>\n","protected":false},"author":92,"featured_media":0,"parent":92,"menu_order":0,"comment_status":"open","ping_status":"open","template":"","meta":{"footnotes":""},"class_list":["post-95","page","type-page","status-publish","hentry"],"_links":{"self":[{"href":"https:\/\/kylat.ekarjala.fi\/jappilanniemi\/wp-json\/wp\/v2\/pages\/95","targetHints":{"allow":["GET"]}}],"collection":[{"href":"https:\/\/kylat.ekarjala.fi\/jappilanniemi\/wp-json\/wp\/v2\/pages"}],"about":[{"href":"https:\/\/kylat.ekarjala.fi\/jappilanniemi\/wp-json\/wp\/v2\/types\/page"}],"author":[{"embeddable":true,"href":"https:\/\/kylat.ekarjala.fi\/jappilanniemi\/wp-json\/wp\/v2\/users\/92"}],"replies":[{"embeddable":true,"href":"https:\/\/kylat.ekarjala.fi\/jappilanniemi\/wp-json\/wp\/v2\/comments?post=95"}],"version-history":[{"count":1,"href":"https:\/\/kylat.ekarjala.fi\/jappilanniemi\/wp-json\/wp\/v2\/pages\/95\/revisions"}],"predecessor-version":[{"id":97,"href":"https:\/\/kylat.ekarjala.fi\/jappilanniemi\/wp-json\/wp\/v2\/pages\/95\/revisions\/97"}],"up":[{"embeddable":true,"href":"https:\/\/kylat.ekarjala.fi\/jappilanniemi\/wp-json\/wp\/v2\/pages\/92"}],"wp:attachment":[{"href":"https:\/\/kylat.ekarjala.fi\/jappilanniemi\/wp-json\/wp\/v2\/media?parent=95"}],"curies":[{"name":"wp","href":"https:\/\/api.w.org\/{rel}","templated":true}]}}