{"id":98,"date":"2012-01-03T11:02:46","date_gmt":"2012-01-03T11:02:46","guid":{"rendered":"https:\/\/kylat.ekarjala.fi\/jappilanniemi\/?page_id=98"},"modified":"2012-01-03T11:02:46","modified_gmt":"2012-01-03T11:02:46","slug":"taidetie-2011","status":"publish","type":"page","link":"https:\/\/kylat.ekarjala.fi\/jappilanniemi\/taidetie\/taidetie-2011\/","title":{"rendered":"Taidetie 2011"},"content":{"rendered":"<p>Kuvataiteilija Kristiina Pellinen\u00a0suunnittelee ensi kes\u00e4n\u00a0taiden\u00e4yttelyn Seurojentalolle. H\u00e4n valmistaa my\u00f6s yhden kohteen itse. Kristiina tarvitsee kohteeseensa vanhaa puutavaraa, paneelia, lautaa rimaa yms. joista h\u00e4n\u00a0tekee Seurojentalolle taideteoksen. Kristiina kiertelee kyl\u00e4ll\u00e4 ker\u00e4\u00e4m\u00e4ss\u00e4 puutavaraa. Toivomme mahdollisimman monen luovuttavan h\u00e4nelle materiaalia.<\/p>\n<p>Laittakaa viesti\u00e4 tai soitelkaa Eevalle tai P\u00e4iville mik\u00e4li teill\u00e4 on materiaalia taideteokseen.<\/p>\n","protected":false},"excerpt":{"rendered":"<p>Kuvataiteilija Kristiina Pellinen\u00a0suunnittelee ensi kes\u00e4n\u00a0taiden\u00e4yttelyn Seurojentalolle. H\u00e4n valmistaa my\u00f6s yhden kohteen itse. Kristiina tarvitsee kohteeseensa vanhaa puutavaraa, paneelia, lautaa rimaa yms. joista h\u00e4n\u00a0tekee Seurojentalolle taideteoksen. Kristiina kiertelee kyl\u00e4ll\u00e4 ker\u00e4\u00e4m\u00e4ss\u00e4 puutavaraa. Toivomme mahdollisimman monen luovuttavan h\u00e4nelle materiaalia. Laittakaa viesti\u00e4 tai soitelkaa &hellip; <a href=\"https:\/\/kylat.ekarjala.fi\/jappilanniemi\/taidetie\/taidetie-2011\/\">Continue reading <span class=\"meta-nav\">&rarr;<\/span><\/a><\/p>\n","protected":false},"author":92,"featured_media":0,"parent":92,"menu_order":0,"comment_status":"open","ping_status":"open","template":"","meta":{"footnotes":""},"class_list":["post-98","page","type-page","status-publish","hentry"],"_links":{"self":[{"href":"https:\/\/kylat.ekarjala.fi\/jappilanniemi\/wp-json\/wp\/v2\/pages\/98","targetHints":{"allow":["GET"]}}],"collection":[{"href":"https:\/\/kylat.ekarjala.fi\/jappilanniemi\/wp-json\/wp\/v2\/pages"}],"about":[{"href":"https:\/\/kylat.ekarjala.fi\/jappilanniemi\/wp-json\/wp\/v2\/types\/page"}],"author":[{"embeddable":true,"href":"https:\/\/kylat.ekarjala.fi\/jappilanniemi\/wp-json\/wp\/v2\/users\/92"}],"replies":[{"embeddable":true,"href":"https:\/\/kylat.ekarjala.fi\/jappilanniemi\/wp-json\/wp\/v2\/comments?post=98"}],"version-history":[{"count":1,"href":"https:\/\/kylat.ekarjala.fi\/jappilanniemi\/wp-json\/wp\/v2\/pages\/98\/revisions"}],"predecessor-version":[{"id":99,"href":"https:\/\/kylat.ekarjala.fi\/jappilanniemi\/wp-json\/wp\/v2\/pages\/98\/revisions\/99"}],"up":[{"embeddable":true,"href":"https:\/\/kylat.ekarjala.fi\/jappilanniemi\/wp-json\/wp\/v2\/pages\/92"}],"wp:attachment":[{"href":"https:\/\/kylat.ekarjala.fi\/jappilanniemi\/wp-json\/wp\/v2\/media?parent=98"}],"curies":[{"name":"wp","href":"https:\/\/api.w.org\/{rel}","templated":true}]}}