{"id":103,"date":"2012-02-29T14:07:30","date_gmt":"2012-02-29T14:07:30","guid":{"rendered":"https:\/\/kylat.ekarjala.fi\/kaharila\/?page_id=103"},"modified":"2021-01-08T14:22:19","modified_gmt":"2021-01-08T14:22:19","slug":"kaharilan-martat-ry","status":"publish","type":"page","link":"https:\/\/kylat.ekarjala.fi\/kaharila\/?page_id=103","title":{"rendered":"K\u00e4h\u00e4ril\u00e4n Martat ry."},"content":{"rendered":"<p>Kyl\u00e4ll\u00e4 toimii 1933 perustettu K\u00e4h\u00e4ril\u00e4n Martat ry. Aiemmin K\u00e4h\u00e4ril\u00e4n marttakerho. J\u00e4seni\u00e4 yhdistyksess\u00e4 21. Yhdistyksen puheenjohtajana toimii Eeva Sihvo ja sihteerin\u00e4 Marjatta Kilpi\u00e4.<\/p>\n","protected":false},"excerpt":{"rendered":"<p>Kyl\u00e4ll\u00e4 toimii 1933 perustettu K\u00e4h\u00e4ril\u00e4n Martat ry. Aiemmin K\u00e4h\u00e4ril\u00e4n marttakerho. J\u00e4seni\u00e4 yhdistyksess\u00e4 21. Yhdistyksen puheenjohtajana toimii Eeva Sihvo ja sihteerin\u00e4 Marjatta Kilpi\u00e4.<\/p>\n","protected":false},"author":101,"featured_media":0,"parent":74,"menu_order":0,"comment_status":"closed","ping_status":"open","template":"","meta":{"footnotes":""},"class_list":["post-103","page","type-page","status-publish","hentry"],"_links":{"self":[{"href":"https:\/\/kylat.ekarjala.fi\/kaharila\/index.php?rest_route=\/wp\/v2\/pages\/103","targetHints":{"allow":["GET"]}}],"collection":[{"href":"https:\/\/kylat.ekarjala.fi\/kaharila\/index.php?rest_route=\/wp\/v2\/pages"}],"about":[{"href":"https:\/\/kylat.ekarjala.fi\/kaharila\/index.php?rest_route=\/wp\/v2\/types\/page"}],"author":[{"embeddable":true,"href":"https:\/\/kylat.ekarjala.fi\/kaharila\/index.php?rest_route=\/wp\/v2\/users\/101"}],"replies":[{"embeddable":true,"href":"https:\/\/kylat.ekarjala.fi\/kaharila\/index.php?rest_route=%2Fwp%2Fv2%2Fcomments&post=103"}],"version-history":[{"count":4,"href":"https:\/\/kylat.ekarjala.fi\/kaharila\/index.php?rest_route=\/wp\/v2\/pages\/103\/revisions"}],"predecessor-version":[{"id":649,"href":"https:\/\/kylat.ekarjala.fi\/kaharila\/index.php?rest_route=\/wp\/v2\/pages\/103\/revisions\/649"}],"up":[{"embeddable":true,"href":"https:\/\/kylat.ekarjala.fi\/kaharila\/index.php?rest_route=\/wp\/v2\/pages\/74"}],"wp:attachment":[{"href":"https:\/\/kylat.ekarjala.fi\/kaharila\/index.php?rest_route=%2Fwp%2Fv2%2Fmedia&parent=103"}],"curies":[{"name":"wp","href":"https:\/\/api.w.org\/{rel}","templated":true}]}}