{"id":23,"date":"2012-01-17T14:33:18","date_gmt":"2012-01-17T14:33:18","guid":{"rendered":"https:\/\/kylat.ekarjala.fi\/kaharila\/?page_id=23"},"modified":"2021-01-08T14:15:31","modified_gmt":"2021-01-08T14:15:31","slug":"kuvia-kylalta","status":"publish","type":"page","link":"https:\/\/kylat.ekarjala.fi\/kaharila\/?page_id=23","title":{"rendered":"Kuvia kyl\u00e4lt\u00e4"},"content":{"rendered":"<div id='gallery-1' class='gallery galleryid-23 gallery-columns-3 gallery-size-thumbnail'><dl class='gallery-item'>\n\t\t\t<dt class='gallery-icon landscape'>\n\t\t\t\t<a href='https:\/\/kylat.ekarjala.fi\/kaharila\/?attachment_id=117'><img loading=\"lazy\" decoding=\"async\" width=\"150\" height=\"100\" src=\"https:\/\/kylat.ekarjala.fi\/kaharila\/wp-content\/uploads\/sites\/41\/2012\/01\/LINNUT1.jpg\" class=\"attachment-thumbnail size-thumbnail\" alt=\"\" \/><\/a>\n\t\t\t<\/dt><\/dl><dl class='gallery-item'>\n\t\t\t<dt class='gallery-icon landscape'>\n\t\t\t\t<a href='https:\/\/kylat.ekarjala.fi\/kaharila\/?attachment_id=123'><img loading=\"lazy\" decoding=\"async\" width=\"150\" height=\"100\" src=\"https:\/\/kylat.ekarjala.fi\/kaharila\/wp-content\/uploads\/sites\/41\/2012\/01\/PATIKKA-REISSU-MYR\u00c4LL\u00c4-K\u00c4KY-010.jpg\" class=\"attachment-thumbnail size-thumbnail\" alt=\"\" aria-describedby=\"gallery-1-123\" \/><\/a>\n\t\t\t<\/dt>\n\t\t\t\t<dd class='wp-caption-text gallery-caption' id='gallery-1-123'>\n\t\t\t\tpatikka reissu\n\t\t\t\t<\/dd><\/dl><dl class='gallery-item'>\n\t\t\t<dt class='gallery-icon landscape'>\n\t\t\t\t<a href='https:\/\/kylat.ekarjala.fi\/kaharila\/?attachment_id=126'><img loading=\"lazy\" decoding=\"async\" width=\"150\" height=\"100\" src=\"https:\/\/kylat.ekarjala.fi\/kaharila\/wp-content\/uploads\/sites\/41\/2012\/01\/pipa-004.jpg\" class=\"attachment-thumbnail size-thumbnail\" alt=\"\" aria-describedby=\"gallery-1-126\" \/><\/a>\n\t\t\t<\/dt>\n\t\t\t\t<dd class='wp-caption-text gallery-caption' id='gallery-1-126'>\n\t\t\t\tonkikilpailut\n\t\t\t\t<\/dd><\/dl><br style=\"clear: both\" \/><dl class='gallery-item'>\n\t\t\t<dt class='gallery-icon landscape'>\n\t\t\t\t<a href='https:\/\/kylat.ekarjala.fi\/kaharila\/?attachment_id=129'><img loading=\"lazy\" decoding=\"async\" width=\"150\" height=\"100\" src=\"https:\/\/kylat.ekarjala.fi\/kaharila\/wp-content\/uploads\/sites\/41\/2012\/01\/pipa-006.jpg\" class=\"attachment-thumbnail size-thumbnail\" alt=\"\" aria-describedby=\"gallery-1-129\" \/><\/a>\n\t\t\t<\/dt>\n\t\t\t\t<dd class='wp-caption-text gallery-caption' id='gallery-1-129'>\n\t\t\t\tonkikilpailu\n\t\t\t\t<\/dd><\/dl><dl class='gallery-item'>\n\t\t\t<dt class='gallery-icon landscape'>\n\t\t\t\t<a href='https:\/\/kylat.ekarjala.fi\/kaharila\/?attachment_id=130'><img loading=\"lazy\" decoding=\"async\" width=\"150\" height=\"100\" src=\"https:\/\/kylat.ekarjala.fi\/kaharila\/wp-content\/uploads\/sites\/41\/2012\/01\/pipa-007.jpg\" class=\"attachment-thumbnail size-thumbnail\" alt=\"SAIMAANKANAVA\" aria-describedby=\"gallery-1-130\" \/><\/a>\n\t\t\t<\/dt>\n\t\t\t\t<dd class='wp-caption-text gallery-caption' id='gallery-1-130'>\n\t\t\t\tonkikilpailu\n\t\t\t\t<\/dd><\/dl><dl class='gallery-item'>\n\t\t\t<dt class='gallery-icon landscape'>\n\t\t\t\t<a href='https:\/\/kylat.ekarjala.fi\/kaharila\/?attachment_id=138'><img loading=\"lazy\" decoding=\"async\" width=\"150\" height=\"100\" src=\"https:\/\/kylat.ekarjala.fi\/kaharila\/wp-content\/uploads\/sites\/41\/2012\/11\/IMG_2500.jpg\" class=\"attachment-thumbnail size-thumbnail\" alt=\"\" aria-describedby=\"gallery-1-138\" \/><\/a>\n\t\t\t<\/dt>\n\t\t\t\t<dd class='wp-caption-text gallery-caption' id='gallery-1-138'>\n\t\t\t\tN\u00c4KYM\u00c4 LAAVULLE\n\t\t\t\t<\/dd><\/dl><br style=\"clear: both\" \/><dl class='gallery-item'>\n\t\t\t<dt class='gallery-icon landscape'>\n\t\t\t\t<a href='https:\/\/kylat.ekarjala.fi\/kaharila\/?attachment_id=139'><img loading=\"lazy\" decoding=\"async\" width=\"150\" height=\"100\" src=\"https:\/\/kylat.ekarjala.fi\/kaharila\/wp-content\/uploads\/sites\/41\/2012\/11\/IMG_2499.jpg\" class=\"attachment-thumbnail size-thumbnail\" alt=\"KUVIAKYL\u00c4LT\u00c4\" \/><\/a>\n\t\t\t<\/dt><\/dl>\n\t\t\t<br style='clear: both' \/>\n\t\t<\/div>\n\n","protected":false},"excerpt":{"rendered":"","protected":false},"author":101,"featured_media":0,"parent":21,"menu_order":0,"comment_status":"closed","ping_status":"open","template":"","meta":{"footnotes":""},"class_list":["post-23","page","type-page","status-publish","hentry"],"_links":{"self":[{"href":"https:\/\/kylat.ekarjala.fi\/kaharila\/index.php?rest_route=\/wp\/v2\/pages\/23","targetHints":{"allow":["GET"]}}],"collection":[{"href":"https:\/\/kylat.ekarjala.fi\/kaharila\/index.php?rest_route=\/wp\/v2\/pages"}],"about":[{"href":"https:\/\/kylat.ekarjala.fi\/kaharila\/index.php?rest_route=\/wp\/v2\/types\/page"}],"author":[{"embeddable":true,"href":"https:\/\/kylat.ekarjala.fi\/kaharila\/index.php?rest_route=\/wp\/v2\/users\/101"}],"replies":[{"embeddable":true,"href":"https:\/\/kylat.ekarjala.fi\/kaharila\/index.php?rest_route=%2Fwp%2Fv2%2Fcomments&post=23"}],"version-history":[{"count":7,"href":"https:\/\/kylat.ekarjala.fi\/kaharila\/index.php?rest_route=\/wp\/v2\/pages\/23\/revisions"}],"predecessor-version":[{"id":134,"href":"https:\/\/kylat.ekarjala.fi\/kaharila\/index.php?rest_route=\/wp\/v2\/pages\/23\/revisions\/134"}],"up":[{"embeddable":true,"href":"https:\/\/kylat.ekarjala.fi\/kaharila\/index.php?rest_route=\/wp\/v2\/pages\/21"}],"wp:attachment":[{"href":"https:\/\/kylat.ekarjala.fi\/kaharila\/index.php?rest_route=%2Fwp%2Fv2%2Fmedia&parent=23"}],"curies":[{"name":"wp","href":"https:\/\/api.w.org\/{rel}","templated":true}]}}