{"id":294,"date":"2014-12-30T15:18:30","date_gmt":"2014-12-30T15:18:30","guid":{"rendered":"https:\/\/kylat.ekarjala.fi\/kaharila\/?page_id=294"},"modified":"2021-01-08T14:21:57","modified_gmt":"2021-01-08T14:21:57","slug":"toimintasuunnitelma-2015","status":"publish","type":"page","link":"https:\/\/kylat.ekarjala.fi\/kaharila\/?page_id=294","title":{"rendered":"Toimintasuunnitelma 2016"},"content":{"rendered":"<ul>\n<li>Lasten hiihtokilpailut, jos lumitilanne sallii<\/li>\n<li>Luistelukentt\u00e4 lapsille<\/li>\n<li>Kolehdin kanto ja tekstinluku Joutsenon kirkossa<\/li>\n<li>Pilkkiongintakilpailut, jos j\u00e4\u00e4t kantavat.<\/li>\n<li>Polttopuutalkoot<\/li>\n<li>Tienvarsien siivous yhdistyksen toimialueella toukokuussa<\/li>\n<li>Kes\u00e4retki Pietariin<\/li>\n<li>K\u00e4ynti Kes\u00e4teatterissa<\/li>\n<li>Lentopallokent\u00e4n hoito + pelit tiistai- iltaisin. Kahvakuulaharjoitukset sek\u00e4 liikuntaleikkikoulu hein\u00e4- elokuussa<\/li>\n<li>Uimalammen hoito ja uimakoppien siivous<\/li>\n<li>Onkikilpailut Saimaan kanavalla<\/li>\n<li>Laavujen ja kodan alueen hoito<\/li>\n<li>Liikuntap\u00e4iv\u00e4 syksyll\u00e4<\/li>\n<\/ul>\n","protected":false},"excerpt":{"rendered":"<p>Lasten hiihtokilpailut, jos lumitilanne sallii Luistelukentt\u00e4 lapsille Kolehdin kanto ja tekstinluku Joutsenon kirkossa Pilkkiongintakilpailut, jos j\u00e4\u00e4t kantavat. Polttopuutalkoot Tienvarsien siivous yhdistyksen toimialueella toukokuussa Kes\u00e4retki Pietariin K\u00e4ynti Kes\u00e4teatterissa Lentopallokent\u00e4n hoito + pelit tiistai- iltaisin. Kahvakuulaharjoitukset sek\u00e4 liikuntaleikkikoulu hein\u00e4- elokuussa Uimalammen hoito &hellip; <a href=\"https:\/\/kylat.ekarjala.fi\/kaharila\/?page_id=294\">Lue loppuun <span class=\"meta-nav\">&rarr;<\/span><\/a><\/p>\n","protected":false},"author":101,"featured_media":0,"parent":76,"menu_order":0,"comment_status":"closed","ping_status":"closed","template":"","meta":{"footnotes":""},"class_list":["post-294","page","type-page","status-publish","hentry"],"_links":{"self":[{"href":"https:\/\/kylat.ekarjala.fi\/kaharila\/index.php?rest_route=\/wp\/v2\/pages\/294","targetHints":{"allow":["GET"]}}],"collection":[{"href":"https:\/\/kylat.ekarjala.fi\/kaharila\/index.php?rest_route=\/wp\/v2\/pages"}],"about":[{"href":"https:\/\/kylat.ekarjala.fi\/kaharila\/index.php?rest_route=\/wp\/v2\/types\/page"}],"author":[{"embeddable":true,"href":"https:\/\/kylat.ekarjala.fi\/kaharila\/index.php?rest_route=\/wp\/v2\/users\/101"}],"replies":[{"embeddable":true,"href":"https:\/\/kylat.ekarjala.fi\/kaharila\/index.php?rest_route=%2Fwp%2Fv2%2Fcomments&post=294"}],"version-history":[{"count":2,"href":"https:\/\/kylat.ekarjala.fi\/kaharila\/index.php?rest_route=\/wp\/v2\/pages\/294\/revisions"}],"predecessor-version":[{"id":429,"href":"https:\/\/kylat.ekarjala.fi\/kaharila\/index.php?rest_route=\/wp\/v2\/pages\/294\/revisions\/429"}],"up":[{"embeddable":true,"href":"https:\/\/kylat.ekarjala.fi\/kaharila\/index.php?rest_route=\/wp\/v2\/pages\/76"}],"wp:attachment":[{"href":"https:\/\/kylat.ekarjala.fi\/kaharila\/index.php?rest_route=%2Fwp%2Fv2%2Fmedia&parent=294"}],"curies":[{"name":"wp","href":"https:\/\/api.w.org\/{rel}","templated":true}]}}