{"id":335,"date":"2015-03-02T14:20:57","date_gmt":"2015-03-02T14:20:57","guid":{"rendered":"https:\/\/kylat.ekarjala.fi\/kaharila\/?page_id=335"},"modified":"2021-01-08T14:20:27","modified_gmt":"2021-01-08T14:20:27","slug":"2015-2","status":"publish","type":"page","link":"https:\/\/kylat.ekarjala.fi\/kaharila\/?page_id=335","title":{"rendered":"2015"},"content":{"rendered":"<p><strong>Tulokset K\u00e4h\u00e4ril\u00e4n Kyl\u00e4yhdistyksen lasten hiihtokilpailuista 28.2.2015 K\u00e4h\u00e4ril\u00e4ss\u00e4.<\/strong><\/p>\n<p><strong>Perinteinen hiihtotapa<\/strong><\/p>\n<p><strong>Tyt\u00f6t 3 v<\/strong><\/p>\n<p>Amanda Ahtiainen &nbsp; &nbsp; &nbsp; &nbsp; 2.01<\/p>\n<p><strong>&nbsp;<\/strong><strong>Tyt\u00f6t 5 v<\/strong><\/p>\n<p>Vilma Poikulainen&nbsp;&nbsp;&nbsp;&nbsp;&nbsp;&nbsp;&nbsp;&nbsp;&nbsp; 2.05<\/p>\n<p>Olivia Ahtiainen &nbsp; &nbsp; &nbsp; &nbsp; &nbsp; &nbsp; &nbsp;2.31<\/p>\n<p><strong>Tyt\u00f6t 8 v<\/strong><\/p>\n<p>Janessa Liukka &nbsp; &nbsp; &nbsp; &nbsp; &nbsp; &nbsp; &nbsp; &nbsp;3.15<\/p>\n<p><strong>Tyt\u00f6t 10 v<\/strong><\/p>\n<p>Heidi Suonio &nbsp; &nbsp; &nbsp; &nbsp; &nbsp; &nbsp; &nbsp; &nbsp; &nbsp; &nbsp;2.31<\/p>\n<p>Minttu Suonio &nbsp; &nbsp; &nbsp; &nbsp; &nbsp; &nbsp; &nbsp; &nbsp; 2.58<\/p>\n<p><strong>Pojat 6 v<\/strong><\/p>\n<p>Simi Liukka &nbsp; &nbsp; &nbsp; &nbsp; &nbsp; &nbsp; &nbsp; &nbsp; &nbsp; &nbsp; &nbsp;3.31<\/p>\n<p><strong>&nbsp;<\/strong><strong>Pojat 10 v<\/strong><\/p>\n<p>Jussi Suonio &nbsp; &nbsp; &nbsp; &nbsp; &nbsp; &nbsp; &nbsp; &nbsp; &nbsp; &nbsp; 2.39<\/p>\n","protected":false},"excerpt":{"rendered":"<p>Tulokset K\u00e4h\u00e4ril\u00e4n Kyl\u00e4yhdistyksen lasten hiihtokilpailuista 28.2.2015 K\u00e4h\u00e4ril\u00e4ss\u00e4. Perinteinen hiihtotapa Tyt\u00f6t 3 v Amanda Ahtiainen &nbsp; &nbsp; &nbsp; &nbsp; 2.01 &nbsp;Tyt\u00f6t 5 v Vilma Poikulainen&nbsp;&nbsp;&nbsp;&nbsp;&nbsp;&nbsp;&nbsp;&nbsp;&nbsp; 2.05 Olivia Ahtiainen &nbsp; &nbsp; &nbsp; &nbsp; &nbsp; &nbsp; &nbsp;2.31 Tyt\u00f6t 8 v Janessa Liukka &nbsp; &hellip; <a href=\"https:\/\/kylat.ekarjala.fi\/kaharila\/?page_id=335\">Lue loppuun <span class=\"meta-nav\">&rarr;<\/span><\/a><\/p>\n","protected":false},"author":101,"featured_media":0,"parent":232,"menu_order":0,"comment_status":"closed","ping_status":"closed","template":"","meta":{"footnotes":""},"class_list":["post-335","page","type-page","status-publish","hentry"],"_links":{"self":[{"href":"https:\/\/kylat.ekarjala.fi\/kaharila\/index.php?rest_route=\/wp\/v2\/pages\/335","targetHints":{"allow":["GET"]}}],"collection":[{"href":"https:\/\/kylat.ekarjala.fi\/kaharila\/index.php?rest_route=\/wp\/v2\/pages"}],"about":[{"href":"https:\/\/kylat.ekarjala.fi\/kaharila\/index.php?rest_route=\/wp\/v2\/types\/page"}],"author":[{"embeddable":true,"href":"https:\/\/kylat.ekarjala.fi\/kaharila\/index.php?rest_route=\/wp\/v2\/users\/101"}],"replies":[{"embeddable":true,"href":"https:\/\/kylat.ekarjala.fi\/kaharila\/index.php?rest_route=%2Fwp%2Fv2%2Fcomments&post=335"}],"version-history":[{"count":2,"href":"https:\/\/kylat.ekarjala.fi\/kaharila\/index.php?rest_route=\/wp\/v2\/pages\/335\/revisions"}],"predecessor-version":[{"id":670,"href":"https:\/\/kylat.ekarjala.fi\/kaharila\/index.php?rest_route=\/wp\/v2\/pages\/335\/revisions\/670"}],"up":[{"embeddable":true,"href":"https:\/\/kylat.ekarjala.fi\/kaharila\/index.php?rest_route=\/wp\/v2\/pages\/232"}],"wp:attachment":[{"href":"https:\/\/kylat.ekarjala.fi\/kaharila\/index.php?rest_route=%2Fwp%2Fv2%2Fmedia&parent=335"}],"curies":[{"name":"wp","href":"https:\/\/api.w.org\/{rel}","templated":true}]}}