{"id":404,"date":"2015-08-26T07:15:16","date_gmt":"2015-08-26T07:15:16","guid":{"rendered":"https:\/\/kylat.ekarjala.fi\/kaharila\/?page_id=404"},"modified":"2021-01-08T14:21:05","modified_gmt":"2021-01-08T14:21:05","slug":"onkikilpailut-2015-2","status":"publish","type":"page","link":"https:\/\/kylat.ekarjala.fi\/kaharila\/?page_id=404","title":{"rendered":"Onkikilpailut 2015"},"content":{"rendered":"<p><strong>Tulokset onkikilpailuista 21.8. 2015<\/strong><\/p>\n<p><strong>Tyt\u00f6t<\/strong><\/p>\n<p>1. Vilma Poikulainen 44g<br \/>\n2. Jenna Karhu 15g<\/p>\n<p><strong>Pojat<\/strong><\/p>\n<p>1. Niko Karhu 150g<br \/>\n2. Jesse V\u00e4lim\u00e4ki 55g<br \/>\n3. Topi Poikulainen 26g<br \/>\nSimi Liukka &#8211;<\/p>\n<p><strong>Yleinen<\/strong><\/p>\n<p>1. Esko Japola 1127g<br \/>\n2. Matti Sepp\u00e4nen 367g<br \/>\n3. Sauli R\u00f6ysk\u00f6 318g<br \/>\n4. Anja Japola 213g<br \/>\n5. Jari Japola 196g<br \/>\n6. Jarno Liukka 78g<br \/>\n7. Harri Karhu 75g<br \/>\n8. Reetta Sepp\u00e4nen 40g<br \/>\n9. Jaana Karhu 22g<br \/>\nJuha Sepp\u00e4nen &#8211;<br \/>\nSeija V\u00e4lim\u00e4ki &#8211;<\/p>\n","protected":false},"excerpt":{"rendered":"<p>Tulokset onkikilpailuista 21.8. 2015 Tyt\u00f6t 1. Vilma Poikulainen 44g 2. Jenna Karhu 15g Pojat 1. Niko Karhu 150g 2. Jesse V\u00e4lim\u00e4ki 55g 3. Topi Poikulainen 26g Simi Liukka &#8211; Yleinen 1. Esko Japola 1127g 2. Matti Sepp\u00e4nen 367g 3. Sauli &hellip; <a href=\"https:\/\/kylat.ekarjala.fi\/kaharila\/?page_id=404\">Lue loppuun <span class=\"meta-nav\">&rarr;<\/span><\/a><\/p>\n","protected":false},"author":101,"featured_media":0,"parent":232,"menu_order":0,"comment_status":"closed","ping_status":"closed","template":"","meta":{"footnotes":""},"class_list":["post-404","page","type-page","status-publish","hentry"],"_links":{"self":[{"href":"https:\/\/kylat.ekarjala.fi\/kaharila\/index.php?rest_route=\/wp\/v2\/pages\/404","targetHints":{"allow":["GET"]}}],"collection":[{"href":"https:\/\/kylat.ekarjala.fi\/kaharila\/index.php?rest_route=\/wp\/v2\/pages"}],"about":[{"href":"https:\/\/kylat.ekarjala.fi\/kaharila\/index.php?rest_route=\/wp\/v2\/types\/page"}],"author":[{"embeddable":true,"href":"https:\/\/kylat.ekarjala.fi\/kaharila\/index.php?rest_route=\/wp\/v2\/users\/101"}],"replies":[{"embeddable":true,"href":"https:\/\/kylat.ekarjala.fi\/kaharila\/index.php?rest_route=%2Fwp%2Fv2%2Fcomments&post=404"}],"version-history":[{"count":3,"href":"https:\/\/kylat.ekarjala.fi\/kaharila\/index.php?rest_route=\/wp\/v2\/pages\/404\/revisions"}],"predecessor-version":[{"id":409,"href":"https:\/\/kylat.ekarjala.fi\/kaharila\/index.php?rest_route=\/wp\/v2\/pages\/404\/revisions\/409"}],"up":[{"embeddable":true,"href":"https:\/\/kylat.ekarjala.fi\/kaharila\/index.php?rest_route=\/wp\/v2\/pages\/232"}],"wp:attachment":[{"href":"https:\/\/kylat.ekarjala.fi\/kaharila\/index.php?rest_route=%2Fwp%2Fv2%2Fmedia&parent=404"}],"curies":[{"name":"wp","href":"https:\/\/api.w.org\/{rel}","templated":true}]}}