{"id":43,"date":"2012-01-17T16:56:53","date_gmt":"2012-01-17T16:56:53","guid":{"rendered":"https:\/\/kylat.ekarjala.fi\/kaharila\/?page_id=43"},"modified":"2021-01-08T14:19:16","modified_gmt":"2021-01-08T14:19:16","slug":"joutsenon-talohoito-oy","status":"publish","type":"page","link":"https:\/\/kylat.ekarjala.fi\/kaharila\/?page_id=43","title":{"rendered":"Joutsenon talohoito Oy"},"content":{"rendered":"<p>Joutsenon Talohoito Oy<br \/>\nKivel\u00e4ntie 31 54100 Joutseno<\/p>\n<p>Heimo Jauho 040 5077853<\/p>\n<p>joutsenontalohoitooy@pp.inet.fi<\/p>\n<p>Kiinteist\u00f6palvelut  (siivouksesta-ulkoalueidenhoitoon kes\u00e4t-talvet)<br \/>\nK\u00e4ytt\u00f6 ja huoltotoimet<br \/>\nKonepalvelut  (lumity\u00f6t,hiekoitukset,fiksaukset,imupainevaunu)<a href=\"https:\/\/kylat.ekarjala.fi\/kaharila\/?page_id=43\" title=\"Joutsenon talohoito Oy\"><\/a><\/p>\n","protected":false},"excerpt":{"rendered":"<p>Joutsenon Talohoito Oy Kivel\u00e4ntie 31 54100 Joutseno Heimo Jauho 040 5077853 joutsenontalohoitooy@pp.inet.fi Kiinteist\u00f6palvelut (siivouksesta-ulkoalueidenhoitoon kes\u00e4t-talvet) K\u00e4ytt\u00f6 ja huoltotoimet Konepalvelut (lumity\u00f6t,hiekoitukset,fiksaukset,imupainevaunu)<\/p>\n","protected":false},"author":101,"featured_media":0,"parent":41,"menu_order":0,"comment_status":"closed","ping_status":"open","template":"","meta":{"footnotes":""},"class_list":["post-43","page","type-page","status-publish","hentry"],"_links":{"self":[{"href":"https:\/\/kylat.ekarjala.fi\/kaharila\/index.php?rest_route=\/wp\/v2\/pages\/43","targetHints":{"allow":["GET"]}}],"collection":[{"href":"https:\/\/kylat.ekarjala.fi\/kaharila\/index.php?rest_route=\/wp\/v2\/pages"}],"about":[{"href":"https:\/\/kylat.ekarjala.fi\/kaharila\/index.php?rest_route=\/wp\/v2\/types\/page"}],"author":[{"embeddable":true,"href":"https:\/\/kylat.ekarjala.fi\/kaharila\/index.php?rest_route=\/wp\/v2\/users\/101"}],"replies":[{"embeddable":true,"href":"https:\/\/kylat.ekarjala.fi\/kaharila\/index.php?rest_route=%2Fwp%2Fv2%2Fcomments&post=43"}],"version-history":[{"count":5,"href":"https:\/\/kylat.ekarjala.fi\/kaharila\/index.php?rest_route=\/wp\/v2\/pages\/43\/revisions"}],"predecessor-version":[{"id":668,"href":"https:\/\/kylat.ekarjala.fi\/kaharila\/index.php?rest_route=\/wp\/v2\/pages\/43\/revisions\/668"}],"up":[{"embeddable":true,"href":"https:\/\/kylat.ekarjala.fi\/kaharila\/index.php?rest_route=\/wp\/v2\/pages\/41"}],"wp:attachment":[{"href":"https:\/\/kylat.ekarjala.fi\/kaharila\/index.php?rest_route=%2Fwp%2Fv2%2Fmedia&parent=43"}],"curies":[{"name":"wp","href":"https:\/\/api.w.org\/{rel}","templated":true}]}}