{"id":436,"date":"2016-03-20T12:15:49","date_gmt":"2016-03-20T12:15:49","guid":{"rendered":"https:\/\/kylat.ekarjala.fi\/kaharila\/?page_id=436"},"modified":"2016-03-20T12:18:46","modified_gmt":"2016-03-20T12:18:46","slug":"2016-2","status":"publish","type":"page","link":"https:\/\/kylat.ekarjala.fi\/kaharila\/?page_id=436","title":{"rendered":"2016"},"content":{"rendered":"<p><strong>Tulokset K\u00e4h\u00e4ril\u00e4n Kyl\u00e4yhdistyksen lasten hiihtokilpailuista 19.3.2016 K\u00e4h\u00e4ril\u00e4ss\u00e4.<\/strong><\/p>\n<p><strong>Perinteinen hiihtotapa<\/strong><\/p>\n<p><strong>TYT\u00d6T ALLE 4-V<\/strong><\/p>\n<p>Amanda Ahtiainen 51,9<\/p>\n<p><strong>POJAT ALLE 4-V<\/strong><\/p>\n<p>Topi Poikulainen 2,05<\/p>\n<p><strong>TYT\u00d6T ALLE 6-V<\/strong><\/p>\n<p>Olivia Ahtiainen 1,03<\/p>\n<p>Vilma Poikulainen 1,52<\/p>\n<p><strong>POJAT ALLE 6-V<\/strong><\/p>\n<p>Topias Jauho 1,22<\/p>\n<p><strong>POJAT ALLE \u00a08-V<\/strong><\/p>\n<p>Eelis Jauho 3,13<\/p>\n<p>Simi Liukka 4,04<\/p>\n<p><strong>TYT\u00d6T ALLE 10-V<\/strong><\/p>\n<p>Janessa Liukka 4,34<\/p>\n<p>Minttu Suonio 4,36<\/p>\n<p><strong>POJAT ALLE 10-V<\/strong><\/p>\n<p>Juho Suonio 3,47<\/p>\n<p><strong>POJAT YLI 10-V<\/strong><\/p>\n<p>Jesse V\u00e4lim\u00e4ki 3,08<\/p>\n","protected":false},"excerpt":{"rendered":"<p>Tulokset K\u00e4h\u00e4ril\u00e4n Kyl\u00e4yhdistyksen lasten hiihtokilpailuista 19.3.2016 K\u00e4h\u00e4ril\u00e4ss\u00e4. Perinteinen hiihtotapa TYT\u00d6T ALLE 4-V Amanda Ahtiainen 51,9 POJAT ALLE 4-V Topi Poikulainen 2,05 TYT\u00d6T ALLE 6-V Olivia Ahtiainen 1,03 Vilma Poikulainen 1,52 POJAT ALLE 6-V Topias Jauho 1,22 POJAT ALLE \u00a08-V Eelis &hellip; <a href=\"https:\/\/kylat.ekarjala.fi\/kaharila\/?page_id=436\">Lue loppuun <span class=\"meta-nav\">&rarr;<\/span><\/a><\/p>\n","protected":false},"author":101,"featured_media":0,"parent":232,"menu_order":0,"comment_status":"closed","ping_status":"closed","template":"","meta":{"footnotes":""},"class_list":["post-436","page","type-page","status-publish","hentry"],"_links":{"self":[{"href":"https:\/\/kylat.ekarjala.fi\/kaharila\/index.php?rest_route=\/wp\/v2\/pages\/436","targetHints":{"allow":["GET"]}}],"collection":[{"href":"https:\/\/kylat.ekarjala.fi\/kaharila\/index.php?rest_route=\/wp\/v2\/pages"}],"about":[{"href":"https:\/\/kylat.ekarjala.fi\/kaharila\/index.php?rest_route=\/wp\/v2\/types\/page"}],"author":[{"embeddable":true,"href":"https:\/\/kylat.ekarjala.fi\/kaharila\/index.php?rest_route=\/wp\/v2\/users\/101"}],"replies":[{"embeddable":true,"href":"https:\/\/kylat.ekarjala.fi\/kaharila\/index.php?rest_route=%2Fwp%2Fv2%2Fcomments&post=436"}],"version-history":[{"count":2,"href":"https:\/\/kylat.ekarjala.fi\/kaharila\/index.php?rest_route=\/wp\/v2\/pages\/436\/revisions"}],"predecessor-version":[{"id":439,"href":"https:\/\/kylat.ekarjala.fi\/kaharila\/index.php?rest_route=\/wp\/v2\/pages\/436\/revisions\/439"}],"up":[{"embeddable":true,"href":"https:\/\/kylat.ekarjala.fi\/kaharila\/index.php?rest_route=\/wp\/v2\/pages\/232"}],"wp:attachment":[{"href":"https:\/\/kylat.ekarjala.fi\/kaharila\/index.php?rest_route=%2Fwp%2Fv2%2Fmedia&parent=436"}],"curies":[{"name":"wp","href":"https:\/\/api.w.org\/{rel}","templated":true}]}}