{"id":51,"date":"2012-01-17T17:04:15","date_gmt":"2012-01-17T17:04:15","guid":{"rendered":"https:\/\/kylat.ekarjala.fi\/kaharila\/?page_id=51"},"modified":"2021-01-08T14:14:12","modified_gmt":"2021-01-08T14:14:12","slug":"konetyo-jauho","status":"publish","type":"page","link":"https:\/\/kylat.ekarjala.fi\/kaharila\/?page_id=51","title":{"rendered":"Konety\u00f6 Jauho"},"content":{"rendered":"<p>Konety\u00f6 Jauho<br \/>\nGSM 0400 557680<\/p>\n<p>Koneurakoinnit:<\/p>\n<p>Kaivuty\u00f6t<br \/>\nLumity\u00f6t<a href=\"https:\/\/kylat.ekarjala.fi\/kaharila\/?page_id=51\" title=\"Konety\u00f6 Jauho\"><\/a><\/p>\n","protected":false},"excerpt":{"rendered":"<p>Konety\u00f6 Jauho GSM 0400 557680 Koneurakoinnit: Kaivuty\u00f6t Lumity\u00f6t<\/p>\n","protected":false},"author":101,"featured_media":0,"parent":41,"menu_order":0,"comment_status":"closed","ping_status":"open","template":"","meta":{"footnotes":""},"class_list":["post-51","page","type-page","status-publish","hentry"],"_links":{"self":[{"href":"https:\/\/kylat.ekarjala.fi\/kaharila\/index.php?rest_route=\/wp\/v2\/pages\/51","targetHints":{"allow":["GET"]}}],"collection":[{"href":"https:\/\/kylat.ekarjala.fi\/kaharila\/index.php?rest_route=\/wp\/v2\/pages"}],"about":[{"href":"https:\/\/kylat.ekarjala.fi\/kaharila\/index.php?rest_route=\/wp\/v2\/types\/page"}],"author":[{"embeddable":true,"href":"https:\/\/kylat.ekarjala.fi\/kaharila\/index.php?rest_route=\/wp\/v2\/users\/101"}],"replies":[{"embeddable":true,"href":"https:\/\/kylat.ekarjala.fi\/kaharila\/index.php?rest_route=%2Fwp%2Fv2%2Fcomments&post=51"}],"version-history":[{"count":3,"href":"https:\/\/kylat.ekarjala.fi\/kaharila\/index.php?rest_route=\/wp\/v2\/pages\/51\/revisions"}],"predecessor-version":[{"id":660,"href":"https:\/\/kylat.ekarjala.fi\/kaharila\/index.php?rest_route=\/wp\/v2\/pages\/51\/revisions\/660"}],"up":[{"embeddable":true,"href":"https:\/\/kylat.ekarjala.fi\/kaharila\/index.php?rest_route=\/wp\/v2\/pages\/41"}],"wp:attachment":[{"href":"https:\/\/kylat.ekarjala.fi\/kaharila\/index.php?rest_route=%2Fwp%2Fv2%2Fmedia&parent=51"}],"curies":[{"name":"wp","href":"https:\/\/api.w.org\/{rel}","templated":true}]}}