{"id":548,"date":"2017-06-12T16:48:20","date_gmt":"2017-06-12T16:48:20","guid":{"rendered":"https:\/\/kylat.ekarjala.fi\/kaharila\/?page_id=548"},"modified":"2017-06-12T16:48:20","modified_gmt":"2017-06-12T16:48:20","slug":"maalaustalkoot-kaharilan-lammella","status":"publish","type":"page","link":"https:\/\/kylat.ekarjala.fi\/kaharila\/?page_id=548","title":{"rendered":"Maalaustalkoot K\u00e4h\u00e4ril\u00e4n lammella"},"content":{"rendered":"<p><a href=\"https:\/\/kylat.ekarjala.fi\/kaharila\/wp-content\/uploads\/sites\/41\/2017\/06\/IMG_2147.jpg\"><img loading=\"lazy\" decoding=\"async\" class=\"aligncenter size-full wp-image-549\" src=\"https:\/\/kylat.ekarjala.fi\/kaharila\/wp-content\/uploads\/sites\/41\/2017\/06\/IMG_2147.jpg\" alt=\"\" width=\"1200\" height=\"1600\" srcset=\"https:\/\/kylat.ekarjala.fi\/kaharila\/wp-content\/uploads\/sites\/41\/2017\/06\/IMG_2147.jpg 1200w, https:\/\/kylat.ekarjala.fi\/kaharila\/wp-content\/uploads\/sites\/41\/2017\/06\/IMG_2147-225x300.jpg 225w, https:\/\/kylat.ekarjala.fi\/kaharila\/wp-content\/uploads\/sites\/41\/2017\/06\/IMG_2147-768x1024.jpg 768w\" sizes=\"auto, (max-width: 1200px) 100vw, 1200px\" \/><\/a> <a href=\"https:\/\/kylat.ekarjala.fi\/kaharila\/wp-content\/uploads\/sites\/41\/2017\/06\/IMG_2148.jpg\"><img loading=\"lazy\" decoding=\"async\" class=\"aligncenter size-full wp-image-550\" src=\"https:\/\/kylat.ekarjala.fi\/kaharila\/wp-content\/uploads\/sites\/41\/2017\/06\/IMG_2148.jpg\" alt=\"\" width=\"1200\" height=\"1600\" srcset=\"https:\/\/kylat.ekarjala.fi\/kaharila\/wp-content\/uploads\/sites\/41\/2017\/06\/IMG_2148.jpg 1200w, https:\/\/kylat.ekarjala.fi\/kaharila\/wp-content\/uploads\/sites\/41\/2017\/06\/IMG_2148-225x300.jpg 225w, https:\/\/kylat.ekarjala.fi\/kaharila\/wp-content\/uploads\/sites\/41\/2017\/06\/IMG_2148-768x1024.jpg 768w\" sizes=\"auto, (max-width: 1200px) 100vw, 1200px\" \/><\/a> <a href=\"https:\/\/kylat.ekarjala.fi\/kaharila\/wp-content\/uploads\/sites\/41\/2017\/06\/IMG_2149.jpg\"><img loading=\"lazy\" decoding=\"async\" class=\"aligncenter size-full wp-image-551\" src=\"https:\/\/kylat.ekarjala.fi\/kaharila\/wp-content\/uploads\/sites\/41\/2017\/06\/IMG_2149.jpg\" alt=\"\" width=\"1200\" height=\"1600\" srcset=\"https:\/\/kylat.ekarjala.fi\/kaharila\/wp-content\/uploads\/sites\/41\/2017\/06\/IMG_2149.jpg 1200w, https:\/\/kylat.ekarjala.fi\/kaharila\/wp-content\/uploads\/sites\/41\/2017\/06\/IMG_2149-225x300.jpg 225w, https:\/\/kylat.ekarjala.fi\/kaharila\/wp-content\/uploads\/sites\/41\/2017\/06\/IMG_2149-768x1024.jpg 768w\" sizes=\"auto, (max-width: 1200px) 100vw, 1200px\" \/><\/a><\/p>\n","protected":false},"excerpt":{"rendered":"","protected":false},"author":101,"featured_media":0,"parent":21,"menu_order":0,"comment_status":"closed","ping_status":"closed","template":"","meta":{"footnotes":""},"class_list":["post-548","page","type-page","status-publish","hentry"],"_links":{"self":[{"href":"https:\/\/kylat.ekarjala.fi\/kaharila\/index.php?rest_route=\/wp\/v2\/pages\/548","targetHints":{"allow":["GET"]}}],"collection":[{"href":"https:\/\/kylat.ekarjala.fi\/kaharila\/index.php?rest_route=\/wp\/v2\/pages"}],"about":[{"href":"https:\/\/kylat.ekarjala.fi\/kaharila\/index.php?rest_route=\/wp\/v2\/types\/page"}],"author":[{"embeddable":true,"href":"https:\/\/kylat.ekarjala.fi\/kaharila\/index.php?rest_route=\/wp\/v2\/users\/101"}],"replies":[{"embeddable":true,"href":"https:\/\/kylat.ekarjala.fi\/kaharila\/index.php?rest_route=%2Fwp%2Fv2%2Fcomments&post=548"}],"version-history":[{"count":1,"href":"https:\/\/kylat.ekarjala.fi\/kaharila\/index.php?rest_route=\/wp\/v2\/pages\/548\/revisions"}],"predecessor-version":[{"id":552,"href":"https:\/\/kylat.ekarjala.fi\/kaharila\/index.php?rest_route=\/wp\/v2\/pages\/548\/revisions\/552"}],"up":[{"embeddable":true,"href":"https:\/\/kylat.ekarjala.fi\/kaharila\/index.php?rest_route=\/wp\/v2\/pages\/21"}],"wp:attachment":[{"href":"https:\/\/kylat.ekarjala.fi\/kaharila\/index.php?rest_route=%2Fwp%2Fv2%2Fmedia&parent=548"}],"curies":[{"name":"wp","href":"https:\/\/api.w.org\/{rel}","templated":true}]}}