{"id":630,"date":"2019-01-29T08:47:36","date_gmt":"2019-01-29T08:47:36","guid":{"rendered":"https:\/\/kylat.ekarjala.fi\/kaharila\/?page_id=630"},"modified":"2019-01-29T08:47:36","modified_gmt":"2019-01-29T08:47:36","slug":"toimintasuunnitelma-2019","status":"publish","type":"page","link":"https:\/\/kylat.ekarjala.fi\/kaharila\/?page_id=630","title":{"rendered":"Toimintasuunnitelma 2019"},"content":{"rendered":"<p><span class=\"s2\">K\u00c4H\u00c4RIL\u00c4N KYL\u00c4YHDISTYS ry:n TOIMINTASUUNNITELMA\u00a0<\/span><span class=\"s2\">VUODELLE 2019<\/span><\/p>\n<p><span class=\"s3\"><span class=\"bumpedFont15\">* Lasten hiihtokilpailut <\/span><\/span><\/p>\n<p><span class=\"s3\"><span class=\"bumpedFont15\">* Hiihtolatujen yll\u00e4pito<\/span><\/span><\/p>\n<p><span class=\"s3\"><span class=\"bumpedFont15\">* Pilkkikilpailut\/talvip\u00e4iv\u00e4<\/span><\/span><\/p>\n<p><span class=\"s3\"><span class=\"bumpedFont15\">* Polttopuutalkoot kodalla<\/span><\/span><\/p>\n<p><span class=\"s3\"><span class=\"bumpedFont15\">* Tienvarsien siivoustalkoot<\/span><\/span><\/p>\n<p><span class=\"s3\"><span class=\"bumpedFont15\">* Uimalammen hoito ja koppien siivous kes\u00e4ll\u00e4<\/span><\/span><\/p>\n<p><span class=\"s3\"><span class=\"bumpedFont15\">* Lentopallokent\u00e4n <\/span><\/span><span class=\"s3\"><span class=\"bumpedFont15\">hoito+pelit<\/span><\/span><span class=\"s3\"><span class=\"bumpedFont15\"> tiistaisin<\/span><\/span><\/p>\n<p><span class=\"s3\"><span class=\"bumpedFont15\">* Liikuntaleikki <\/span><\/span><span class=\"s3\"><span class=\"bumpedFont15\">kerho+kahvakuula<\/span><\/span><span class=\"s3\"><span class=\"bumpedFont15\"> hein\u00e4kuussa<\/span><\/span><\/p>\n<p><span class=\"s3\"><span class=\"bumpedFont15\">* Kes\u00e4teatteri \/ k<\/span><\/span><span class=\"s3\"><span class=\"bumpedFont15\">e<\/span><\/span><span class=\"s3\"><span class=\"bumpedFont15\">s\u00e4retki<\/span><\/span><\/p>\n<p><span class=\"s3\"><span class=\"bumpedFont15\">*Mato-onki kilpailut <\/span><\/span><\/p>\n<p><span class=\"s3\"><span class=\"bumpedFont15\">* Laavun ja kodan hoito<\/span><\/span><\/p>\n<p><span class=\"s3\"><span class=\"bumpedFont15\">* Kokoukset<\/span><\/span><\/p>\n<p><span class=\"s3\"><span class=\"bumpedFont15\">*Kirkkovenesoutua hein\u00e4kuussa<\/span><\/span><\/p>\n<p><span class=\"s3\"><span class=\"bumpedFont15\">*Frisbeegolf <\/span><\/span>\u200b\u200b<\/p>\n<p>&nbsp;<\/p>\n<p><span class=\"s3\"><span class=\"bumpedFont15\">JOHTOKUNTA<\/span><\/span><\/p>\n","protected":false},"excerpt":{"rendered":"<p>K\u00c4H\u00c4RIL\u00c4N KYL\u00c4YHDISTYS ry:n TOIMINTASUUNNITELMA\u00a0VUODELLE 2019 * Lasten hiihtokilpailut * Hiihtolatujen yll\u00e4pito * Pilkkikilpailut\/talvip\u00e4iv\u00e4 * Polttopuutalkoot kodalla * Tienvarsien siivoustalkoot * Uimalammen hoito ja koppien siivous kes\u00e4ll\u00e4 * Lentopallokent\u00e4n hoito+pelit tiistaisin * Liikuntaleikki kerho+kahvakuula hein\u00e4kuussa * Kes\u00e4teatteri \/ kes\u00e4retki *Mato-onki kilpailut &hellip; <a href=\"https:\/\/kylat.ekarjala.fi\/kaharila\/?page_id=630\">Lue loppuun <span class=\"meta-nav\">&rarr;<\/span><\/a><\/p>\n","protected":false},"author":101,"featured_media":0,"parent":76,"menu_order":0,"comment_status":"closed","ping_status":"closed","template":"","meta":{"footnotes":""},"class_list":["post-630","page","type-page","status-publish","hentry"],"_links":{"self":[{"href":"https:\/\/kylat.ekarjala.fi\/kaharila\/index.php?rest_route=\/wp\/v2\/pages\/630","targetHints":{"allow":["GET"]}}],"collection":[{"href":"https:\/\/kylat.ekarjala.fi\/kaharila\/index.php?rest_route=\/wp\/v2\/pages"}],"about":[{"href":"https:\/\/kylat.ekarjala.fi\/kaharila\/index.php?rest_route=\/wp\/v2\/types\/page"}],"author":[{"embeddable":true,"href":"https:\/\/kylat.ekarjala.fi\/kaharila\/index.php?rest_route=\/wp\/v2\/users\/101"}],"replies":[{"embeddable":true,"href":"https:\/\/kylat.ekarjala.fi\/kaharila\/index.php?rest_route=%2Fwp%2Fv2%2Fcomments&post=630"}],"version-history":[{"count":1,"href":"https:\/\/kylat.ekarjala.fi\/kaharila\/index.php?rest_route=\/wp\/v2\/pages\/630\/revisions"}],"predecessor-version":[{"id":631,"href":"https:\/\/kylat.ekarjala.fi\/kaharila\/index.php?rest_route=\/wp\/v2\/pages\/630\/revisions\/631"}],"up":[{"embeddable":true,"href":"https:\/\/kylat.ekarjala.fi\/kaharila\/index.php?rest_route=\/wp\/v2\/pages\/76"}],"wp:attachment":[{"href":"https:\/\/kylat.ekarjala.fi\/kaharila\/index.php?rest_route=%2Fwp%2Fv2%2Fmedia&parent=630"}],"curies":[{"name":"wp","href":"https:\/\/api.w.org\/{rel}","templated":true}]}}