{"id":681,"date":"2022-03-23T08:06:08","date_gmt":"2022-03-23T08:06:08","guid":{"rendered":"https:\/\/kylat.ekarjala.fi\/kaharila\/?page_id=681"},"modified":"2022-03-25T09:30:22","modified_gmt":"2022-03-25T09:30:22","slug":"hiihtokilpailut-2022","status":"publish","type":"page","link":"https:\/\/kylat.ekarjala.fi\/kaharila\/?page_id=681","title":{"rendered":"Hiihtokilpailut 2022"},"content":{"rendered":"\n<p>K\u00e4h\u00e4ril\u00e4n Kyl\u00e4yhdistys j\u00e4rjesti lastenhiihdot 12.3.2022. S\u00e4\u00e4 suosi tapahtumaa ja paikalle oli saapunut runsaasti kannustajia.<\/p>\n\n\n\n<p>Tulokset:<\/p>\n\n\n\n<p><strong>Tyt\u00f6t 4- vuotta<\/strong><\/p>\n\n\n\n<p>1.Pinja Ahtiainen<\/p>\n\n\n\n<p><strong>Tyt\u00f6t 8- vuotta<\/strong><\/p>\n\n\n\n<p>1.Unna Maijala\u200b  7.53<\/p>\n\n\n\n<p><strong>Tyt\u00f6t 10- vuotta<\/strong><\/p>\n\n\n\n<p>1.Siiri Kontu  \u200b\u200b5,48<\/p>\n\n\n\n<p>2.Inka Maijala\u200b\u200b  6.06<\/p>\n\n\n\n<p>3.Amanda Ahtiainen  \u200b6.49<\/p>\n\n\n\n<p><strong>Pojat 6-vuotta<\/strong><\/p>\n\n\n\n<p>1.Tuomas Kontu\u200b  3.25<\/p>\n\n\n\n<p><strong>Pojat 8- vuotta<\/strong><\/p>\n\n\n\n<p>1.Topi Poikulainen  \u200b6.49<\/p>\n\n\n\n<p><strong>Pojat 12- vuotta<\/strong><\/p>\n\n\n\n<p>1.Topias Jauho\u200b  6.35<\/p>\n\n\n\n<p><strong>Pojat 14- vuotta<\/strong><\/p>\n\n\n\n<p>1.Eelis Jauho  \u200b\u200b6.53<\/p>\n\n\n\n<figure class=\"wp-block-image size-large\"><a href=\"https:\/\/kylat.ekarjala.fi\/kaharila\/wp-content\/uploads\/sites\/41\/2022\/03\/IMG_0697-scaled.jpg\"><img loading=\"lazy\" decoding=\"async\" width=\"1024\" height=\"768\" src=\"https:\/\/kylat.ekarjala.fi\/kaharila\/wp-content\/uploads\/sites\/41\/2022\/03\/IMG_0697-1024x768.jpg\" alt=\"\" class=\"wp-image-684\" srcset=\"https:\/\/kylat.ekarjala.fi\/kaharila\/wp-content\/uploads\/sites\/41\/2022\/03\/IMG_0697-1024x768.jpg 1024w, https:\/\/kylat.ekarjala.fi\/kaharila\/wp-content\/uploads\/sites\/41\/2022\/03\/IMG_0697-300x225.jpg 300w, https:\/\/kylat.ekarjala.fi\/kaharila\/wp-content\/uploads\/sites\/41\/2022\/03\/IMG_0697-768x576.jpg 768w, https:\/\/kylat.ekarjala.fi\/kaharila\/wp-content\/uploads\/sites\/41\/2022\/03\/IMG_0697-1536x1152.jpg 1536w, https:\/\/kylat.ekarjala.fi\/kaharila\/wp-content\/uploads\/sites\/41\/2022\/03\/IMG_0697-2048x1536.jpg 2048w\" sizes=\"auto, (max-width: 1024px) 100vw, 1024px\" \/><\/a><\/figure>\n\n\n\n<figure class=\"wp-block-image size-large\"><a href=\"https:\/\/kylat.ekarjala.fi\/kaharila\/wp-content\/uploads\/sites\/41\/2022\/03\/IMG_0699-scaled.jpg\"><img loading=\"lazy\" decoding=\"async\" width=\"1024\" height=\"768\" src=\"https:\/\/kylat.ekarjala.fi\/kaharila\/wp-content\/uploads\/sites\/41\/2022\/03\/IMG_0699-1024x768.jpg\" alt=\"\" class=\"wp-image-685\" srcset=\"https:\/\/kylat.ekarjala.fi\/kaharila\/wp-content\/uploads\/sites\/41\/2022\/03\/IMG_0699-1024x768.jpg 1024w, https:\/\/kylat.ekarjala.fi\/kaharila\/wp-content\/uploads\/sites\/41\/2022\/03\/IMG_0699-300x225.jpg 300w, https:\/\/kylat.ekarjala.fi\/kaharila\/wp-content\/uploads\/sites\/41\/2022\/03\/IMG_0699-768x576.jpg 768w, https:\/\/kylat.ekarjala.fi\/kaharila\/wp-content\/uploads\/sites\/41\/2022\/03\/IMG_0699-1536x1152.jpg 1536w, https:\/\/kylat.ekarjala.fi\/kaharila\/wp-content\/uploads\/sites\/41\/2022\/03\/IMG_0699-2048x1536.jpg 2048w\" sizes=\"auto, (max-width: 1024px) 100vw, 1024px\" \/><\/a><\/figure>\n\n\n\n<figure class=\"wp-block-image size-large\"><a href=\"https:\/\/kylat.ekarjala.fi\/kaharila\/wp-content\/uploads\/sites\/41\/2022\/03\/IMG_0701-scaled.jpg\"><img loading=\"lazy\" decoding=\"async\" width=\"1024\" height=\"768\" src=\"https:\/\/kylat.ekarjala.fi\/kaharila\/wp-content\/uploads\/sites\/41\/2022\/03\/IMG_0701-1024x768.jpg\" alt=\"\" class=\"wp-image-686\" srcset=\"https:\/\/kylat.ekarjala.fi\/kaharila\/wp-content\/uploads\/sites\/41\/2022\/03\/IMG_0701-1024x768.jpg 1024w, https:\/\/kylat.ekarjala.fi\/kaharila\/wp-content\/uploads\/sites\/41\/2022\/03\/IMG_0701-300x225.jpg 300w, https:\/\/kylat.ekarjala.fi\/kaharila\/wp-content\/uploads\/sites\/41\/2022\/03\/IMG_0701-768x576.jpg 768w, https:\/\/kylat.ekarjala.fi\/kaharila\/wp-content\/uploads\/sites\/41\/2022\/03\/IMG_0701-1536x1152.jpg 1536w, https:\/\/kylat.ekarjala.fi\/kaharila\/wp-content\/uploads\/sites\/41\/2022\/03\/IMG_0701-2048x1536.jpg 2048w\" sizes=\"auto, (max-width: 1024px) 100vw, 1024px\" \/><\/a><\/figure>\n\n\n\n<figure class=\"wp-block-image size-large\"><a href=\"https:\/\/kylat.ekarjala.fi\/kaharila\/wp-content\/uploads\/sites\/41\/2022\/03\/IMG_0722-scaled.jpg\"><img loading=\"lazy\" decoding=\"async\" width=\"768\" height=\"1024\" src=\"https:\/\/kylat.ekarjala.fi\/kaharila\/wp-content\/uploads\/sites\/41\/2022\/03\/IMG_0722-768x1024.jpg\" alt=\"\" class=\"wp-image-687\" srcset=\"https:\/\/kylat.ekarjala.fi\/kaharila\/wp-content\/uploads\/sites\/41\/2022\/03\/IMG_0722-768x1024.jpg 768w, https:\/\/kylat.ekarjala.fi\/kaharila\/wp-content\/uploads\/sites\/41\/2022\/03\/IMG_0722-225x300.jpg 225w, https:\/\/kylat.ekarjala.fi\/kaharila\/wp-content\/uploads\/sites\/41\/2022\/03\/IMG_0722-1152x1536.jpg 1152w, https:\/\/kylat.ekarjala.fi\/kaharila\/wp-content\/uploads\/sites\/41\/2022\/03\/IMG_0722-1536x2048.jpg 1536w, https:\/\/kylat.ekarjala.fi\/kaharila\/wp-content\/uploads\/sites\/41\/2022\/03\/IMG_0722-scaled.jpg 1920w\" sizes=\"auto, (max-width: 768px) 100vw, 768px\" \/><\/a><\/figure>\n\n\n\n<figure class=\"wp-block-image size-large\"><a href=\"https:\/\/kylat.ekarjala.fi\/kaharila\/wp-content\/uploads\/sites\/41\/2022\/03\/IMG_0724-scaled.jpg\"><img loading=\"lazy\" decoding=\"async\" width=\"768\" height=\"1024\" src=\"https:\/\/kylat.ekarjala.fi\/kaharila\/wp-content\/uploads\/sites\/41\/2022\/03\/IMG_0724-768x1024.jpg\" alt=\"\" class=\"wp-image-688\" srcset=\"https:\/\/kylat.ekarjala.fi\/kaharila\/wp-content\/uploads\/sites\/41\/2022\/03\/IMG_0724-768x1024.jpg 768w, https:\/\/kylat.ekarjala.fi\/kaharila\/wp-content\/uploads\/sites\/41\/2022\/03\/IMG_0724-225x300.jpg 225w, https:\/\/kylat.ekarjala.fi\/kaharila\/wp-content\/uploads\/sites\/41\/2022\/03\/IMG_0724-1152x1536.jpg 1152w, https:\/\/kylat.ekarjala.fi\/kaharila\/wp-content\/uploads\/sites\/41\/2022\/03\/IMG_0724-1536x2048.jpg 1536w, https:\/\/kylat.ekarjala.fi\/kaharila\/wp-content\/uploads\/sites\/41\/2022\/03\/IMG_0724-scaled.jpg 1920w\" sizes=\"auto, (max-width: 768px) 100vw, 768px\" \/><\/a><\/figure>\n\n\n\n<figure class=\"wp-block-image size-large\"><a href=\"https:\/\/kylat.ekarjala.fi\/kaharila\/wp-content\/uploads\/sites\/41\/2022\/03\/IMG_0725-scaled.jpg\"><img loading=\"lazy\" decoding=\"async\" width=\"768\" height=\"1024\" src=\"https:\/\/kylat.ekarjala.fi\/kaharila\/wp-content\/uploads\/sites\/41\/2022\/03\/IMG_0725-768x1024.jpg\" alt=\"\" class=\"wp-image-690\" srcset=\"https:\/\/kylat.ekarjala.fi\/kaharila\/wp-content\/uploads\/sites\/41\/2022\/03\/IMG_0725-768x1024.jpg 768w, https:\/\/kylat.ekarjala.fi\/kaharila\/wp-content\/uploads\/sites\/41\/2022\/03\/IMG_0725-225x300.jpg 225w, https:\/\/kylat.ekarjala.fi\/kaharila\/wp-content\/uploads\/sites\/41\/2022\/03\/IMG_0725-1152x1536.jpg 1152w, https:\/\/kylat.ekarjala.fi\/kaharila\/wp-content\/uploads\/sites\/41\/2022\/03\/IMG_0725-1536x2048.jpg 1536w, https:\/\/kylat.ekarjala.fi\/kaharila\/wp-content\/uploads\/sites\/41\/2022\/03\/IMG_0725-scaled.jpg 1920w\" sizes=\"auto, (max-width: 768px) 100vw, 768px\" \/><\/a><\/figure>\n\n\n\n<figure class=\"wp-block-image size-large\"><a href=\"https:\/\/kylat.ekarjala.fi\/kaharila\/wp-content\/uploads\/sites\/41\/2022\/03\/IMG_0726-scaled.jpg\"><img loading=\"lazy\" decoding=\"async\" width=\"768\" height=\"1024\" src=\"https:\/\/kylat.ekarjala.fi\/kaharila\/wp-content\/uploads\/sites\/41\/2022\/03\/IMG_0726-768x1024.jpg\" alt=\"\" class=\"wp-image-691\" srcset=\"https:\/\/kylat.ekarjala.fi\/kaharila\/wp-content\/uploads\/sites\/41\/2022\/03\/IMG_0726-768x1024.jpg 768w, https:\/\/kylat.ekarjala.fi\/kaharila\/wp-content\/uploads\/sites\/41\/2022\/03\/IMG_0726-225x300.jpg 225w, https:\/\/kylat.ekarjala.fi\/kaharila\/wp-content\/uploads\/sites\/41\/2022\/03\/IMG_0726-1152x1536.jpg 1152w, https:\/\/kylat.ekarjala.fi\/kaharila\/wp-content\/uploads\/sites\/41\/2022\/03\/IMG_0726-1536x2048.jpg 1536w, https:\/\/kylat.ekarjala.fi\/kaharila\/wp-content\/uploads\/sites\/41\/2022\/03\/IMG_0726-scaled.jpg 1920w\" sizes=\"auto, (max-width: 768px) 100vw, 768px\" \/><\/a><\/figure>\n\n\n\n<figure class=\"wp-block-image size-large\"><a href=\"https:\/\/kylat.ekarjala.fi\/kaharila\/wp-content\/uploads\/sites\/41\/2022\/03\/IMG_0727-scaled.jpg\"><img loading=\"lazy\" decoding=\"async\" width=\"768\" height=\"1024\" src=\"https:\/\/kylat.ekarjala.fi\/kaharila\/wp-content\/uploads\/sites\/41\/2022\/03\/IMG_0727-768x1024.jpg\" alt=\"\" class=\"wp-image-692\" srcset=\"https:\/\/kylat.ekarjala.fi\/kaharila\/wp-content\/uploads\/sites\/41\/2022\/03\/IMG_0727-768x1024.jpg 768w, https:\/\/kylat.ekarjala.fi\/kaharila\/wp-content\/uploads\/sites\/41\/2022\/03\/IMG_0727-225x300.jpg 225w, https:\/\/kylat.ekarjala.fi\/kaharila\/wp-content\/uploads\/sites\/41\/2022\/03\/IMG_0727-1152x1536.jpg 1152w, https:\/\/kylat.ekarjala.fi\/kaharila\/wp-content\/uploads\/sites\/41\/2022\/03\/IMG_0727-1536x2048.jpg 1536w, https:\/\/kylat.ekarjala.fi\/kaharila\/wp-content\/uploads\/sites\/41\/2022\/03\/IMG_0727-scaled.jpg 1920w\" sizes=\"auto, (max-width: 768px) 100vw, 768px\" \/><\/a><\/figure>\n\n\n\n<figure class=\"wp-block-image size-large\"><a href=\"https:\/\/kylat.ekarjala.fi\/kaharila\/wp-content\/uploads\/sites\/41\/2022\/03\/IMG_0728-scaled.jpg\"><img loading=\"lazy\" decoding=\"async\" width=\"768\" height=\"1024\" src=\"https:\/\/kylat.ekarjala.fi\/kaharila\/wp-content\/uploads\/sites\/41\/2022\/03\/IMG_0728-768x1024.jpg\" alt=\"\" class=\"wp-image-693\" srcset=\"https:\/\/kylat.ekarjala.fi\/kaharila\/wp-content\/uploads\/sites\/41\/2022\/03\/IMG_0728-768x1024.jpg 768w, https:\/\/kylat.ekarjala.fi\/kaharila\/wp-content\/uploads\/sites\/41\/2022\/03\/IMG_0728-225x300.jpg 225w, https:\/\/kylat.ekarjala.fi\/kaharila\/wp-content\/uploads\/sites\/41\/2022\/03\/IMG_0728-1152x1536.jpg 1152w, https:\/\/kylat.ekarjala.fi\/kaharila\/wp-content\/uploads\/sites\/41\/2022\/03\/IMG_0728-1536x2048.jpg 1536w, https:\/\/kylat.ekarjala.fi\/kaharila\/wp-content\/uploads\/sites\/41\/2022\/03\/IMG_0728-scaled.jpg 1920w\" sizes=\"auto, (max-width: 768px) 100vw, 768px\" \/><\/a><\/figure>\n\n\n\n<figure class=\"wp-block-image size-large\"><a href=\"https:\/\/kylat.ekarjala.fi\/kaharila\/wp-content\/uploads\/sites\/41\/2022\/03\/IMG_0729-scaled.jpg\"><img loading=\"lazy\" decoding=\"async\" width=\"768\" height=\"1024\" src=\"https:\/\/kylat.ekarjala.fi\/kaharila\/wp-content\/uploads\/sites\/41\/2022\/03\/IMG_0729-768x1024.jpg\" alt=\"\" class=\"wp-image-694\" srcset=\"https:\/\/kylat.ekarjala.fi\/kaharila\/wp-content\/uploads\/sites\/41\/2022\/03\/IMG_0729-768x1024.jpg 768w, https:\/\/kylat.ekarjala.fi\/kaharila\/wp-content\/uploads\/sites\/41\/2022\/03\/IMG_0729-225x300.jpg 225w, https:\/\/kylat.ekarjala.fi\/kaharila\/wp-content\/uploads\/sites\/41\/2022\/03\/IMG_0729-1152x1536.jpg 1152w, https:\/\/kylat.ekarjala.fi\/kaharila\/wp-content\/uploads\/sites\/41\/2022\/03\/IMG_0729-1536x2048.jpg 1536w, https:\/\/kylat.ekarjala.fi\/kaharila\/wp-content\/uploads\/sites\/41\/2022\/03\/IMG_0729-scaled.jpg 1920w\" sizes=\"auto, (max-width: 768px) 100vw, 768px\" \/><\/a><\/figure>\n\n\n\n<figure class=\"wp-block-image size-large\"><a href=\"https:\/\/kylat.ekarjala.fi\/kaharila\/wp-content\/uploads\/sites\/41\/2022\/03\/IMG_0730-scaled.jpg\"><img loading=\"lazy\" decoding=\"async\" width=\"768\" height=\"1024\" src=\"https:\/\/kylat.ekarjala.fi\/kaharila\/wp-content\/uploads\/sites\/41\/2022\/03\/IMG_0730-768x1024.jpg\" alt=\"\" class=\"wp-image-695\" srcset=\"https:\/\/kylat.ekarjala.fi\/kaharila\/wp-content\/uploads\/sites\/41\/2022\/03\/IMG_0730-768x1024.jpg 768w, https:\/\/kylat.ekarjala.fi\/kaharila\/wp-content\/uploads\/sites\/41\/2022\/03\/IMG_0730-225x300.jpg 225w, https:\/\/kylat.ekarjala.fi\/kaharila\/wp-content\/uploads\/sites\/41\/2022\/03\/IMG_0730-1152x1536.jpg 1152w, https:\/\/kylat.ekarjala.fi\/kaharila\/wp-content\/uploads\/sites\/41\/2022\/03\/IMG_0730-1536x2048.jpg 1536w, https:\/\/kylat.ekarjala.fi\/kaharila\/wp-content\/uploads\/sites\/41\/2022\/03\/IMG_0730-scaled.jpg 1920w\" sizes=\"auto, (max-width: 768px) 100vw, 768px\" \/><\/a><\/figure>\n\n\n\n<figure class=\"wp-block-image size-large\"><a href=\"https:\/\/kylat.ekarjala.fi\/kaharila\/wp-content\/uploads\/sites\/41\/2022\/03\/IMG_0732-scaled.jpg\"><img loading=\"lazy\" decoding=\"async\" width=\"1024\" height=\"768\" src=\"https:\/\/kylat.ekarjala.fi\/kaharila\/wp-content\/uploads\/sites\/41\/2022\/03\/IMG_0732-1024x768.jpg\" alt=\"\" class=\"wp-image-696\" srcset=\"https:\/\/kylat.ekarjala.fi\/kaharila\/wp-content\/uploads\/sites\/41\/2022\/03\/IMG_0732-1024x768.jpg 1024w, https:\/\/kylat.ekarjala.fi\/kaharila\/wp-content\/uploads\/sites\/41\/2022\/03\/IMG_0732-300x225.jpg 300w, https:\/\/kylat.ekarjala.fi\/kaharila\/wp-content\/uploads\/sites\/41\/2022\/03\/IMG_0732-768x576.jpg 768w, https:\/\/kylat.ekarjala.fi\/kaharila\/wp-content\/uploads\/sites\/41\/2022\/03\/IMG_0732-1536x1152.jpg 1536w, https:\/\/kylat.ekarjala.fi\/kaharila\/wp-content\/uploads\/sites\/41\/2022\/03\/IMG_0732-2048x1536.jpg 2048w\" sizes=\"auto, (max-width: 1024px) 100vw, 1024px\" \/><\/a><\/figure>\n","protected":false},"excerpt":{"rendered":"<p>K\u00e4h\u00e4ril\u00e4n Kyl\u00e4yhdistys j\u00e4rjesti lastenhiihdot 12.3.2022. S\u00e4\u00e4 suosi tapahtumaa ja paikalle oli saapunut runsaasti kannustajia. Tulokset: Tyt\u00f6t 4- vuotta 1.Pinja Ahtiainen Tyt\u00f6t 8- vuotta 1.Unna Maijala\u200b 7.53 Tyt\u00f6t 10- vuotta 1.Siiri Kontu \u200b\u200b5,48 2.Inka Maijala\u200b\u200b 6.06 3.Amanda Ahtiainen \u200b6.49 Pojat 6-vuotta &hellip; <a href=\"https:\/\/kylat.ekarjala.fi\/kaharila\/?page_id=681\">Lue loppuun <span class=\"meta-nav\">&rarr;<\/span><\/a><\/p>\n","protected":false},"author":101,"featured_media":0,"parent":21,"menu_order":0,"comment_status":"closed","ping_status":"closed","template":"","meta":{"footnotes":""},"class_list":["post-681","page","type-page","status-publish","hentry"],"_links":{"self":[{"href":"https:\/\/kylat.ekarjala.fi\/kaharila\/index.php?rest_route=\/wp\/v2\/pages\/681","targetHints":{"allow":["GET"]}}],"collection":[{"href":"https:\/\/kylat.ekarjala.fi\/kaharila\/index.php?rest_route=\/wp\/v2\/pages"}],"about":[{"href":"https:\/\/kylat.ekarjala.fi\/kaharila\/index.php?rest_route=\/wp\/v2\/types\/page"}],"author":[{"embeddable":true,"href":"https:\/\/kylat.ekarjala.fi\/kaharila\/index.php?rest_route=\/wp\/v2\/users\/101"}],"replies":[{"embeddable":true,"href":"https:\/\/kylat.ekarjala.fi\/kaharila\/index.php?rest_route=%2Fwp%2Fv2%2Fcomments&post=681"}],"version-history":[{"count":5,"href":"https:\/\/kylat.ekarjala.fi\/kaharila\/index.php?rest_route=\/wp\/v2\/pages\/681\/revisions"}],"predecessor-version":[{"id":701,"href":"https:\/\/kylat.ekarjala.fi\/kaharila\/index.php?rest_route=\/wp\/v2\/pages\/681\/revisions\/701"}],"up":[{"embeddable":true,"href":"https:\/\/kylat.ekarjala.fi\/kaharila\/index.php?rest_route=\/wp\/v2\/pages\/21"}],"wp:attachment":[{"href":"https:\/\/kylat.ekarjala.fi\/kaharila\/index.php?rest_route=%2Fwp%2Fv2%2Fmedia&parent=681"}],"curies":[{"name":"wp","href":"https:\/\/api.w.org\/{rel}","templated":true}]}}