{"id":7,"date":"2012-01-17T13:59:43","date_gmt":"2012-01-17T13:59:43","guid":{"rendered":"https:\/\/kylat.ekarjala.fi\/kaharila\/?page_id=7"},"modified":"2021-01-08T13:55:12","modified_gmt":"2021-01-08T13:55:12","slug":"historia","status":"publish","type":"page","link":"https:\/\/kylat.ekarjala.fi\/kaharila\/?page_id=7","title":{"rendered":"Historia"},"content":{"rendered":"<p>&nbsp;<\/p>\n<div id=\"attachment_19\" style=\"width: 570px\" class=\"wp-caption alignleft\"><a href=\"https:\/\/kylat.ekarjala.fi\/kaharila\/wp-content\/uploads\/sites\/41\/2012\/01\/koulu.jpg\"><img loading=\"lazy\" decoding=\"async\" aria-describedby=\"caption-attachment-19\" class=\"size-full wp-image-19 \" src=\"https:\/\/kylat.ekarjala.fi\/kaharila\/wp-content\/uploads\/sites\/41\/2012\/01\/koulu.jpg\" alt=\"\" width=\"560\" height=\"379\"><\/a><p id=\"caption-attachment-19\" class=\"wp-caption-text\">Kuva 60-luvulta K\u00e4h\u00e4ril\u00e4n koulusta<\/p><\/div>\n<p><a href=\"https:\/\/kylat.ekarjala.fi\/kaharila\/wp-content\/uploads\/sites\/41\/2012\/01\/Uusi-Microsoft-Word-asiakirja.doc\">Kotikyl\u00e4ni kehitys<\/a><\/p>\n","protected":false},"excerpt":{"rendered":"<p>&nbsp; Kotikyl\u00e4ni kehitys<\/p>\n","protected":false},"author":101,"featured_media":0,"parent":0,"menu_order":0,"comment_status":"closed","ping_status":"open","template":"","meta":{"footnotes":""},"class_list":["post-7","page","type-page","status-publish","hentry"],"_links":{"self":[{"href":"https:\/\/kylat.ekarjala.fi\/kaharila\/index.php?rest_route=\/wp\/v2\/pages\/7","targetHints":{"allow":["GET"]}}],"collection":[{"href":"https:\/\/kylat.ekarjala.fi\/kaharila\/index.php?rest_route=\/wp\/v2\/pages"}],"about":[{"href":"https:\/\/kylat.ekarjala.fi\/kaharila\/index.php?rest_route=\/wp\/v2\/types\/page"}],"author":[{"embeddable":true,"href":"https:\/\/kylat.ekarjala.fi\/kaharila\/index.php?rest_route=\/wp\/v2\/users\/101"}],"replies":[{"embeddable":true,"href":"https:\/\/kylat.ekarjala.fi\/kaharila\/index.php?rest_route=%2Fwp%2Fv2%2Fcomments&post=7"}],"version-history":[{"count":6,"href":"https:\/\/kylat.ekarjala.fi\/kaharila\/index.php?rest_route=\/wp\/v2\/pages\/7\/revisions"}],"predecessor-version":[{"id":654,"href":"https:\/\/kylat.ekarjala.fi\/kaharila\/index.php?rest_route=\/wp\/v2\/pages\/7\/revisions\/654"}],"wp:attachment":[{"href":"https:\/\/kylat.ekarjala.fi\/kaharila\/index.php?rest_route=%2Fwp%2Fv2%2Fmedia&parent=7"}],"curies":[{"name":"wp","href":"https:\/\/api.w.org\/{rel}","templated":true}]}}