{"id":76,"date":"2012-01-17T17:34:43","date_gmt":"2012-01-17T17:34:43","guid":{"rendered":"https:\/\/kylat.ekarjala.fi\/kaharila\/?page_id=76"},"modified":"2024-09-14T15:23:01","modified_gmt":"2024-09-14T15:23:01","slug":"kaharilan-kylayhdistys-ry","status":"publish","type":"page","link":"https:\/\/kylat.ekarjala.fi\/kaharila\/?page_id=76","title":{"rendered":"K\u00e4h\u00e4ril\u00e4n kyl\u00e4yhdistys ry"},"content":{"rendered":"<p>K\u00e4h\u00e4ril\u00e4n kyl\u00e4yhdistys on perustettu 4.5.2000.<\/p>\n<p>Yhdistyksen tarkoituksena on edist\u00e4\u00e4 kyl\u00e4n asukkaiden yhteisty\u00f6t\u00e4, omatoimisuutta, kyl\u00e4n elinkelpoisuutta ja toimia sen edunvalvojana.<\/p>\n<table cellspacing=\"0\">\n<tbody>\n<tr>\n<td colspan=\"2\"><strong>Johtokunta 2024<br \/><\/strong><\/td>\n<\/tr>\n<tr>\n<td colspan=\"2\">\n<ul>\n<li>\n<div align=\"left\">pj. \u00a0 \u00a0 Jaakko Sepp\u00e4nen \u00a0 \u00a0 \u00a0 \u00a0 \u00a0 \u00a0 \u00a00400153723<\/div>\n<\/li>\n<li>\n<div align=\"left\">siht. Reetta Sepp\u00e4nen<\/div>\n<\/li>\n<li>\n<div align=\"left\">johtokunta: Ville Ahtiainen, Harri Karhu, Martti Karhu, Matti Sepp\u00e4nen, Esa Hyv\u00e4ttinen, Ari Ponkkonen<\/div>\n<\/li>\n<li>\n<div align=\"left\">rahastonhoitaja \u00a0Marja Ahtiainen<\/div>\n<\/li>\n<\/ul>\n<\/td>\n<\/tr>\n<\/tbody>\n<\/table>\n\n\n<p><\/p>\n","protected":false},"excerpt":{"rendered":"<p>K\u00e4h\u00e4ril\u00e4n kyl\u00e4yhdistys on perustettu 4.5.2000. Yhdistyksen tarkoituksena on edist\u00e4\u00e4 kyl\u00e4n asukkaiden yhteisty\u00f6t\u00e4, omatoimisuutta, kyl\u00e4n elinkelpoisuutta ja toimia sen edunvalvojana. Johtokunta 2024 pj. \u00a0 \u00a0 Jaakko Sepp\u00e4nen \u00a0 \u00a0 \u00a0 \u00a0 \u00a0 \u00a0 \u00a00400153723 siht. Reetta Sepp\u00e4nen johtokunta: Ville Ahtiainen, Harri &hellip; <a href=\"https:\/\/kylat.ekarjala.fi\/kaharila\/?page_id=76\">Lue loppuun <span class=\"meta-nav\">&rarr;<\/span><\/a><\/p>\n","protected":false},"author":101,"featured_media":0,"parent":74,"menu_order":0,"comment_status":"closed","ping_status":"open","template":"","meta":{"footnotes":""},"class_list":["post-76","page","type-page","status-publish","hentry"],"_links":{"self":[{"href":"https:\/\/kylat.ekarjala.fi\/kaharila\/index.php?rest_route=\/wp\/v2\/pages\/76","targetHints":{"allow":["GET"]}}],"collection":[{"href":"https:\/\/kylat.ekarjala.fi\/kaharila\/index.php?rest_route=\/wp\/v2\/pages"}],"about":[{"href":"https:\/\/kylat.ekarjala.fi\/kaharila\/index.php?rest_route=\/wp\/v2\/types\/page"}],"author":[{"embeddable":true,"href":"https:\/\/kylat.ekarjala.fi\/kaharila\/index.php?rest_route=\/wp\/v2\/users\/101"}],"replies":[{"embeddable":true,"href":"https:\/\/kylat.ekarjala.fi\/kaharila\/index.php?rest_route=%2Fwp%2Fv2%2Fcomments&post=76"}],"version-history":[{"count":18,"href":"https:\/\/kylat.ekarjala.fi\/kaharila\/index.php?rest_route=\/wp\/v2\/pages\/76\/revisions"}],"predecessor-version":[{"id":713,"href":"https:\/\/kylat.ekarjala.fi\/kaharila\/index.php?rest_route=\/wp\/v2\/pages\/76\/revisions\/713"}],"up":[{"embeddable":true,"href":"https:\/\/kylat.ekarjala.fi\/kaharila\/index.php?rest_route=\/wp\/v2\/pages\/74"}],"wp:attachment":[{"href":"https:\/\/kylat.ekarjala.fi\/kaharila\/index.php?rest_route=%2Fwp%2Fv2%2Fmedia&parent=76"}],"curies":[{"name":"wp","href":"https:\/\/api.w.org\/{rel}","templated":true}]}}