{"id":81,"date":"2012-01-17T17:46:44","date_gmt":"2012-01-17T17:46:44","guid":{"rendered":"https:\/\/kylat.ekarjala.fi\/kaharila\/?page_id=81"},"modified":"2021-01-08T14:21:31","modified_gmt":"2021-01-08T14:21:31","slug":"kympin-kyttaajat","status":"publish","type":"page","link":"https:\/\/kylat.ekarjala.fi\/kaharila\/?page_id=81","title":{"rendered":"Kympin kytt\u00e4\u00e4j\u00e4t"},"content":{"rendered":"<p>&nbsp;<\/p>\n<h1>K\u00e4h\u00e4ril\u00e4n Mets\u00e4stys ampumaseura Kympin kytt\u00e4\u00e4j\u00e4t<\/h1>\n<p>Kyl\u00e4ll\u00e4 toimii 10.10.2000 perustettu K\u00e4h\u00e4ril\u00e4n Mets\u00e4stysampumaseura Kympin Kytt\u00e4\u00e4j\u00e4t. Seurassa on noin 70 j\u00e4sent\u00e4. Seuran kilpailulajit ovat mets\u00e4styshirvi-luodikko-haulikko ja trap ammunnat,sek\u00e4 hirvenhiihto-ja juoksu.<\/p>\n","protected":false},"excerpt":{"rendered":"<p>&nbsp; K\u00e4h\u00e4ril\u00e4n Mets\u00e4stys ampumaseura Kympin kytt\u00e4\u00e4j\u00e4t Kyl\u00e4ll\u00e4 toimii 10.10.2000 perustettu K\u00e4h\u00e4ril\u00e4n Mets\u00e4stysampumaseura Kympin Kytt\u00e4\u00e4j\u00e4t. Seurassa on noin 70 j\u00e4sent\u00e4. Seuran kilpailulajit ovat mets\u00e4styshirvi-luodikko-haulikko ja trap ammunnat,sek\u00e4 hirvenhiihto-ja juoksu.<\/p>\n","protected":false},"author":101,"featured_media":0,"parent":74,"menu_order":0,"comment_status":"closed","ping_status":"open","template":"","meta":{"footnotes":""},"class_list":["post-81","page","type-page","status-publish","hentry"],"_links":{"self":[{"href":"https:\/\/kylat.ekarjala.fi\/kaharila\/index.php?rest_route=\/wp\/v2\/pages\/81","targetHints":{"allow":["GET"]}}],"collection":[{"href":"https:\/\/kylat.ekarjala.fi\/kaharila\/index.php?rest_route=\/wp\/v2\/pages"}],"about":[{"href":"https:\/\/kylat.ekarjala.fi\/kaharila\/index.php?rest_route=\/wp\/v2\/types\/page"}],"author":[{"embeddable":true,"href":"https:\/\/kylat.ekarjala.fi\/kaharila\/index.php?rest_route=\/wp\/v2\/users\/101"}],"replies":[{"embeddable":true,"href":"https:\/\/kylat.ekarjala.fi\/kaharila\/index.php?rest_route=%2Fwp%2Fv2%2Fcomments&post=81"}],"version-history":[{"count":10,"href":"https:\/\/kylat.ekarjala.fi\/kaharila\/index.php?rest_route=\/wp\/v2\/pages\/81\/revisions"}],"predecessor-version":[{"id":337,"href":"https:\/\/kylat.ekarjala.fi\/kaharila\/index.php?rest_route=\/wp\/v2\/pages\/81\/revisions\/337"}],"up":[{"embeddable":true,"href":"https:\/\/kylat.ekarjala.fi\/kaharila\/index.php?rest_route=\/wp\/v2\/pages\/74"}],"wp:attachment":[{"href":"https:\/\/kylat.ekarjala.fi\/kaharila\/index.php?rest_route=%2Fwp%2Fv2%2Fmedia&parent=81"}],"curies":[{"name":"wp","href":"https:\/\/api.w.org\/{rel}","templated":true}]}}