{"id":1612,"date":"2014-01-04T17:42:44","date_gmt":"2014-01-04T15:42:44","guid":{"rendered":"https:\/\/kylat.ekarjala.fi\/kanava\/?page_id=1612"},"modified":"2024-01-07T21:31:33","modified_gmt":"2024-01-07T19:31:33","slug":"sahkoinen-varauskalenteri","status":"publish","type":"page","link":"https:\/\/kylat.ekarjala.fi\/kanava\/kylatoiminta\/kanavan-liikuntakeskus\/sahkoinen-varauskalenteri\/","title":{"rendered":"S\u00e4hk\u00f6inen varauskalenteri"},"content":{"rendered":"<h3>Yleist\u00e4 varauskalenterista<\/h3>\n<ul>\n<li>Linkki s\u00e4hk\u00f6iseen varauskalenteriin on kyl\u00e4yhdistyksen nettisivujen etusivulla oikealla <a title=\"Etusivu\" href=\"https:\/\/kylat.ekarjala.fi\/kanava\/\">kylat.ekarjala.fi\/kanava\/<\/a>.<\/li>\n<li>Max. m\u00e4\u00e4r\u00e4 tulevia varauksia: 50 kpl<\/li>\n<li>Max. m\u00e4\u00e4r\u00e4 vanhoja varauksia: 500 kpl<\/li>\n<li>Max. m\u00e4\u00e4r\u00e4 rekister\u00f6ityj\u00e4 k\u00e4ytt\u00e4ji\u00e4: 50 hl\u00f6\u00e4. <b>Vain rekister\u00f6ityneet k\u00e4ytt\u00e4j\u00e4t pystyv\u00e4t tekem\u00e4\u00e4n varauksia.<\/b> Rekister\u00f6itym\u00e4t\u00f6n k\u00e4ytt\u00e4j\u00e4 n\u00e4kee tehdyt varaukset, mutta ei varauksen tekij\u00e4n tietoja<\/li>\n<\/ul>\n<h3>Rekister\u00f6ityminen<\/h3>\n<ul>\n<li>Rekister\u00f6itymist\u00e4 varten laita viesti yll\u00e4pit\u00e4j\u00e4lle nettisivujen <a href=\"https:\/\/kylat.ekarjala.fi\/kanava\/yhteydenotto\/\">yhteydenottolomakkeen kautta<\/a><\/li>\n<li>Rekister\u00f6intiin tarvitaan <strong>spostiosoite, nimi ja puhelinnumero<\/strong><\/li>\n<li>Salasanan m\u00e4\u00e4rittelee yll\u00e4pit\u00e4j\u00e4. Kun rekister\u00f6inti on tehty, yll\u00e4pit\u00e4j\u00e4 l\u00e4hett\u00e4\u00e4 kirjautumistiedot tekstiviestin\u00e4 tai spostilla<\/li>\n<li><b>Vain yksi rekister\u00f6ity k\u00e4ytt\u00e4j\u00e4\/talous<\/b><\/li>\n<\/ul>\n<h3>Kalenterin asetukset<\/h3>\n<ul>\n<li>K\u00e4ytt\u00e4j\u00e4 saa tehd\u00e4 1 varauksen kerrallaan. Kirjattu varaus on siis \u201dk\u00e4ytett\u00e4v\u00e4 pois\u201d ennen kuin voi tehd\u00e4 uuden varauksen<\/li>\n<li>Varauksen voi tehd\u00e4 1 tunti &#8211; 2 kk etuk\u00e4teen<\/li>\n<li>Jos haluat varata koko liikuntakeskuksen, sinun on teht\u00e4v\u00e4 varaus erikseen sek\u00e4 liikuntahalliin ett\u00e4 kabinettiin<\/li>\n<li>K\u00e4ytt\u00e4j\u00e4 voi muokata omaa varaustaan tai peruuttaa varauksen<\/li>\n<li>Varausaika: min. 30 minuuttia, max. 2 tuntia. Suositus on, ett\u00e4 varaus tehd\u00e4\u00e4n 1 tunniksi kerrallaan<\/li>\n<li>Jos tarvitset varauksen\n<ul>\n<li>yli 2 kuukauden p\u00e4\u00e4h\u00e4n<\/li>\n<li>useiden tilojen yht\u00e4aikaisen varauksen (mm. liikuntahalli, kabinetti ja urheilukentt\u00e4 \/ frisbeegolfrata)<\/li>\n<li>tai varauksen pidemm\u00e4ksi ajaksi kuin 2 tuntia<\/li>\n<\/ul>\n<\/li>\n<li>ota yhteytt\u00e4 yll\u00e4pit\u00e4j\u00e4\u00e4n: <a href=\"https:\/\/kylat.ekarjala.fi\/kanava\/yhteydenotto\/\">https:\/\/kylat.ekarjala.fi\/kanava\/yhteydenotto\/<\/a><\/li>\n<\/ul>\n<h3>Varauksen tekeminen<\/h3>\n\n\n<div data-wp-interactive=\"core\/file\" class=\"wp-block-file\"><object data-wp-bind--hidden=\"!state.hasPdfPreview\" hidden class=\"wp-block-file__embed\" data=\"https:\/\/kylat.ekarjala.fi\/kanava\/wp-content\/uploads\/sites\/7\/2024\/01\/Sahkoinen-kalenteri_varauksen-tekeminen_7-1-2024.pdf\" type=\"application\/pdf\" style=\"width:100%;height:600px\" aria-label=\"Tiedoston S\u00e4hk\u00f6inen-kalenteri_varauksen-tekeminen_7-1-2024 upotus.\"><\/object><a id=\"wp-block-file--media-12d9cc53-7b0a-4745-8d26-aedfee631871\" href=\"https:\/\/kylat.ekarjala.fi\/kanava\/wp-content\/uploads\/sites\/7\/2024\/01\/Sahkoinen-kalenteri_varauksen-tekeminen_7-1-2024.pdf\">S\u00e4hk\u00f6inen-kalenteri_varauksen-tekeminen_7-1-2024<\/a><a href=\"https:\/\/kylat.ekarjala.fi\/kanava\/wp-content\/uploads\/sites\/7\/2024\/01\/Sahkoinen-kalenteri_varauksen-tekeminen_7-1-2024.pdf\" class=\"wp-block-file__button wp-element-button\" download aria-describedby=\"wp-block-file--media-12d9cc53-7b0a-4745-8d26-aedfee631871\">Lataa<\/a><\/div>\n","protected":false},"excerpt":{"rendered":"<p>Yleist\u00e4 varauskalenterista Linkki s\u00e4hk\u00f6iseen varauskalenteriin on kyl\u00e4yhdistyksen nettisivujen etusivulla oikealla kylat.ekarjala.fi\/kanava\/. Max. m\u00e4\u00e4r\u00e4 tulevia varauksia: 50 kpl Max. m\u00e4\u00e4r\u00e4 vanhoja varauksia: 500 kpl Max. m\u00e4\u00e4r\u00e4 rekister\u00f6ityj\u00e4 k\u00e4ytt\u00e4ji\u00e4: 50 hl\u00f6\u00e4. Vain rekister\u00f6ityneet k\u00e4ytt\u00e4j\u00e4t pystyv\u00e4t tekem\u00e4\u00e4n varauksia. Rekister\u00f6itym\u00e4t\u00f6n k\u00e4ytt\u00e4j\u00e4 n\u00e4kee tehdyt varaukset, &hellip; <a href=\"https:\/\/kylat.ekarjala.fi\/kanava\/kylatoiminta\/kanavan-liikuntakeskus\/sahkoinen-varauskalenteri\/\">Lue loppuun <span class=\"meta-nav\">&rarr;<\/span><\/a><\/p>\n","protected":false},"author":10,"featured_media":0,"parent":1603,"menu_order":0,"comment_status":"closed","ping_status":"closed","template":"onecolumn-page.php","meta":{"footnotes":""},"class_list":["post-1612","page","type-page","status-publish","hentry"],"_links":{"self":[{"href":"https:\/\/kylat.ekarjala.fi\/kanava\/wp-json\/wp\/v2\/pages\/1612","targetHints":{"allow":["GET"]}}],"collection":[{"href":"https:\/\/kylat.ekarjala.fi\/kanava\/wp-json\/wp\/v2\/pages"}],"about":[{"href":"https:\/\/kylat.ekarjala.fi\/kanava\/wp-json\/wp\/v2\/types\/page"}],"author":[{"embeddable":true,"href":"https:\/\/kylat.ekarjala.fi\/kanava\/wp-json\/wp\/v2\/users\/10"}],"replies":[{"embeddable":true,"href":"https:\/\/kylat.ekarjala.fi\/kanava\/wp-json\/wp\/v2\/comments?post=1612"}],"version-history":[{"count":14,"href":"https:\/\/kylat.ekarjala.fi\/kanava\/wp-json\/wp\/v2\/pages\/1612\/revisions"}],"predecessor-version":[{"id":2918,"href":"https:\/\/kylat.ekarjala.fi\/kanava\/wp-json\/wp\/v2\/pages\/1612\/revisions\/2918"}],"up":[{"embeddable":true,"href":"https:\/\/kylat.ekarjala.fi\/kanava\/wp-json\/wp\/v2\/pages\/1603"}],"wp:attachment":[{"href":"https:\/\/kylat.ekarjala.fi\/kanava\/wp-json\/wp\/v2\/media?parent=1612"}],"curies":[{"name":"wp","href":"https:\/\/api.w.org\/{rel}","templated":true}]}}