{"id":219,"date":"2011-04-06T23:57:50","date_gmt":"2011-04-06T20:57:50","guid":{"rendered":"https:\/\/kylat.ekarjala.fi\/kanava\/?page_id=219"},"modified":"2025-02-03T10:11:00","modified_gmt":"2025-02-03T08:11:00","slug":"hallitus","status":"publish","type":"page","link":"https:\/\/kylat.ekarjala.fi\/kanava\/kylayhdistys\/hallitus\/","title":{"rendered":"Hallitus 2025"},"content":{"rendered":"<h2>J\u00c4SENET 2025<\/h2>\n<p><strong>Hannu Talonpoika, puheenjohtaja, puh. 0400227632<\/strong><\/p>\n<div>Hannu Heimala<\/div>\n<div>P\u00e4ivi Kansonen<\/div>\n<div>Seija Kansonen, sihteeri<\/div>\n<div>Jussi Lankinen<\/div>\n<div>Pekka Lyytik\u00e4inen<\/div>\n<div>Juuso Mikonsaari<\/div>\n<div>Osmo Mikonsaari<\/div>\n<div>Ella Pesonen<\/div>\n<div>Tero Penttil\u00e4<\/div>\n<div>Kari Rohkea<\/div>\n<div>Jaakko Salen<\/div>\n<div>Mirja Suninen<\/div>\n<div>Mari Talonpoika, rahastonhoitaja<\/div>\n<div>Veli-Matti Talonpoika<\/div>\n","protected":false},"excerpt":{"rendered":"<p>J\u00c4SENET 2025 Hannu Talonpoika, puheenjohtaja, puh. 0400227632 Hannu Heimala P\u00e4ivi Kansonen Seija Kansonen, sihteeri Jussi Lankinen Pekka Lyytik\u00e4inen Juuso Mikonsaari Osmo Mikonsaari Ella Pesonen Tero Penttil\u00e4 Kari Rohkea Jaakko Salen Mirja Suninen Mari Talonpoika, rahastonhoitaja Veli-Matti Talonpoika<\/p>\n","protected":false},"author":10,"featured_media":0,"parent":214,"menu_order":0,"comment_status":"closed","ping_status":"closed","template":"","meta":{"footnotes":""},"class_list":["post-219","page","type-page","status-publish","hentry"],"_links":{"self":[{"href":"https:\/\/kylat.ekarjala.fi\/kanava\/wp-json\/wp\/v2\/pages\/219","targetHints":{"allow":["GET"]}}],"collection":[{"href":"https:\/\/kylat.ekarjala.fi\/kanava\/wp-json\/wp\/v2\/pages"}],"about":[{"href":"https:\/\/kylat.ekarjala.fi\/kanava\/wp-json\/wp\/v2\/types\/page"}],"author":[{"embeddable":true,"href":"https:\/\/kylat.ekarjala.fi\/kanava\/wp-json\/wp\/v2\/users\/10"}],"replies":[{"embeddable":true,"href":"https:\/\/kylat.ekarjala.fi\/kanava\/wp-json\/wp\/v2\/comments?post=219"}],"version-history":[{"count":20,"href":"https:\/\/kylat.ekarjala.fi\/kanava\/wp-json\/wp\/v2\/pages\/219\/revisions"}],"predecessor-version":[{"id":3004,"href":"https:\/\/kylat.ekarjala.fi\/kanava\/wp-json\/wp\/v2\/pages\/219\/revisions\/3004"}],"up":[{"embeddable":true,"href":"https:\/\/kylat.ekarjala.fi\/kanava\/wp-json\/wp\/v2\/pages\/214"}],"wp:attachment":[{"href":"https:\/\/kylat.ekarjala.fi\/kanava\/wp-json\/wp\/v2\/media?parent=219"}],"curies":[{"name":"wp","href":"https:\/\/api.w.org\/{rel}","templated":true}]}}