{"id":223,"date":"2011-04-07T00:00:37","date_gmt":"2011-04-06T21:00:37","guid":{"rendered":"https:\/\/kylat.ekarjala.fi\/kanava\/?page_id=223"},"modified":"2025-02-03T10:12:14","modified_gmt":"2025-02-03T08:12:14","slug":"toimintasuunnitelma","status":"publish","type":"page","link":"https:\/\/kylat.ekarjala.fi\/kanava\/kylayhdistys\/toimintasuunnitelma\/","title":{"rendered":"Toimintasuunnitelma"},"content":{"rendered":"\n<p>Saimaan kanavan kyl\u00e4yhdistyksen toimintasuunnitelma<br>vuodelle 2025<\/p>\n\n\n\n<p>KOKOUKSET<br>Kokouksia tarpeen mukaan, kokoontumispaikkana liikunta\/monitoimihalli<br><\/p>\n\n\n\n<p>SUUNNITELTUJA TAPAHTUMIA VUODELLE 2025<\/p>\n\n\n\n<ul class=\"wp-block-list\">\n<li>onkikilpailut<\/li>\n\n\n\n<li>kes\u00e4juhlat<\/li>\n\n\n\n<li>pikkujoulut<\/li>\n\n\n\n<li>teatterimatka<\/li>\n\n\n\n<li>askarteluilta\n<ul class=\"wp-block-list\">\n<li>j\u00e4\u00e4kiekkokaukalon talvikunnossapito<\/li>\n<\/ul>\n<\/li>\n\n\n\n<li>jalkapallokent\u00e4n kes\u00e4kunnossapito<\/li>\n\n\n\n<li>frisbeeradan kunnossapito<\/li>\n\n\n\n<li>lasten hiihtokilpailut<\/li>\n\n\n\n<li>lasten kes\u00e4kisat<\/li>\n\n\n\n<li>kyl\u00e4py\u00f6r\u00e4ily<\/li>\n\n\n\n<li>k\u00f6ydenvetokisa<\/li>\n\n\n\n<li>osallistuminen Lappeen kes\u00e4tapahtumaan<\/li>\n<\/ul>\n\n\n\n<p>MUUT AJANKOHTAISET ASIAT<br>-jumpat naisille ja miehille sek\u00e4 kevytjumppa<\/p>\n","protected":false},"excerpt":{"rendered":"<p>Saimaan kanavan kyl\u00e4yhdistyksen toimintasuunnitelmavuodelle 2025 KOKOUKSETKokouksia tarpeen mukaan, kokoontumispaikkana liikunta\/monitoimihalli SUUNNITELTUJA TAPAHTUMIA VUODELLE 2025 MUUT AJANKOHTAISET ASIAT-jumpat naisille ja miehille sek\u00e4 kevytjumppa<\/p>\n","protected":false},"author":10,"featured_media":0,"parent":214,"menu_order":0,"comment_status":"closed","ping_status":"closed","template":"","meta":{"footnotes":""},"class_list":["post-223","page","type-page","status-publish","hentry"],"_links":{"self":[{"href":"https:\/\/kylat.ekarjala.fi\/kanava\/wp-json\/wp\/v2\/pages\/223","targetHints":{"allow":["GET"]}}],"collection":[{"href":"https:\/\/kylat.ekarjala.fi\/kanava\/wp-json\/wp\/v2\/pages"}],"about":[{"href":"https:\/\/kylat.ekarjala.fi\/kanava\/wp-json\/wp\/v2\/types\/page"}],"author":[{"embeddable":true,"href":"https:\/\/kylat.ekarjala.fi\/kanava\/wp-json\/wp\/v2\/users\/10"}],"replies":[{"embeddable":true,"href":"https:\/\/kylat.ekarjala.fi\/kanava\/wp-json\/wp\/v2\/comments?post=223"}],"version-history":[{"count":20,"href":"https:\/\/kylat.ekarjala.fi\/kanava\/wp-json\/wp\/v2\/pages\/223\/revisions"}],"predecessor-version":[{"id":3005,"href":"https:\/\/kylat.ekarjala.fi\/kanava\/wp-json\/wp\/v2\/pages\/223\/revisions\/3005"}],"up":[{"embeddable":true,"href":"https:\/\/kylat.ekarjala.fi\/kanava\/wp-json\/wp\/v2\/pages\/214"}],"wp:attachment":[{"href":"https:\/\/kylat.ekarjala.fi\/kanava\/wp-json\/wp\/v2\/media?parent=223"}],"curies":[{"name":"wp","href":"https:\/\/api.w.org\/{rel}","templated":true}]}}