{"id":2820,"date":"2022-08-23T11:54:33","date_gmt":"2022-08-23T08:54:33","guid":{"rendered":"https:\/\/kylat.ekarjala.fi\/kanava\/?page_id=2820"},"modified":"2022-08-23T11:54:33","modified_gmt":"2022-08-23T08:54:33","slug":"onkikisat-2022","status":"publish","type":"page","link":"https:\/\/kylat.ekarjala.fi\/kanava\/tapahtumat\/onkikisat-2022\/","title":{"rendered":"Onkikisat 2022"},"content":{"rendered":"\n<p>Onkikilpailut pidettiin 16.8.2022. Oli helteinen elokuun ilta, paikalla reilut 50 henkil\u00f6\u00e4. Kaikki kilpailijat palkittiin.<\/p>\n\n\n\n<p>Naiset, kalasaaliin paino g<\/p>\n\n\n\n<ol class=\"wp-block-list\"><li>Henna Kontinen, 302<\/li><li>Sisko Lankinen, 194<\/li><li>Jenna Pentik\u00e4inen, 140<\/li><li>P\u00e4ivi Kansonen, 125<\/li><li>Seija Kansonen, 115<\/li><li>Ulla Hellman, 29<\/li><\/ol>\n\n\n\n<p>Miehet<\/p>\n\n\n\n<ol class=\"wp-block-list\"><li>Juha Kansonen, 575<\/li><li>Tuomas Talonpoika, 261<\/li><li>Jari Lindroos, 180<\/li><li>Jussi Lankinen, 147<\/li><li>Jyrki Kansonen, 146<\/li><li>Marko Kansonen, 142<\/li><li>Pekka Lyytik\u00e4inen, 115<\/li><li>Jouni Mikonsaari, 107<\/li><li>Osmo Mikonsaari, 99<\/li><li>Aimo Hellman, 79<\/li><li>Pekka Heimala, 74<\/li><li>Risto Kansonen, 55<\/li><li>Olli Kuukka, 34<\/li><li>Hannu Heimala, 32<\/li><\/ol>\n\n\n\n<p>Tyt\u00f6t<\/p>\n\n\n\n<ol class=\"wp-block-list\"><li>Elsa Mikonsaari, 149<\/li><li>Eevi Kantola, 131<\/li><li>Nea Vanninen, 102<\/li><li>Asta Mikonsaari, 76<\/li><li>Venla Lankinen, 63<\/li><li>Ilona Heimala, 49<\/li><li>Toini Mikonsaari, 30<\/li><\/ol>\n\n\n\n<p>Pojat<\/p>\n\n\n\n<ol class=\"wp-block-list\"><li>Eetu Lankinen, 462<\/li><li>V\u00e4in\u00f6 Kantola, 161<\/li><li>Akseli Talonpoika, 146<\/li><li>Aarne Mikonsaari, 139<\/li><li>Arttu Talonpoika, 127<\/li><li>Viljo Mikonsaari, 111<\/li><li>Ilari Heimala, 79<\/li><li>Luca Kuukka, 65<\/li><li>Samu Talonpoika, 41<\/li><li>Lenni Kuukka, 30<\/li><li>Vili Kuukka, 29<\/li><\/ol>\n\n\n\n<p>Suurin kala<br>Juha Kansonen, lahna 268<\/p>\n","protected":false},"excerpt":{"rendered":"<p>Onkikilpailut pidettiin 16.8.2022. Oli helteinen elokuun ilta, paikalla reilut 50 henkil\u00f6\u00e4. Kaikki kilpailijat palkittiin. Naiset, kalasaaliin paino g Henna Kontinen, 302 Sisko Lankinen, 194 Jenna Pentik\u00e4inen, 140 P\u00e4ivi Kansonen, 125 Seija Kansonen, 115 Ulla Hellman, 29 Miehet Juha Kansonen, 575 &hellip; <a href=\"https:\/\/kylat.ekarjala.fi\/kanava\/tapahtumat\/onkikisat-2022\/\">Lue loppuun <span class=\"meta-nav\">&rarr;<\/span><\/a><\/p>\n","protected":false},"author":10,"featured_media":0,"parent":592,"menu_order":0,"comment_status":"closed","ping_status":"closed","template":"","meta":{"footnotes":""},"class_list":["post-2820","page","type-page","status-publish","hentry"],"_links":{"self":[{"href":"https:\/\/kylat.ekarjala.fi\/kanava\/wp-json\/wp\/v2\/pages\/2820","targetHints":{"allow":["GET"]}}],"collection":[{"href":"https:\/\/kylat.ekarjala.fi\/kanava\/wp-json\/wp\/v2\/pages"}],"about":[{"href":"https:\/\/kylat.ekarjala.fi\/kanava\/wp-json\/wp\/v2\/types\/page"}],"author":[{"embeddable":true,"href":"https:\/\/kylat.ekarjala.fi\/kanava\/wp-json\/wp\/v2\/users\/10"}],"replies":[{"embeddable":true,"href":"https:\/\/kylat.ekarjala.fi\/kanava\/wp-json\/wp\/v2\/comments?post=2820"}],"version-history":[{"count":1,"href":"https:\/\/kylat.ekarjala.fi\/kanava\/wp-json\/wp\/v2\/pages\/2820\/revisions"}],"predecessor-version":[{"id":2821,"href":"https:\/\/kylat.ekarjala.fi\/kanava\/wp-json\/wp\/v2\/pages\/2820\/revisions\/2821"}],"up":[{"embeddable":true,"href":"https:\/\/kylat.ekarjala.fi\/kanava\/wp-json\/wp\/v2\/pages\/592"}],"wp:attachment":[{"href":"https:\/\/kylat.ekarjala.fi\/kanava\/wp-json\/wp\/v2\/media?parent=2820"}],"curies":[{"name":"wp","href":"https:\/\/api.w.org\/{rel}","templated":true}]}}