{"id":8,"date":"2014-02-24T10:29:59","date_gmt":"2014-02-24T08:29:59","guid":{"rendered":"https:\/\/kylat.ekarjala.fi\/kangasvarsi\/?page_id=8"},"modified":"2014-02-24T10:29:59","modified_gmt":"2014-02-24T08:29:59","slug":"kotkaniemi","status":"publish","type":"page","link":"https:\/\/kylat.ekarjala.fi\/kangasvarsi\/kotkaniemi\/","title":{"rendered":"Kotkaniemi"},"content":{"rendered":"<p><a href=\"https:\/\/kylat.ekarjala.fi\/kangasvarsi\/wp-content\/uploads\/sites\/60\/2014\/02\/1.jpg\"><img loading=\"lazy\" decoding=\"async\" class=\"alignnone size-full wp-image-9\" alt=\"1\" src=\"https:\/\/kylat.ekarjala.fi\/kangasvarsi\/wp-content\/uploads\/sites\/60\/2014\/02\/1.jpg\" width=\"600\" height=\"399\" srcset=\"https:\/\/kylat.ekarjala.fi\/kangasvarsi\/wp-content\/uploads\/sites\/60\/2014\/02\/1.jpg 600w, https:\/\/kylat.ekarjala.fi\/kangasvarsi\/wp-content\/uploads\/sites\/60\/2014\/02\/1-300x199.jpg 300w\" sizes=\"auto, (max-width: 600px) 100vw, 600px\" \/><\/a><\/p>\n<p>&nbsp;<\/p>\n<p>Arkkitehti Lars Sonckin s<span style=\"font-family: Georgia;\">uunnittelema Kotkaniemi\u00a0on\u00a0valmistunut vuonna 1898.\u00a0Presidentti P.E\u00a0Svinhufvud asui talossa 1900-luvun alkuvuosikymmenin\u00e4. Nyky\u00e4\u00e4n Kotkaniemi\u00a0on Svinhufvudin kotimuseo<\/span><\/p>\n","protected":false},"excerpt":{"rendered":"<p>&nbsp; Arkkitehti Lars Sonckin suunnittelema Kotkaniemi\u00a0on\u00a0valmistunut vuonna 1898.\u00a0Presidentti P.E\u00a0Svinhufvud asui talossa 1900-luvun alkuvuosikymmenin\u00e4. Nyky\u00e4\u00e4n Kotkaniemi\u00a0on Svinhufvudin kotimuseo<\/p>\n","protected":false},"author":1,"featured_media":0,"parent":0,"menu_order":0,"comment_status":"open","ping_status":"closed","template":"","meta":{"footnotes":""},"class_list":["post-8","page","type-page","status-publish","hentry"],"_links":{"self":[{"href":"https:\/\/kylat.ekarjala.fi\/kangasvarsi\/wp-json\/wp\/v2\/pages\/8","targetHints":{"allow":["GET"]}}],"collection":[{"href":"https:\/\/kylat.ekarjala.fi\/kangasvarsi\/wp-json\/wp\/v2\/pages"}],"about":[{"href":"https:\/\/kylat.ekarjala.fi\/kangasvarsi\/wp-json\/wp\/v2\/types\/page"}],"author":[{"embeddable":true,"href":"https:\/\/kylat.ekarjala.fi\/kangasvarsi\/wp-json\/wp\/v2\/users\/1"}],"replies":[{"embeddable":true,"href":"https:\/\/kylat.ekarjala.fi\/kangasvarsi\/wp-json\/wp\/v2\/comments?post=8"}],"version-history":[{"count":1,"href":"https:\/\/kylat.ekarjala.fi\/kangasvarsi\/wp-json\/wp\/v2\/pages\/8\/revisions"}],"predecessor-version":[{"id":11,"href":"https:\/\/kylat.ekarjala.fi\/kangasvarsi\/wp-json\/wp\/v2\/pages\/8\/revisions\/11"}],"wp:attachment":[{"href":"https:\/\/kylat.ekarjala.fi\/kangasvarsi\/wp-json\/wp\/v2\/media?parent=8"}],"curies":[{"name":"wp","href":"https:\/\/api.w.org\/{rel}","templated":true}]}}