{"id":12,"date":"2013-01-11T10:22:24","date_gmt":"2013-01-11T10:22:24","guid":{"rendered":"https:\/\/kylat.ekarjala.fi\/karjalaisenkylaparjala\/?page_id=12"},"modified":"2017-01-01T07:56:14","modified_gmt":"2017-01-01T07:56:14","slug":"toimintasuunnitelma-ja-toimintakertomus","status":"publish","type":"page","link":"https:\/\/kylat.ekarjala.fi\/karjalaisenkylaparjala\/kylayhdistys\/toimintasuunnitelma-ja-toimintakertomus\/","title":{"rendered":"Toimintasuunnitelma 2017"},"content":{"rendered":"<p>&nbsp;<\/p>\n<p>Tammikuu \u2013 toukokuu: Kyl\u00e4jumppa keskiviikkoisin klo 18.30<\/p>\n<p>&nbsp;<\/p>\n<p>Tammikuu \u2013 Joulukuu: Kyl\u00e4laavun viimeistely\u00e4<\/p>\n<p>&nbsp;<\/p>\n<p>Tammikuu : \u00a0\u00a0\u00a0\u00a0\u00a0\u00a0\u00a0\u00a0\u00a0\u00a0\u00a0\u00a0\u00a0\u00a0\u00a0\u00a0\u00a0\u00a0\u00a0\u00a0 Saipan peli 14.1.17 klo 17.00<\/p>\n<p>Hiihtosuunnistuskisojen P-paikkatalkoot 28-29.1.<\/p>\n<p>&nbsp;<\/p>\n<p>Maaliskuu: \u00a0\u00a0\u00a0\u00a0\u00a0\u00a0\u00a0\u00a0\u00a0\u00a0\u00a0\u00a0\u00a0\u00a0\u00a0\u00a0\u00a0\u00a0\u00a0\u00a0\u00a0 Saimaan Hiihtojen palokoppikafee JOS hiihdot j\u00e4rjestet\u00e4\u00e4n<\/p>\n<p>&nbsp;<\/p>\n<p style=\"padding-left: 150px\">Aikuisten teatterireissu Imatran teatteriin Satavuotias, joka karkasi ikkunasta \u2013 n\u00e4yt\u00f6kseen 11.3.17 klo 16.00<\/p>\n<p>&nbsp;<\/p>\n<p>Huhtikuu \u2013 toukokuu: \u00a0\u00a0 Yhdistyksen s\u00e4\u00e4nt\u00f6m\u00e4\u00e4r\u00e4inen kev\u00e4tkokous<\/p>\n<p>&nbsp;<\/p>\n<p>Kes\u00e4-hein\u00e4kuu: \u00a0\u00a0\u00a0\u00a0\u00a0\u00a0\u00a0\u00a0\u00a0\u00a0\u00a0\u00a0 Lasten kes\u00e4kekkerit Parvisen kasinolla<\/p>\n<p>&nbsp;<\/p>\n<p>Elokuu: \u00a0\u00a0\u00a0\u00a0\u00a0\u00a0\u00a0\u00a0\u00a0\u00a0\u00a0\u00a0\u00a0\u00a0\u00a0\u00a0\u00a0\u00a0\u00a0\u00a0\u00a0\u00a0\u00a0\u00a0\u00a0\u00a0\u00a0\u00a0 Aikuisten elotulet<\/p>\n<p>&nbsp;<\/p>\n<p>Elokuu \u2013 Joulukuu: \u00a0\u00a0\u00a0\u00a0\u00a0\u00a0\u00a0 Kyl\u00e4jumppa mahdollisuuksien mukaan<\/p>\n<p>&nbsp;<\/p>\n<p>Elokuu:\u00a0\u00a0\u00a0\u00a0\u00a0\u00a0\u00a0\u00a0\u00a0\u00a0\u00a0\u00a0\u00a0\u00a0\u00a0\u00a0\u00a0\u00a0\u00a0\u00a0\u00a0\u00a0\u00a0\u00a0\u00a0\u00a0\u00a0\u00a0\u00a0 PopUp:ina Ravintolap\u00e4iv\u00e4, esim. Joutseno-p\u00e4ivien yhteyteen<\/p>\n<p>&nbsp;<\/p>\n<p>Syyskuu: \u00a0\u00a0\u00a0\u00a0\u00a0\u00a0\u00a0\u00a0\u00a0\u00a0\u00a0\u00a0\u00a0\u00a0\u00a0\u00a0\u00a0\u00a0\u00a0\u00a0\u00a0\u00a0\u00a0\u00a0\u00a0\u00a0 Akkoi ilta<\/p>\n<p>Monikulttuuriset olympialaiset jos j\u00e4rjestet\u00e4\u00e4n<\/p>\n<p>&nbsp;<\/p>\n<p>Marraskuu: \u00a0\u00a0\u00a0\u00a0\u00a0\u00a0\u00a0\u00a0\u00a0\u00a0\u00a0\u00a0\u00a0\u00a0\u00a0\u00a0\u00a0\u00a0\u00a0\u00a0 Syyskokous<\/p>\n<p style=\"padding-left: 150px\">Valoa kaamokseen<\/p>\n<p>&nbsp;<\/p>\n<p>Joulukuu: \u00a0\u00a0\u00a0\u00a0\u00a0\u00a0\u00a0\u00a0\u00a0\u00a0\u00a0\u00a0\u00a0\u00a0\u00a0\u00a0\u00a0\u00a0\u00a0\u00a0\u00a0\u00a0\u00a0 Kiert\u00e4v\u00e4 joulukalenteri<\/p>\n<p>Uuden vuoden vastaanotto<\/p>\n<p>&nbsp;<\/p>\n","protected":false},"excerpt":{"rendered":"<p>&nbsp; Tammikuu \u2013 toukokuu: Kyl\u00e4jumppa keskiviikkoisin klo 18.30 &nbsp; Tammikuu \u2013 Joulukuu: Kyl\u00e4laavun viimeistely\u00e4 &nbsp; Tammikuu : \u00a0\u00a0\u00a0\u00a0\u00a0\u00a0\u00a0\u00a0\u00a0\u00a0\u00a0\u00a0\u00a0\u00a0\u00a0\u00a0\u00a0\u00a0\u00a0\u00a0 Saipan peli 14.1.17 klo 17.00 Hiihtosuunnistuskisojen P-paikkatalkoot 28-29.1. &nbsp; Maaliskuu: \u00a0\u00a0\u00a0\u00a0\u00a0\u00a0\u00a0\u00a0\u00a0\u00a0\u00a0\u00a0\u00a0\u00a0\u00a0\u00a0\u00a0\u00a0\u00a0\u00a0\u00a0 Saimaan Hiihtojen palokoppikafee JOS hiihdot j\u00e4rjestet\u00e4\u00e4n &nbsp; Aikuisten teatterireissu Imatran teatteriin &hellip; <a href=\"https:\/\/kylat.ekarjala.fi\/karjalaisenkylaparjala\/kylayhdistys\/toimintasuunnitelma-ja-toimintakertomus\/\">Continue reading <span class=\"meta-nav\">&rarr;<\/span><\/a><\/p>\n","protected":false},"author":138,"featured_media":0,"parent":7,"menu_order":0,"comment_status":"closed","ping_status":"closed","template":"","meta":{"footnotes":""},"class_list":["post-12","page","type-page","status-publish","hentry"],"_links":{"self":[{"href":"https:\/\/kylat.ekarjala.fi\/karjalaisenkylaparjala\/wp-json\/wp\/v2\/pages\/12","targetHints":{"allow":["GET"]}}],"collection":[{"href":"https:\/\/kylat.ekarjala.fi\/karjalaisenkylaparjala\/wp-json\/wp\/v2\/pages"}],"about":[{"href":"https:\/\/kylat.ekarjala.fi\/karjalaisenkylaparjala\/wp-json\/wp\/v2\/types\/page"}],"author":[{"embeddable":true,"href":"https:\/\/kylat.ekarjala.fi\/karjalaisenkylaparjala\/wp-json\/wp\/v2\/users\/138"}],"replies":[{"embeddable":true,"href":"https:\/\/kylat.ekarjala.fi\/karjalaisenkylaparjala\/wp-json\/wp\/v2\/comments?post=12"}],"version-history":[{"count":8,"href":"https:\/\/kylat.ekarjala.fi\/karjalaisenkylaparjala\/wp-json\/wp\/v2\/pages\/12\/revisions"}],"predecessor-version":[{"id":296,"href":"https:\/\/kylat.ekarjala.fi\/karjalaisenkylaparjala\/wp-json\/wp\/v2\/pages\/12\/revisions\/296"}],"up":[{"embeddable":true,"href":"https:\/\/kylat.ekarjala.fi\/karjalaisenkylaparjala\/wp-json\/wp\/v2\/pages\/7"}],"wp:attachment":[{"href":"https:\/\/kylat.ekarjala.fi\/karjalaisenkylaparjala\/wp-json\/wp\/v2\/media?parent=12"}],"curies":[{"name":"wp","href":"https:\/\/api.w.org\/{rel}","templated":true}]}}