{"id":14,"date":"2013-01-11T10:22:53","date_gmt":"2013-01-11T10:22:53","guid":{"rendered":"https:\/\/kylat.ekarjala.fi\/karjalaisenkylaparjala\/?page_id=14"},"modified":"2016-10-17T12:02:35","modified_gmt":"2016-10-17T12:02:35","slug":"liity-jaseneksi","status":"publish","type":"page","link":"https:\/\/kylat.ekarjala.fi\/karjalaisenkylaparjala\/kylayhdistys\/liity-jaseneksi\/","title":{"rendered":"Liity j\u00e4seneksi"},"content":{"rendered":"<p>Karjalaisenkyl\u00e4n ja Parjalan kyl\u00e4yhdistys ry:n tavoitteena on edist\u00e4\u00e4 ja kehitt\u00e4\u00e4 kyl\u00e4n asukkaiden hyvinvointia, yhteis\u00f6llisyytt\u00e4, vaalia kyl\u00e4n vetovoimaisuutta ja viihtyvyytt\u00e4. Mit\u00e4 enemm\u00e4n kyl\u00e4l\u00e4isi\u00e4 kuuluu kyl\u00e4yhdistykseen ja osallistuu aktiivisesti sen toimintaan, sit\u00e4 kovempi \u00e4\u00e4ni saadaan tarvittaessa aikaiseksi! Yhdess\u00e4 \u00e4\u00e4nemme kantaa vaikka Lappeenrantaan asti. \u00a0Liittym\u00e4ll\u00e4 kyl\u00e4yhdistyksen j\u00e4seneksi saat taloudellesi yhdistyksen tuomat edut ja hy\u00f6dyt ja samalla tuet l\u00e4hiymp\u00e4rist\u00f6si hyvinvointia.<\/p>\n<p>Ilmoita t\u00e4ll\u00e4 lomakkeella oman taloutesi tiedot (j\u00e4senmaksu talouskohtainen) ja kaikki talouden yli 15-vuotiaan j\u00e4senen tiedot j\u00e4senrekisteri\u00e4 varten. T\u00e4hdell\u00e4 merkityt tiedot ovat pakollisia.<\/p>\n<p>Tietojen ilmoittamisen lis\u00e4ksi j\u00e4seneksi hyv\u00e4ksyminen edellytt\u00e4\u00e4 j\u00e4senmaksun maksamisen. Varsinaisten j\u00e4senten j\u00e4senmaksu 25 \u20ac \/ talous muodostuu seuraavasti:<\/p>\n<ul>\n<li>Liittymismaksu 10 \u20ac \/ talous<\/li>\n<li>Vuosimaksu 15 \u20ac \/ talous.<\/li>\n<\/ul>\n<p>Kannattajaj\u00e4senilt\u00e4 perit\u00e4\u00e4n 15\u20ac\/ talous, joka muodostuu seuraavasti:<\/p>\n<ul>\n<li>Kannattajaj\u00e4senen liittymismaksu 10\u20ac\/talous<\/li>\n<li>Kannattajaj\u00e4senen vuosimaksu 5\u20ac\/talous<\/li>\n<\/ul>\n<p><strong>J\u00e4senmaksu 25 \u20ac (varsinaiset j\u00e4senet ja 15\u20ac kannattajaj\u00e4senet) maksetaan yhdistyksen tilille: <\/strong><\/p>\n<p style=\"padding-left: 30px;\"><strong>FI0350830220066699 (Osuuspankki) <\/strong><\/p>\n<p style=\"padding-left: 30px;\"><strong>Saaja: Karjalaisenkyl\u00e4n ja Parjalan kyl\u00e4yhdistys ry. <\/strong><\/p>\n<p>J\u00e4senyys astuu voimaan kun maksu on saapunut perille. Saatte vahvistuksen j\u00e4seneksi liittymisest\u00e4 s\u00e4hk\u00f6postitse \/ tekstiviestill\u00e4. [contact-form-7 id=&#8221;121&#8243; title=&#8221;Liity kyl\u00e4yhditykseen!&#8221;]<\/p>\n","protected":false},"excerpt":{"rendered":"<p>Karjalaisenkyl\u00e4n ja Parjalan kyl\u00e4yhdistys ry:n tavoitteena on edist\u00e4\u00e4 ja kehitt\u00e4\u00e4 kyl\u00e4n asukkaiden hyvinvointia, yhteis\u00f6llisyytt\u00e4, vaalia kyl\u00e4n vetovoimaisuutta ja viihtyvyytt\u00e4. Mit\u00e4 enemm\u00e4n kyl\u00e4l\u00e4isi\u00e4 kuuluu kyl\u00e4yhdistykseen ja osallistuu aktiivisesti sen toimintaan, sit\u00e4 kovempi \u00e4\u00e4ni saadaan tarvittaessa aikaiseksi! Yhdess\u00e4 \u00e4\u00e4nemme kantaa vaikka Lappeenrantaan &hellip; <a href=\"https:\/\/kylat.ekarjala.fi\/karjalaisenkylaparjala\/kylayhdistys\/liity-jaseneksi\/\">Continue reading <span class=\"meta-nav\">&rarr;<\/span><\/a><\/p>\n","protected":false},"author":138,"featured_media":0,"parent":7,"menu_order":2,"comment_status":"closed","ping_status":"closed","template":"","meta":{"footnotes":""},"class_list":["post-14","page","type-page","status-publish","hentry"],"_links":{"self":[{"href":"https:\/\/kylat.ekarjala.fi\/karjalaisenkylaparjala\/wp-json\/wp\/v2\/pages\/14","targetHints":{"allow":["GET"]}}],"collection":[{"href":"https:\/\/kylat.ekarjala.fi\/karjalaisenkylaparjala\/wp-json\/wp\/v2\/pages"}],"about":[{"href":"https:\/\/kylat.ekarjala.fi\/karjalaisenkylaparjala\/wp-json\/wp\/v2\/types\/page"}],"author":[{"embeddable":true,"href":"https:\/\/kylat.ekarjala.fi\/karjalaisenkylaparjala\/wp-json\/wp\/v2\/users\/138"}],"replies":[{"embeddable":true,"href":"https:\/\/kylat.ekarjala.fi\/karjalaisenkylaparjala\/wp-json\/wp\/v2\/comments?post=14"}],"version-history":[{"count":9,"href":"https:\/\/kylat.ekarjala.fi\/karjalaisenkylaparjala\/wp-json\/wp\/v2\/pages\/14\/revisions"}],"predecessor-version":[{"id":288,"href":"https:\/\/kylat.ekarjala.fi\/karjalaisenkylaparjala\/wp-json\/wp\/v2\/pages\/14\/revisions\/288"}],"up":[{"embeddable":true,"href":"https:\/\/kylat.ekarjala.fi\/karjalaisenkylaparjala\/wp-json\/wp\/v2\/pages\/7"}],"wp:attachment":[{"href":"https:\/\/kylat.ekarjala.fi\/karjalaisenkylaparjala\/wp-json\/wp\/v2\/media?parent=14"}],"curies":[{"name":"wp","href":"https:\/\/api.w.org\/{rel}","templated":true}]}}