{"id":17,"date":"2013-01-11T10:24:26","date_gmt":"2013-01-11T10:24:26","guid":{"rendered":"https:\/\/kylat.ekarjala.fi\/karjalaisenkylaparjala\/?page_id=17"},"modified":"2013-12-11T05:46:14","modified_gmt":"2013-12-11T05:46:14","slug":"kylan-historia","status":"publish","type":"page","link":"https:\/\/kylat.ekarjala.fi\/karjalaisenkylaparjala\/kylan-historia\/","title":{"rendered":"KYLIEN HISTORIAA"},"content":{"rendered":"<p>&nbsp;<\/p>\n<p><!--\nP { margin-bottom: 0.08in; direction: ltr; color: rgb(0, 0, 0); }P.western { font-family: \"Arial\",sans-serif; font-size: 12pt; }P.cjk { font-family: \"Cambria\"; font-size: 12pt; }P.ctl { font-family: \"Arial\",sans-serif; font-size: 12pt; }A:link {  }\n-\n--><span style=\"color: #222222\"><b>Kyliemme juuret heimotaustassa?<\/b><\/span><\/p>\n<p><span style=\"color: #222222\">Kyl\u00e4mme liene<\/span><span style=\"color: #222222\">v\u00e4t<\/span><span style=\"color: #222222\"> saan<\/span><span style=\"color: #222222\">ee<\/span><span style=\"color: #222222\">t nimens\u00e4 jo 1500-luvulla. <\/span><span style=\"color: #222222\">Ennen nykyist\u00e4 nime\u00e4\u00e4n Karjalaisenkyl\u00e4 mainitaan 1500-luvun asiakirjoissa nimell\u00e4 \u201dKarjalahti\u201d ja sen j\u00e4lkeen \u201dKarjalainen\u201d.<\/span><span style=\"color: #222222\"> Karjalaisenkyl\u00e4n nimi viita<\/span><span style=\"color: #222222\">nnee<\/span><span style=\"color: #222222\"> kyl\u00e4\u00e4 alunperin asuttaneiden heimotaustaan, eli karjalaisiahan t\u00e4\u00e4ll\u00e4 ollaan oltu jo i\u00e4t ajat! <\/span><span style=\"color: #222222\">Parjalan kyl\u00e4 lienee puolestaan saanut nimens\u00e4 ensimm\u00e4isen tilallisen my\u00f6t\u00e4.<\/span><span style=\"color: #222222\"> (Ropponen 1997, 43,44, <\/span><span style=\"color: #222222\">Yl\u00f6nen 1957, 171.<\/span><span style=\"color: #222222\">)<\/span><\/p>\n<p><span style=\"color: #222222\">1500-luvun puoliv\u00e4lin j\u00e4lkeisiss\u00e4 merkinn\u00f6iss\u00e4 kyliss\u00e4mme on ollut viisi tilaa. Karjalaisessa oli kolme taloa ja Parjalassa kaksi: <\/span><\/p>\n<p><span style=\"color: #222222\">Karjalaisenkyl\u00e4: Karjalainen, Tiimonen, Paakki<\/span><\/p>\n<p><span style=\"color: #222222\">Parjala: Niilo, Tahvo, Pekka ja Antti Parjanen, Matti Berg<\/span><\/p>\n<p><span style=\"color: #222222\">(Ropponen 1997, 64, Vuori 1979, 14, Yl\u00f6nen 1957, 173.)<\/span><\/p>\n<p><span style=\"color: #222222\">1620 vuoden karja- ja kylv\u00f6luettelossa oli Parjalassa tiloja viisi ja Karjalaisessa kuusi. Tosin eip\u00e4 koko Joutsenokaan ollut viel\u00e4 suuren suuri, pit\u00e4j\u00e4ss\u00e4mme oli yhteens\u00e4 163 tilaa. Kyliemme tilam\u00e4\u00e4r\u00e4 pysyi t\u00e4m\u00e4n j\u00e4lkeen tasaisena, eik\u00e4 kasvanut viel\u00e4 1739 laskennassakaan. (Ropponen 1997, 64.) <\/span><\/p>\n<div id=\"attachment_119\" style=\"width: 341px\" class=\"wp-caption aligncenter\"><a href=\"https:\/\/kylat.ekarjala.fi\/karjalaisenkylaparjala\/wp-content\/uploads\/sites\/54\/2013\/04\/kuva1.jpg\"><img loading=\"lazy\" decoding=\"async\" aria-describedby=\"caption-attachment-119\" class=\" wp-image-119  \" alt=\"Kuvassa Finnien sukua kolmessa polvessa Paakkisen tilalta\" src=\"https:\/\/kylat.ekarjala.fi\/karjalaisenkylaparjala\/wp-content\/uploads\/sites\/54\/2013\/04\/kuva1.jpg\" width=\"331\" height=\"461\" \/><\/a><p id=\"caption-attachment-119\" class=\"wp-caption-text\">Kuvassa Finnien sukua kolmessa polvessa Paakkisen tilalta<\/p><\/div>\n<p>&nbsp;<\/p>\n<p><span style=\"color: #222222\"><b>Satikutia kyl\u00e4l\u00e4isille nimismiehilt\u00e4 jo kolmensadan vuoden ajan<\/b><\/span><\/p>\n<p><span style=\"color: #222222\">Varsinaista kansalaistottelemattomuutta kylill\u00e4mme on ilmennyt jo aikojen alusta. Oli nimitt\u00e4in niin, ett\u00e4 kyl\u00e4l\u00e4inen Martti Karjalainen havitteli itselleen entist\u00e4 suurempia viljelysmaita ahneusp\u00e4iss\u00e4\u00e4n. Muina miehin\u00e4 h\u00e4n kaskesi alapappilan tiluksia omaan k\u00e4ytt\u00f6\u00f6ns\u00e4. Martti ehti hy\u00f6dynt\u00e4\u00e4 alapappilan maita l\u00e4hes kolmekymment\u00e4 vuotta, kunnes 1685 nimismies veti selv\u00e4t rajat Karjalaisen ja alapappilan maiden v\u00e4lille ja Martti sai kymmenen markan sakot. (Ropponen 1997, 172.)<\/span><\/p>\n<p><span style=\"color: #222222\">Kylill\u00e4mme oli 1600-luvulla petoel\u00e4imi\u00e4 viel\u00e4 riesaksi asti ja taistelussa niit\u00e4 vastaan asetti valtiovalta tiloille erin\u00e4isi\u00e4 vaatimuksia. Vuonna 1666 kyl\u00e4l\u00e4iset Heikki Kortinen ja Risto Nirko (Nyrkk\u00f6?) joutuivat jahtimestari Erik Boijen kynsiin, sill\u00e4 heid\u00e4n taloissaan ei ollut asianmukaisia susi- ja karhuverkkoja. (Yl\u00f6nen 1957, 624-626.)<\/span><\/p>\n<p>&nbsp;<\/p>\n<div id=\"attachment_191\" style=\"width: 310px\" class=\"wp-caption aligncenter\"><a href=\"https:\/\/kylat.ekarjala.fi\/karjalaisenkylaparjala\/wp-content\/uploads\/sites\/54\/2013\/12\/koulu5.jpg\"><img loading=\"lazy\" decoding=\"async\" aria-describedby=\"caption-attachment-191\" class=\"size-medium wp-image-191    \" alt=\"\" src=\"https:\/\/kylat.ekarjala.fi\/karjalaisenkylaparjala\/wp-content\/uploads\/sites\/54\/2013\/12\/koulu5-300x194.jpg\" width=\"300\" height=\"194\" srcset=\"https:\/\/kylat.ekarjala.fi\/karjalaisenkylaparjala\/wp-content\/uploads\/sites\/54\/2013\/12\/koulu5-300x194.jpg 300w, https:\/\/kylat.ekarjala.fi\/karjalaisenkylaparjala\/wp-content\/uploads\/sites\/54\/2013\/12\/koulu5-1024x665.jpg 1024w, https:\/\/kylat.ekarjala.fi\/karjalaisenkylaparjala\/wp-content\/uploads\/sites\/54\/2013\/12\/koulu5.jpg 1091w\" sizes=\"auto, (max-width: 300px) 100vw, 300px\" \/><\/a><p id=\"caption-attachment-191\" class=\"wp-caption-text\">Parjalan ensimm\u00e4inen koulu, nykyisen Parjalantie 94:n kohdassa. Uusi koulu rakentui omalle paikalleen 50-luvulla. Kuva Tuula Partasen arkistosta.<\/p><\/div>\n<p><span style=\"color: #222222\"><b>Surkeiden savimaiden vai vehreiden vainioiden kyl\u00e4?<\/b><\/span><\/p>\n<p><span style=\"color: #222222\">Kyl\u00e4mme n\u00e4kyvimpi\u00e4 rakennuksia on edelleen vanha alapappila (Alapappilantie <\/span><span style=\"color: #222222\">106<\/span><span style=\"color: #222222\">.) Sen juuret ulottuvat kauas historiaan. &#8221;Vuonna 1650 Suomen kenraalikuvern\u00f6\u00f6ri luovutti Joutsenon ensimm\u00e4iselle kappalaiselle Ericus Martinille 1\/6 manttaalin tilan Karjalaisenkyl\u00e4st\u00e4. Se oli Inkeriin loikanneen Antti <\/span><span style=\"color: #222222\"><i>Karjalaisen <\/i><\/span><span style=\"color: #222222\">peruja, jota my\u00f6s veli (?) Martti lienee havitellut\u201d. Alapappila oli m\u00e4\u00e4r\u00e4tty kirkon kappalaiselle asuintilaksi, mutta se<\/span><span style=\"color: #222222\">llaiseksi se ei kelvannut l\u00e4hes<\/span><span style=\"color: #222222\"> sataan vuoteen. Kev\u00e4ttulvien aikaan alapappilasta ei p\u00e4\u00e4ssyt kulkemaan kirkolle, sill\u00e4 siltojen puuttuessa Savelan joen ylitys<\/span><span style=\"color: #222222\">oli mahdotonta<\/span><span style=\"color: #222222\">.<\/span><span style=\"color: #222222\"> Kyliemme alueet tunnettiin <\/span><span style=\"color: #222222\">my\u00f6s <\/span><span style=\"color: #222222\">hallanarkuudestaan ja katovuosina menetykset Joutsenossa olivat huomattavasti pahemmat kuin naapuripit\u00e4jiss\u00e4. Ensimm\u00e4inen rohkea kappalainen, Peter Warell uskaltautui Alapappilaan pysyv\u00e4sti <\/span><span style=\"color: #222222\">vasta <\/span><span style=\"color: #222222\">1729. Ensimm\u00e4inen alapappila tuhoutui kansalaissodan kahinoissa (1918) valitettavasti kokonaan ja uusi (nykyinen) alapappila rakennettiin 1923. (Ropponen, 172, Vuori a 19, Vuori b 19.)<\/span><\/p>\n<p><span style=\"color: #222222\">Kyliemme alueella maanviljelys on perustunut pitk\u00e4lti kaskiviljelykseen. Viljelyskasveina lienee olleet p\u00e4\u00e4osin ruis ja kaura, eiv\u00e4tk\u00e4 m\u00e4\u00e4r\u00e4t olleet p\u00e4\u00e4t\u00e4 huimaavia. Kaskikylv\u00f6n kokonaism\u00e4\u00e4r\u00e4ksi ilmoitetaan 1600-luvun asiakirjassa Parjalalaisen P\u00e4rtty Nyrk\u00f6n kohdalla nelj\u00e4 tynnyri\u00e4. (Yl\u00f6nen 1957, 571-573.)<\/span><\/p>\n<p>&nbsp;<\/p>\n<div id=\"attachment_118\" style=\"width: 392px\" class=\"wp-caption aligncenter\"><a href=\"https:\/\/kylat.ekarjala.fi\/karjalaisenkylaparjala\/wp-content\/uploads\/sites\/54\/2013\/04\/kuva.jpg\"><img loading=\"lazy\" decoding=\"async\" aria-describedby=\"caption-attachment-118\" class=\" wp-image-118  \" alt=\"Taustalla n\u00e4kyv\u00e4n Alapappilan piha-alueen puusto on hieman kasvanut... Kuvassa Esko Finnin sisar Maija Kuortti poikansa Karin kanssa.\" src=\"https:\/\/kylat.ekarjala.fi\/karjalaisenkylaparjala\/wp-content\/uploads\/sites\/54\/2013\/04\/kuva.jpg\" width=\"382\" height=\"538\" \/><\/a><p id=\"caption-attachment-118\" class=\"wp-caption-text\">Taustalla n\u00e4kyy Alapappila 50-luvulla. Kuvassa Esko Finnin sisar Maija Kuortti poikansa Karin kanssa.<\/p><\/div>\n<p>&nbsp;<\/p>\n<p>&nbsp;<\/p>\n<p><strong><span style=\"color: #222222\">Mik\u00e4li Sinulla on lis\u00e4tietoja tai vaikkapa kuvia kyliemme vaiheista, otamme ne kyl\u00e4yhdistyksess\u00e4 mieluusti vastaan!<\/span><\/strong><\/p>\n<p><span style=\"color: #222222\">L\u00e4hteet:<\/span><\/p>\n<p><span style=\"color: #222222\">Ropponen, J., 1997: Joutsenon historia. Gummerus, Jyv\u00e4skyl\u00e4.<\/span><\/p>\n<p><span style=\"color: #222222\">Vuori, Pertti, toim. 1979. Tulentallojain tarinoita. Joutsenon kotiseutuyhdistyksen julkaisu n:o 1. Etel\u00e4-Saimaan Kustannus oy, Lappeenranta.<\/span><\/p>\n<p><span style=\"color: #222222\">Vuori, P., 1981: Tulentallojain tarinoita II. Joutsenolainen kotiseutulukemisto 1720- luvulta 1860-luvulle. Joutsenon Kotiseutuyhdistyksen julkaisu n:o 2. Paino-Verho Ky, Lappeenranta.<\/span><\/p>\n<p>Yl\u00f6nen, A., 1957: J\u00e4\u00e4sken kihlakunnan historia I \u2013 Vuoteen 1700. J\u00e4\u00e4sken kihlakunnan historiatoimikunta. Forssan Kirjapaino Oy, Forssa.<\/p>\n<p><!--\nP { margin-bottom: 0.08in; direction: ltr; color: rgb(0, 0, 0); }P.western { font-family: \"Arial\",sans-serif; font-size: 12pt; }P.cjk { font-family: \"Cambria\"; font-size: 12pt; }P.ctl { font-family: \"Arial\",sans-serif; font-size: 12pt; }A:link {  }\n--><\/p>\n","protected":false},"excerpt":{"rendered":"<p>&nbsp; Kyliemme juuret heimotaustassa? Kyl\u00e4mme lienev\u00e4t saaneet nimens\u00e4 jo 1500-luvulla. Ennen nykyist\u00e4 nime\u00e4\u00e4n Karjalaisenkyl\u00e4 mainitaan 1500-luvun asiakirjoissa nimell\u00e4 \u201dKarjalahti\u201d ja sen j\u00e4lkeen \u201dKarjalainen\u201d. Karjalaisenkyl\u00e4n nimi viitannee kyl\u00e4\u00e4 alunperin asuttaneiden heimotaustaan, eli karjalaisiahan t\u00e4\u00e4ll\u00e4 ollaan oltu jo i\u00e4t ajat! Parjalan kyl\u00e4 &hellip; <a href=\"https:\/\/kylat.ekarjala.fi\/karjalaisenkylaparjala\/kylan-historia\/\">Continue reading <span class=\"meta-nav\">&rarr;<\/span><\/a><\/p>\n","protected":false},"author":138,"featured_media":0,"parent":0,"menu_order":4,"comment_status":"closed","ping_status":"closed","template":"","meta":{"footnotes":""},"class_list":["post-17","page","type-page","status-publish","hentry"],"_links":{"self":[{"href":"https:\/\/kylat.ekarjala.fi\/karjalaisenkylaparjala\/wp-json\/wp\/v2\/pages\/17","targetHints":{"allow":["GET"]}}],"collection":[{"href":"https:\/\/kylat.ekarjala.fi\/karjalaisenkylaparjala\/wp-json\/wp\/v2\/pages"}],"about":[{"href":"https:\/\/kylat.ekarjala.fi\/karjalaisenkylaparjala\/wp-json\/wp\/v2\/types\/page"}],"author":[{"embeddable":true,"href":"https:\/\/kylat.ekarjala.fi\/karjalaisenkylaparjala\/wp-json\/wp\/v2\/users\/138"}],"replies":[{"embeddable":true,"href":"https:\/\/kylat.ekarjala.fi\/karjalaisenkylaparjala\/wp-json\/wp\/v2\/comments?post=17"}],"version-history":[{"count":8,"href":"https:\/\/kylat.ekarjala.fi\/karjalaisenkylaparjala\/wp-json\/wp\/v2\/pages\/17\/revisions"}],"predecessor-version":[{"id":193,"href":"https:\/\/kylat.ekarjala.fi\/karjalaisenkylaparjala\/wp-json\/wp\/v2\/pages\/17\/revisions\/193"}],"wp:attachment":[{"href":"https:\/\/kylat.ekarjala.fi\/karjalaisenkylaparjala\/wp-json\/wp\/v2\/media?parent=17"}],"curies":[{"name":"wp","href":"https:\/\/api.w.org\/{rel}","templated":true}]}}