{"id":19,"date":"2013-01-11T10:24:40","date_gmt":"2013-01-11T10:24:40","guid":{"rendered":"https:\/\/kylat.ekarjala.fi\/karjalaisenkylaparjala\/?page_id=19"},"modified":"2013-05-21T17:12:33","modified_gmt":"2013-05-21T17:12:33","slug":"kylan-palvelut","status":"publish","type":"page","link":"https:\/\/kylat.ekarjala.fi\/karjalaisenkylaparjala\/kylan-palvelut\/","title":{"rendered":"KYL\u00c4N PALVELUT"},"content":{"rendered":"<p><strong>Yrityksi\u00e4 kyl\u00e4ss\u00e4mme:<\/strong><\/p>\n<ul>\n<li>Hevosenvuoksi, Maria R\u00e4s\u00e4nen: hevoshieroja,ratsastuksenohjaaja,kengitt\u00e4j\u00e4 (valmistuu kev\u00e4\u00e4ll\u00e4 2013) puh. 045 898 8018, email: maria@hevosenvuoksi.com Osoite: Alapappilantie 122 54100 Joutseno, www.<a href=\"http:\/\/hevosenvuoksi.com\" target=\"_blank\">hevosenvuoksi.com<\/a><\/li>\n<li>Koneurakointi Sami Mattinen <a class=\"c_nobdr t_prs\" href=\"http:\/\/www.koneurakointimattinen.fi\" target=\"_blank\">www.koneurakointimattinen.fi<\/a><\/li>\n<li><span class=\"c_nobdr t_prs\">Kuljetus Melto, Sami Melto <\/span><a class=\"c_nobdr t_prs\" href=\"http:\/\/www.kuljetusmelto.fi\" target=\"_blank\">www.kuljetusmelto.fi<\/a><\/li>\n<li>Kuljetuspalvelu Antti H\u00e4m\u00e4l\u00e4inen, AMH-Kuljetus <a class=\"c_nobdr t_prs\" href=\"http:\/\/www.amh-kuljetus.fi\" target=\"_blank\">www.amh-kuljetus.fi<\/a><\/li>\n<li>Kuljetuspalvelu\u00a0 J. Tiensuu Oy Juri Tiensuu<\/li>\n<li>Mikkolan talli, Tiinan Hevospalvelu Ky, <a class=\"c_nobdr t_prs\" href=\"http:\/\/www.mikkolantalli.net\" target=\"_blank\">www.mikkolantalli.net<\/a><\/li>\n<li>Ompelimo Erja Suonio, Erja Suonio, Osoite: Alapappilantie 103 54100 Joutseno<\/li>\n<li>Rekun talli, Virve Reponen, Ari Kuorttinen, puh. Virve 050-5485384, Ari 050-3808876, email: <a class=\"c_nobdr t_prs\" href=\"mailto:virve.reponen@netti.fi\">virve.reponen@netti.fi<\/a> Osoite: Karjalaisentie 275,\u00a054100 Joutseno, <a class=\"c_nobdr t_prs\" href=\"http:\/\/rekuntalli.kotisivukone.com\" target=\"_blank\">http:\/\/rekuntalli.kotisivukone.com<\/a><\/li>\n<li>Taimimikko, Mikko Ruhanen, taimimyynti\u00e4<\/li>\n<li>T:mi Koneurakointi M. Tiainen, Koneurakointia Markku Tiainen<\/li>\n<\/ul>\n<p>&nbsp;<\/p>\n<p>&nbsp;<\/p>\n<p>LIS\u00c4KSI kyliemme alueella toimii <strong>Karjalaisenkyl\u00e4n vesiosuuskunta<\/strong>, joka tarjoaa mahdollisuuden liitty\u00e4 kunnallisen vesi- ja viem\u00e4riverkostoon kyl\u00e4ll\u00e4. Tiedustele lis\u00e4\u00e4 p.\u00a0040 054 2092.<\/p>\n","protected":false},"excerpt":{"rendered":"<p>Yrityksi\u00e4 kyl\u00e4ss\u00e4mme: Hevosenvuoksi, Maria R\u00e4s\u00e4nen: hevoshieroja,ratsastuksenohjaaja,kengitt\u00e4j\u00e4 (valmistuu kev\u00e4\u00e4ll\u00e4 2013) puh. 045 898 8018, email: maria@hevosenvuoksi.com Osoite: Alapappilantie 122 54100 Joutseno, www.hevosenvuoksi.com Koneurakointi Sami Mattinen www.koneurakointimattinen.fi Kuljetus Melto, Sami Melto www.kuljetusmelto.fi Kuljetuspalvelu Antti H\u00e4m\u00e4l\u00e4inen, AMH-Kuljetus www.amh-kuljetus.fi Kuljetuspalvelu\u00a0 J. Tiensuu Oy Juri &hellip; <a href=\"https:\/\/kylat.ekarjala.fi\/karjalaisenkylaparjala\/kylan-palvelut\/\">Continue reading <span class=\"meta-nav\">&rarr;<\/span><\/a><\/p>\n","protected":false},"author":138,"featured_media":0,"parent":0,"menu_order":5,"comment_status":"closed","ping_status":"closed","template":"","meta":{"footnotes":""},"class_list":["post-19","page","type-page","status-publish","hentry"],"_links":{"self":[{"href":"https:\/\/kylat.ekarjala.fi\/karjalaisenkylaparjala\/wp-json\/wp\/v2\/pages\/19","targetHints":{"allow":["GET"]}}],"collection":[{"href":"https:\/\/kylat.ekarjala.fi\/karjalaisenkylaparjala\/wp-json\/wp\/v2\/pages"}],"about":[{"href":"https:\/\/kylat.ekarjala.fi\/karjalaisenkylaparjala\/wp-json\/wp\/v2\/types\/page"}],"author":[{"embeddable":true,"href":"https:\/\/kylat.ekarjala.fi\/karjalaisenkylaparjala\/wp-json\/wp\/v2\/users\/138"}],"replies":[{"embeddable":true,"href":"https:\/\/kylat.ekarjala.fi\/karjalaisenkylaparjala\/wp-json\/wp\/v2\/comments?post=19"}],"version-history":[{"count":13,"href":"https:\/\/kylat.ekarjala.fi\/karjalaisenkylaparjala\/wp-json\/wp\/v2\/pages\/19\/revisions"}],"predecessor-version":[{"id":136,"href":"https:\/\/kylat.ekarjala.fi\/karjalaisenkylaparjala\/wp-json\/wp\/v2\/pages\/19\/revisions\/136"}],"wp:attachment":[{"href":"https:\/\/kylat.ekarjala.fi\/karjalaisenkylaparjala\/wp-json\/wp\/v2\/media?parent=19"}],"curies":[{"name":"wp","href":"https:\/\/api.w.org\/{rel}","templated":true}]}}