{"id":7,"date":"2013-01-11T10:19:40","date_gmt":"2013-01-11T10:19:40","guid":{"rendered":"https:\/\/kylat.ekarjala.fi\/karjalaisenkylaparjala\/?page_id=7"},"modified":"2013-04-24T18:44:18","modified_gmt":"2013-04-24T18:44:18","slug":"kylayhdistys","status":"publish","type":"page","link":"https:\/\/kylat.ekarjala.fi\/karjalaisenkylaparjala\/kylayhdistys\/","title":{"rendered":"KYL\u00c4YHDISTYS"},"content":{"rendered":"<p><a href=\"https:\/\/kylat.ekarjala.fi\/karjalaisenkylaparjala\/wp-content\/uploads\/sites\/54\/2013\/04\/Maisema-logo.jpg\"><img loading=\"lazy\" decoding=\"async\" class=\"wp-image-130 alignleft\" alt=\"\" src=\"https:\/\/kylat.ekarjala.fi\/karjalaisenkylaparjala\/wp-content\/uploads\/sites\/54\/2013\/04\/Maisema-logo.jpg\" width=\"493\" height=\"329\" \/><\/a>Karjalaisenkyl\u00e4n ja Parjalan kyl\u00e4yhdistys ry:n perustamiskirja allekirjoitettiin<\/p>\n<p>12.12.2012 Parjalan koululla.<\/p>\n<p style=\"text-align: left\">Kyl\u00e4yhdistyksen tarkoituksena on<\/p>\n<blockquote><p>edist\u00e4\u00e4 ja kehitt\u00e4\u00e4 kyl\u00e4n asukkaiden hyvinvointia, yhteis\u00f6llisyytt\u00e4, vaalia kylien vetovoimaisuutta ja viihtyvyytt\u00e4.<\/p><\/blockquote>\n<p>&nbsp;<\/p>\n<p>Kyl\u00e4yhdistyksen rekister\u00f6intiprosessi saatiin loppuun 25.2.2013 ja nyt olemme virallinen rekister\u00f6ity yhdistys.<\/p>\n<p style=\"text-align: left\">\n","protected":false},"excerpt":{"rendered":"<p>Karjalaisenkyl\u00e4n ja Parjalan kyl\u00e4yhdistys ry:n perustamiskirja allekirjoitettiin 12.12.2012 Parjalan koululla. Kyl\u00e4yhdistyksen tarkoituksena on edist\u00e4\u00e4 ja kehitt\u00e4\u00e4 kyl\u00e4n asukkaiden hyvinvointia, yhteis\u00f6llisyytt\u00e4, vaalia kylien vetovoimaisuutta ja viihtyvyytt\u00e4. &nbsp; Kyl\u00e4yhdistyksen rekister\u00f6intiprosessi saatiin loppuun 25.2.2013 ja nyt olemme virallinen rekister\u00f6ity yhdistys.<\/p>\n","protected":false},"author":138,"featured_media":130,"parent":0,"menu_order":0,"comment_status":"closed","ping_status":"closed","template":"","meta":{"footnotes":""},"class_list":["post-7","page","type-page","status-publish","has-post-thumbnail","hentry"],"_links":{"self":[{"href":"https:\/\/kylat.ekarjala.fi\/karjalaisenkylaparjala\/wp-json\/wp\/v2\/pages\/7","targetHints":{"allow":["GET"]}}],"collection":[{"href":"https:\/\/kylat.ekarjala.fi\/karjalaisenkylaparjala\/wp-json\/wp\/v2\/pages"}],"about":[{"href":"https:\/\/kylat.ekarjala.fi\/karjalaisenkylaparjala\/wp-json\/wp\/v2\/types\/page"}],"author":[{"embeddable":true,"href":"https:\/\/kylat.ekarjala.fi\/karjalaisenkylaparjala\/wp-json\/wp\/v2\/users\/138"}],"replies":[{"embeddable":true,"href":"https:\/\/kylat.ekarjala.fi\/karjalaisenkylaparjala\/wp-json\/wp\/v2\/comments?post=7"}],"version-history":[{"count":6,"href":"https:\/\/kylat.ekarjala.fi\/karjalaisenkylaparjala\/wp-json\/wp\/v2\/pages\/7\/revisions"}],"predecessor-version":[{"id":46,"href":"https:\/\/kylat.ekarjala.fi\/karjalaisenkylaparjala\/wp-json\/wp\/v2\/pages\/7\/revisions\/46"}],"wp:featuredmedia":[{"embeddable":true,"href":"https:\/\/kylat.ekarjala.fi\/karjalaisenkylaparjala\/wp-json\/wp\/v2\/media\/130"}],"wp:attachment":[{"href":"https:\/\/kylat.ekarjala.fi\/karjalaisenkylaparjala\/wp-json\/wp\/v2\/media?parent=7"}],"curies":[{"name":"wp","href":"https:\/\/api.w.org\/{rel}","templated":true}]}}