{"id":9,"date":"2013-01-11T10:20:14","date_gmt":"2013-01-11T10:20:14","guid":{"rendered":"https:\/\/kylat.ekarjala.fi\/karjalaisenkylaparjala\/?page_id=9"},"modified":"2017-01-01T07:40:13","modified_gmt":"2017-01-01T07:40:13","slug":"hallitus","status":"publish","type":"page","link":"https:\/\/kylat.ekarjala.fi\/karjalaisenkylaparjala\/kylayhdistys\/hallitus\/","title":{"rendered":"Hallitus 2017"},"content":{"rendered":"<p>&nbsp;<\/p>\n<p><span class=\"Apple-style-span\" style=\"color: #444444;font-family: Georgia, 'Bitstream Charter', serif;line-height: 23px;font-size: 14px\">Puheenjohtaja:<\/span><\/p>\n<p><strong><span class=\"Apple-style-span\" style=\"color: #444444;font-family: Georgia, 'Bitstream Charter', serif;line-height: 23px;font-size: 14px\">Satu Parvinen \u00a0<\/span><\/strong><span class=\"Apple-style-span\" style=\"color: #444444;font-family: Georgia, 'Bitstream Charter', serif;line-height: 23px;font-size: 14px\">(satu.parvinen(\u00e4t)gmail.com, p. 050-3591637)<\/span><\/p>\n<p>&nbsp;<\/p>\n<p>Varapuheenjohtaja:<\/p>\n<p><strong>Juhani Kauko<\/strong><\/p>\n<p>&nbsp;<\/p>\n<p>Sihteeri:<\/p>\n<p><strong>Ninni Koponen <\/strong>(nkoponen (\u00e4t) gmail.com)<\/p>\n<p>&nbsp;<\/p>\n<p>Rahastonhoitaja:<\/p>\n<p><strong>Jarkko Ahokas<\/strong><\/p>\n<p>&nbsp;<\/p>\n<p>Muut hallituksen j\u00e4senet:<\/p>\n<p><strong><br \/>\nJesse Parvinen<\/strong><\/p>\n<p>&nbsp;<\/p>\n<p>Hallituksen varaj\u00e4sen:<\/p>\n<p><strong>Jalo Myll\u00e4rinen<\/strong><\/p>\n","protected":false},"excerpt":{"rendered":"<p>&nbsp; Puheenjohtaja: Satu Parvinen \u00a0(satu.parvinen(\u00e4t)gmail.com, p. 050-3591637) &nbsp; Varapuheenjohtaja: Juhani Kauko &nbsp; Sihteeri: Ninni Koponen (nkoponen (\u00e4t) gmail.com) &nbsp; Rahastonhoitaja: Jarkko Ahokas &nbsp; Muut hallituksen j\u00e4senet: Jesse Parvinen &nbsp; Hallituksen varaj\u00e4sen: Jalo Myll\u00e4rinen<\/p>\n","protected":false},"author":138,"featured_media":0,"parent":7,"menu_order":0,"comment_status":"closed","ping_status":"closed","template":"","meta":{"footnotes":""},"class_list":["post-9","page","type-page","status-publish","hentry"],"_links":{"self":[{"href":"https:\/\/kylat.ekarjala.fi\/karjalaisenkylaparjala\/wp-json\/wp\/v2\/pages\/9","targetHints":{"allow":["GET"]}}],"collection":[{"href":"https:\/\/kylat.ekarjala.fi\/karjalaisenkylaparjala\/wp-json\/wp\/v2\/pages"}],"about":[{"href":"https:\/\/kylat.ekarjala.fi\/karjalaisenkylaparjala\/wp-json\/wp\/v2\/types\/page"}],"author":[{"embeddable":true,"href":"https:\/\/kylat.ekarjala.fi\/karjalaisenkylaparjala\/wp-json\/wp\/v2\/users\/138"}],"replies":[{"embeddable":true,"href":"https:\/\/kylat.ekarjala.fi\/karjalaisenkylaparjala\/wp-json\/wp\/v2\/comments?post=9"}],"version-history":[{"count":9,"href":"https:\/\/kylat.ekarjala.fi\/karjalaisenkylaparjala\/wp-json\/wp\/v2\/pages\/9\/revisions"}],"predecessor-version":[{"id":295,"href":"https:\/\/kylat.ekarjala.fi\/karjalaisenkylaparjala\/wp-json\/wp\/v2\/pages\/9\/revisions\/295"}],"up":[{"embeddable":true,"href":"https:\/\/kylat.ekarjala.fi\/karjalaisenkylaparjala\/wp-json\/wp\/v2\/pages\/7"}],"wp:attachment":[{"href":"https:\/\/kylat.ekarjala.fi\/karjalaisenkylaparjala\/wp-json\/wp\/v2\/media?parent=9"}],"curies":[{"name":"wp","href":"https:\/\/api.w.org\/{rel}","templated":true}]}}