{"id":100,"date":"2011-04-13T11:59:55","date_gmt":"2011-04-13T11:59:55","guid":{"rendered":"https:\/\/kylat.ekarjala.fi\/kasukkala\/?page_id=100"},"modified":"2024-02-20T08:56:20","modified_gmt":"2024-02-20T08:56:20","slug":"kylalehdet","status":"publish","type":"page","link":"https:\/\/kylat.ekarjala.fi\/kasukkala\/kylatoimikunta-2\/kylalehdet\/","title":{"rendered":"Kyl\u00e4lehdet"},"content":{"rendered":"<p><a href=\"https:\/\/kylat.ekarjala.fi\/kasukkala\/wp-content\/uploads\/sites\/5\/2011\/04\/lehti-2015.pdf\">Kyl\u00e4lehti 2015<\/a><\/p>\n<p>Kyl\u00e4lehti 2014 ylitt\u00e4\u00e4 sallitun tiedostokoon, joten sit\u00e4 ei ollut mahdollista tallentaa kotisivulle, saatavana paperiversiona muutamia kappaleita Jukka Poralilta<\/p>\n<p>K<a href=\"https:\/\/kylat.ekarjala.fi\/kasukkala\/wp-content\/uploads\/sites\/5\/2011\/04\/Kyl\u00e4lehti-2013.pdf\">yl\u00e4lehti 2013<\/a><\/p>\n<p>K<a href=\"https:\/\/kylat.ekarjala.fi\/kasukkala\/wp-content\/uploads\/sites\/5\/2011\/04\/Uusi-kyl\u00e4lehti-2012.pdf\">yl\u00e4lehti 2012<\/a><\/p>\n<p><a href=\"https:\/\/kylat.ekarjala.fi\/kasukkala\/wp-content\/uploads\/sites\/5\/2011\/04\/Kyl\u00e4lehti.pdf\">Kyl\u00e4lehti 2011<\/a><\/p>\n<p><a href=\"https:\/\/kylat.ekarjala.fi\/kasukkala\/wp-content\/uploads\/sites\/5\/2011\/04\/kylasanomat.pdf\">Kyl\u00e4sanomat 201<\/a>0<\/p>\n<p><a href=\"https:\/\/kylat.ekarjala.fi\/kasukkala\/wp-content\/uploads\/sites\/5\/2011\/04\/Kyl\u00e4lehti-20091.pdf\">Kyl\u00e4lehti 2009<\/a><\/p>\n<p><a href=\"https:\/\/kylat.ekarjala.fi\/kasukkala\/wp-content\/uploads\/sites\/5\/2011\/04\/Kyl\u00e4lehti-2008.pdf\">Kyl\u00e4lehti 2008<\/a><\/p>\n<p><a href=\"https:\/\/kylat.ekarjala.fi\/kasukkala\/wp-content\/uploads\/sites\/5\/2011\/04\/Kyl\u00e4lehti-2007.pdf\">Kyl\u00e4lehti 2007<\/a><\/p>\n","protected":false},"excerpt":{"rendered":"<p>Kyl\u00e4lehti 2015 Kyl\u00e4lehti 2014 ylitt\u00e4\u00e4 sallitun tiedostokoon, joten sit\u00e4 ei ollut mahdollista tallentaa kotisivulle, saatavana paperiversiona muutamia kappaleita Jukka Poralilta Kyl\u00e4lehti 2013 Kyl\u00e4lehti 2012 Kyl\u00e4lehti 2011 Kyl\u00e4sanomat 2010 Kyl\u00e4lehti 2009 Kyl\u00e4lehti 2008 Kyl\u00e4lehti 2007<\/p>\n","protected":false},"author":12,"featured_media":0,"parent":79,"menu_order":7,"comment_status":"closed","ping_status":"open","template":"","meta":{"footnotes":""},"class_list":["post-100","page","type-page","status-publish","hentry"],"_links":{"self":[{"href":"https:\/\/kylat.ekarjala.fi\/kasukkala\/wp-json\/wp\/v2\/pages\/100","targetHints":{"allow":["GET"]}}],"collection":[{"href":"https:\/\/kylat.ekarjala.fi\/kasukkala\/wp-json\/wp\/v2\/pages"}],"about":[{"href":"https:\/\/kylat.ekarjala.fi\/kasukkala\/wp-json\/wp\/v2\/types\/page"}],"author":[{"embeddable":true,"href":"https:\/\/kylat.ekarjala.fi\/kasukkala\/wp-json\/wp\/v2\/users\/12"}],"replies":[{"embeddable":true,"href":"https:\/\/kylat.ekarjala.fi\/kasukkala\/wp-json\/wp\/v2\/comments?post=100"}],"version-history":[{"count":23,"href":"https:\/\/kylat.ekarjala.fi\/kasukkala\/wp-json\/wp\/v2\/pages\/100\/revisions"}],"predecessor-version":[{"id":1006,"href":"https:\/\/kylat.ekarjala.fi\/kasukkala\/wp-json\/wp\/v2\/pages\/100\/revisions\/1006"}],"up":[{"embeddable":true,"href":"https:\/\/kylat.ekarjala.fi\/kasukkala\/wp-json\/wp\/v2\/pages\/79"}],"wp:attachment":[{"href":"https:\/\/kylat.ekarjala.fi\/kasukkala\/wp-json\/wp\/v2\/media?parent=100"}],"curies":[{"name":"wp","href":"https:\/\/api.w.org\/{rel}","templated":true}]}}